{"id":6232,"date":"2026-04-24T12:03:05","date_gmt":"2026-04-24T10:03:05","guid":{"rendered":"https:\/\/www.smartswiss-systems.com\/produkt\/pulsante-ptt-wireless-modello-wptt-02\/"},"modified":"2026-04-24T12:03:05","modified_gmt":"2026-04-24T10:03:05","slug":"pulsante-ptt-wireless-modello-wptt-02","status":"publish","type":"product","link":"https:\/\/www.smartswiss-systems.com\/it\/produkt\/pulsante-ptt-wireless-modello-wptt-02\/","title":{"rendered":"Pulsante PTT wireless \u2013 Modello WPTT-02"},"content":{"rendered":"<p><strong>Pulsante PTT wireless WPTT-02 \u2013 Controllo PTT discreto e flessibile<\/strong><\/p>\n<p class=\"isSelectedEnd\">Il pulsante PTT wireless WPTT-02 \u00e8 un accessorio versatile per soluzioni di comunicazione discrete. Consente un comando PTT wireless affidabile ed \u00e8 ideale per applicazioni che richiedono discrezione, ad esempio durante operazioni sotto copertura o nell&#8217;uso mobile al volante. <\/p>\n<p class=\"isSelectedEnd\">Viene utilizzato per il comando del PTT discreto modello PTT47 (codice articolo: 5002035) con modulo wireless integrato e consente di attivare comodamente la funzione di conversazione senza dover toccare direttamente l&#8217;auricolare.<\/p>\n<p>Il modello WPTT-02 pu\u00f2 essere posizionato in modo flessibile ed \u00e8 facile da usare. L&#8217;accoppiamento avviene in modo semplice. Grazie al grado di protezione IP67, \u00e8 inoltre resistente alla polvere e all&#8217;acqua. L&#8217;elevata affidabilit\u00e0 e la massima libert\u00e0 di movimento lo rende la soluzione ideale per gli utenti professionali.   <\/p>\n","protected":false},"excerpt":{"rendered":"<p>Pulsante PTT wireless WPTT-02 \u2013 Controllo PTT discreto e flessibile Il pulsante PTT wireless WPTT-02 \u00e8 un accessorio versatile per soluzioni di comunicazione discrete. Consente un comando PTT wireless affidabile ed \u00e8 ideale per applicazioni che richiedono discrezione, ad esempio durante operazioni sotto copertura o nell&#8217;uso mobile al volante. Viene utilizzato per il comando del [&hellip;]<\/p>\n","protected":false},"featured_media":6231,"comment_status":"closed","ping_status":"closed","template":"","meta":[],"product_brand":[],"product_cat":[199,344,196,458,343,197],"product_tag":[],"display-location":[],"class_list":{"0":"post-6232","1":"product","2":"type-product","3":"status-publish","4":"has-post-thumbnail","6":"product_cat-accessori-radio","7":"product_cat-cuffie","8":"product_cat-polycom","9":"product_cat-ptt-discreti-wireless","11":"product_cat-tph900","13":"first","14":"instock","15":"taxable","16":"shipping-taxable","17":"purchasable","18":"product-type-simple"},"tiered_pricing_type":"fixed","tiered_pricing_fixed_rules":[],"tiered_pricing_product_settings":{"layout":"default","base_unit_name":{"singular":null,"plural":null},"default_variation":null},"tiered_pricing_minimum_quantity":null,"tiered_pricing_roles_data":[],"tiered_pricing_percentage_rules":[],"_links":{"self":[{"href":"https:\/\/www.smartswiss-systems.com\/it\/wp-json\/wp\/v2\/product\/6232","targetHints":{"allow":["GET"]}}],"collection":[{"href":"https:\/\/www.smartswiss-systems.com\/it\/wp-json\/wp\/v2\/product"}],"about":[{"href":"https:\/\/www.smartswiss-systems.com\/it\/wp-json\/wp\/v2\/types\/product"}],"replies":[{"embeddable":true,"href":"https:\/\/www.smartswiss-systems.com\/it\/wp-json\/wp\/v2\/comments?post=6232"}],"wp:featuredmedia":[{"embeddable":true,"href":"https:\/\/www.smartswiss-systems.com\/it\/wp-json\/wp\/v2\/media\/6231"}],"wp:attachment":[{"href":"https:\/\/www.smartswiss-systems.com\/it\/wp-json\/wp\/v2\/media?parent=6232"}],"wp:term":[{"taxonomy":"product_brand","embeddable":true,"href":"https:\/\/www.smartswiss-systems.com\/it\/wp-json\/wp\/v2\/product_brand?post=6232"},{"taxonomy":"product_cat","embeddable":true,"href":"https:\/\/www.smartswiss-systems.com\/it\/wp-json\/wp\/v2\/product_cat?post=6232"},{"taxonomy":"product_tag","embeddable":true,"href":"https:\/\/www.smartswiss-systems.com\/it\/wp-json\/wp\/v2\/product_tag?post=6232"},{"taxonomy":"display-location","embeddable":true,"href":"https:\/\/www.smartswiss-systems.com\/it\/wp-json\/wp\/v2\/display-location?post=6232"}],"curies":[{"name":"wp","href":"https:\/\/api.w.org\/{rel}","templated":true}]}}