{"id":6156,"date":"2026-04-01T11:59:06","date_gmt":"2026-04-01T09:59:06","guid":{"rendered":"https:\/\/www.smartswiss-systems.com\/produkt\/batteria-radio-per-polycom-tph900\/"},"modified":"2026-04-01T11:59:06","modified_gmt":"2026-04-01T09:59:06","slug":"batteria-radio-per-polycom-tph900","status":"publish","type":"product","link":"https:\/\/www.smartswiss-systems.com\/it\/produkt\/batteria-radio-per-polycom-tph900\/","title":{"rendered":"Batteria radio per Polycom TPH900"},"content":{"rendered":"<p data-start=\"104\" data-end=\"183\"><strong data-start=\"104\" data-end=\"183\">Batteria di ricambio per Polycom TPH900 \u2013 Potente, affidabile e pronta all\u2019uso<\/strong><\/p>\n<p data-start=\"185\" data-end=\"531\">La nostra batteria di ricambio Li-ion per la radio portatile Polycom TPH900 \u00e8 stata progettata appositamente per soddisfare le elevate esigenze delle organizzazioni di sicurezza e dei servizi di emergenza (BORS). Proviene da un produttore secondario esperto e si distingue per le sue elevate prestazioni, l\u2019alta affidabilit\u00e0 e la compatibilit\u00e0 ottimale \u2013 ideale per un uso professionale continuativo. <\/p>\n<p data-start=\"533\" data-end=\"840\">La radio TPH900, modello attuale, \u00e8 ampiamente utilizzato da polizia, vigili del fuoco e altre autorit\u00e0. Una fornitura di energia affidabile \u00e8 quindi essenziale. Con questa batteria di ricambio, garantite che i vostri dispositivi siano sempre pronti all\u2019uso \u2013 anche in condizioni difficili.  <\/p>\n","protected":false},"excerpt":{"rendered":"<p>Batteria di ricambio per Polycom TPH900 \u2013 Potente, affidabile e pronta all\u2019uso La nostra batteria di ricambio Li-ion per la radio portatile Polycom TPH900 \u00e8 stata progettata appositamente per soddisfare le elevate esigenze delle organizzazioni di sicurezza e dei servizi di emergenza (BORS). Proviene da un produttore secondario esperto e si distingue per le sue [&hellip;]<\/p>\n","protected":false},"featured_media":4014,"comment_status":"closed","ping_status":"closed","template":"","meta":[],"product_brand":[],"product_cat":[199,473,602,353,196,197],"product_tag":[],"display-location":[],"class_list":{"0":"post-6156","1":"product","2":"type-product","3":"status-publish","4":"has-post-thumbnail","6":"product_cat-accessori-radio","7":"product_cat-batterie-radio","9":"product_cat-polycom-2","10":"product_cat-polycom","11":"product_cat-tph900","13":"first","14":"instock","15":"taxable","16":"shipping-taxable","17":"purchasable","18":"product-type-simple"},"tiered_pricing_type":"fixed","tiered_pricing_fixed_rules":{"10":59.86,"30":55,"50":50.15},"tiered_pricing_product_settings":{"layout":"default","base_unit_name":{"singular":null,"plural":null},"default_variation":null},"tiered_pricing_minimum_quantity":null,"tiered_pricing_roles_data":[],"tiered_pricing_percentage_rules":[],"_links":{"self":[{"href":"https:\/\/www.smartswiss-systems.com\/it\/wp-json\/wp\/v2\/product\/6156","targetHints":{"allow":["GET"]}}],"collection":[{"href":"https:\/\/www.smartswiss-systems.com\/it\/wp-json\/wp\/v2\/product"}],"about":[{"href":"https:\/\/www.smartswiss-systems.com\/it\/wp-json\/wp\/v2\/types\/product"}],"replies":[{"embeddable":true,"href":"https:\/\/www.smartswiss-systems.com\/it\/wp-json\/wp\/v2\/comments?post=6156"}],"wp:featuredmedia":[{"embeddable":true,"href":"https:\/\/www.smartswiss-systems.com\/it\/wp-json\/wp\/v2\/media\/4014"}],"wp:attachment":[{"href":"https:\/\/www.smartswiss-systems.com\/it\/wp-json\/wp\/v2\/media?parent=6156"}],"wp:term":[{"taxonomy":"product_brand","embeddable":true,"href":"https:\/\/www.smartswiss-systems.com\/it\/wp-json\/wp\/v2\/product_brand?post=6156"},{"taxonomy":"product_cat","embeddable":true,"href":"https:\/\/www.smartswiss-systems.com\/it\/wp-json\/wp\/v2\/product_cat?post=6156"},{"taxonomy":"product_tag","embeddable":true,"href":"https:\/\/www.smartswiss-systems.com\/it\/wp-json\/wp\/v2\/product_tag?post=6156"},{"taxonomy":"display-location","embeddable":true,"href":"https:\/\/www.smartswiss-systems.com\/it\/wp-json\/wp\/v2\/display-location?post=6156"}],"curies":[{"name":"wp","href":"https:\/\/api.w.org\/{rel}","templated":true}]}}