{"id":6111,"date":"2026-03-10T14:35:46","date_gmt":"2026-03-10T13:35:46","guid":{"rendered":"https:\/\/www.smartswiss-systems.com\/produkt\/set-di-comunicazione-da-casco-titan-motokit-compatibile-con-il-casco-moto-shoei-neotec-iii\/"},"modified":"2026-03-14T12:14:45","modified_gmt":"2026-03-14T11:14:45","slug":"set-di-comunicazione-da-casco-titan-motokit-compatibile-con-il-casco-moto-shoei-neotec-iii","status":"publish","type":"product","link":"https:\/\/www.smartswiss-systems.com\/it\/produkt\/set-di-comunicazione-da-casco-titan-motokit-compatibile-con-il-casco-moto-shoei-neotec-iii\/","title":{"rendered":"Set di comunicazione da casco TITAN Motokit \u2013 SHOEI Neotec III"},"content":{"rendered":"<p data-section-id=\"asgo1f\" data-start=\"170\" data-end=\"223\"><strong>Sistemi di comunicazione integrati per caschi da moto della polizia<\/strong><\/p>\n<p data-start=\"225\" data-end=\"601\">I nostri sistemi di comunicazione integrati per caschi sono stati appositamente sviluppati per l\u2019uso nei caschi da moto della polizia e sono progettati per garantire una trasmissione vocale chiara in condizioni operative impegnative. Una qualit\u00e0 audio affidabile \u00e8 particolarmente essenziale ad alte velocit\u00e0, con forte vento e rumori ambientali, per una comunicazione sicura. <\/p>\n<p data-start=\"603\" data-end=\"903\">Sono disponibili kit di installazione specifici e su misura per caschi da moto dei principali produttori, come Shoei, BMW, Schuberth e Nolan. Altri modelli di casco possono essere presi in considerazione su richiesta. I componenti sono progettati per integrarsi con precisione nei rispettivi modelli di casco.  <\/p>\n<p data-start=\"905\" data-end=\"1222\">I set sono composti da due altoparlanti ad alte prestazioni e da un microfono a collo d\u2019oca con compensazione del rumore, che consente una trasmissione vocale chiara e comprensibile anche in presenza di forte vento e rumori ambientali. Tutti i componenti sono progettati per l\u2019uso professionale nei servizi di polizia. <\/p>\n<p data-start=\"1663\" data-end=\"1867\">Al casco \u00e8 collegato un cavo a spirale con connettore Nexus. La configurazione dei pin segue lo standard Peltor raccomandato (-02) e garantisce la compatibilit\u00e0 con i sistemi di comunicazione corrispondenti. <\/p>\n<p data-start=\"1869\" data-end=\"2003\">Per qualsiasi domanda o richiesta particolare, siamo a vostra completa disposizione. <strong data-start=\"1948\" data-end=\"2003\">Contattateci \u2013 saremo lieti di consigliarvi.<\/strong><\/p>\n<p>&nbsp;<\/p>\n","protected":false},"excerpt":{"rendered":"<p>Sistemi di comunicazione integrati per caschi da moto della polizia I nostri sistemi di comunicazione integrati per caschi sono stati appositamente sviluppati per l\u2019uso nei caschi da moto della polizia e sono progettati per garantire una trasmissione vocale chiara in condizioni operative impegnative. Una qualit\u00e0 audio affidabile \u00e8 particolarmente essenziale ad alte velocit\u00e0, con forte [&hellip;]<\/p>\n","protected":false},"featured_media":6152,"comment_status":"closed","ping_status":"closed","template":"","meta":[],"product_brand":[],"product_cat":[196,599,197],"product_tag":[],"display-location":[],"class_list":{"0":"post-6111","1":"product","2":"type-product","3":"status-publish","4":"has-post-thumbnail","6":"product_cat-polycom","7":"product_cat-sistemi-di-comunicazione-integrati-nei-caschi","8":"product_cat-tph900","10":"first","11":"instock","12":"taxable","13":"shipping-taxable","14":"purchasable","15":"product-type-simple"},"tiered_pricing_type":"fixed","tiered_pricing_fixed_rules":[],"tiered_pricing_product_settings":{"layout":"default","base_unit_name":{"singular":null,"plural":null},"default_variation":null},"tiered_pricing_minimum_quantity":null,"tiered_pricing_roles_data":[],"tiered_pricing_percentage_rules":[],"_links":{"self":[{"href":"https:\/\/www.smartswiss-systems.com\/it\/wp-json\/wp\/v2\/product\/6111","targetHints":{"allow":["GET"]}}],"collection":[{"href":"https:\/\/www.smartswiss-systems.com\/it\/wp-json\/wp\/v2\/product"}],"about":[{"href":"https:\/\/www.smartswiss-systems.com\/it\/wp-json\/wp\/v2\/types\/product"}],"replies":[{"embeddable":true,"href":"https:\/\/www.smartswiss-systems.com\/it\/wp-json\/wp\/v2\/comments?post=6111"}],"wp:featuredmedia":[{"embeddable":true,"href":"https:\/\/www.smartswiss-systems.com\/it\/wp-json\/wp\/v2\/media\/6152"}],"wp:attachment":[{"href":"https:\/\/www.smartswiss-systems.com\/it\/wp-json\/wp\/v2\/media?parent=6111"}],"wp:term":[{"taxonomy":"product_brand","embeddable":true,"href":"https:\/\/www.smartswiss-systems.com\/it\/wp-json\/wp\/v2\/product_brand?post=6111"},{"taxonomy":"product_cat","embeddable":true,"href":"https:\/\/www.smartswiss-systems.com\/it\/wp-json\/wp\/v2\/product_cat?post=6111"},{"taxonomy":"product_tag","embeddable":true,"href":"https:\/\/www.smartswiss-systems.com\/it\/wp-json\/wp\/v2\/product_tag?post=6111"},{"taxonomy":"display-location","embeddable":true,"href":"https:\/\/www.smartswiss-systems.com\/it\/wp-json\/wp\/v2\/display-location?post=6111"}],"curies":[{"name":"wp","href":"https:\/\/api.w.org\/{rel}","templated":true}]}}