{"id":5121,"date":"2025-11-22T11:01:30","date_gmt":"2025-11-22T10:01:30","guid":{"rendered":"https:\/\/www.smartswiss-systems.com\/produkt\/dtc-blusdr-90-ul-modulo-radio-ultraleggero-da-10w\/"},"modified":"2025-12-03T13:27:58","modified_gmt":"2025-12-03T12:27:58","slug":"dtc-blusdr-90-ul-modulo-radio-ultraleggero-da-10w","status":"publish","type":"product","link":"https:\/\/www.smartswiss-systems.com\/it\/produkt\/dtc-blusdr-90-ul-modulo-radio-ultraleggero-da-10w\/","title":{"rendered":"DTC \u2013 BluSDR-90-UL Modulo Radio Ultraleggero da 10W"},"content":{"rendered":"<p data-start=\"120\" data-end=\"684\"><strong>BluSDR-90-UL \u2013 Modulo SDR ultraleggero da 10W per comunicazioni a lungo raggio ad alte prestazioni<\/strong><\/p>\n<p data-start=\"120\" data-end=\"684\">Il <strong data-start=\"124\" data-end=\"140\">BluSDR-90-UL<\/strong> di DTC (una societ\u00e0 Codan) \u00e8 un modulo radio SDR ultraleggero e potente da 10 W, progettato per compiti di comunicazione esigenti su piattaforme aeree, terrestri e marittime. Con un peso di soli 210 grammi e dimensioni molto compatte, offre una combinazione eccezionale di elevata portata, alta velocit\u00e0 di trasmissione dati e un ingombro SWaP ridotto. Il modulo consente collegamenti radio stabili oltre 150 chilometri e supporta velocit\u00e0 di trasmissione dati fino a 87 Mbit\/s, ideale per dati video, telemetrici e di controllo.<\/p>\n<p data-start=\"686\" data-end=\"1301\">Grazie alla moderna waveform MeshUltra\u2122, il BluSDR-90-UL si integra perfettamente in reti MANET robuste e auto-riparanti con un massimo di 144 nodi. La crittografia AES-128\/256, disponibile opzionalmente, garantisce una trasmissione dati sicura in scenari operativi sensibili. L&#8217;alimentazione flessibile da 10 a 32 Volt e un&#8217;ampia selezione di interfacce \u2013 tra cui USB, Ethernet tramite RNDIS, dati seriali e GPIO \u2013 facilitano l&#8217;integrazione nelle pi\u00f9 diverse architetture di sistema. A ci\u00f2 si aggiungono una memoria integrata da 64 GB e la possibilit\u00e0 di accoppiare pi\u00f9 moduli in modalit\u00e0 Interlink.   <\/p>\n<p data-start=\"1303\" data-end=\"1508\">Il BluSDR-90-UL offre quindi una soluzione convincente per sistemi di comunicazione moderni, affidabili e scalabili, specialmente dove il peso ridotto e le alte prestazioni sono cruciali.<\/p>\n","protected":false},"excerpt":{"rendered":"<p>BluSDR-90-UL \u2013 Modulo SDR ultraleggero da 10W per comunicazioni a lungo raggio ad alte prestazioni Il BluSDR-90-UL di DTC (una societ\u00e0 Codan) \u00e8 un modulo radio SDR ultraleggero e potente da 10 W, progettato per compiti di comunicazione esigenti su piattaforme aeree, terrestri e marittime. Con un peso di soli 210 grammi e dimensioni molto [&hellip;]<\/p>\n","protected":false},"featured_media":5122,"comment_status":"closed","ping_status":"closed","template":"","meta":[],"product_brand":[],"product_cat":[537,536,535],"product_tag":[],"display-location":[158],"class_list":{"0":"post-5121","1":"product","2":"type-product","3":"status-publish","4":"has-post-thumbnail","6":"product_cat-blusdr","7":"product_cat-dtc","8":"product_cat-sistemi-radio-ip-mesh","9":"display-location-top-products","11":"first","12":"instock","13":"taxable","14":"shipping-taxable","15":"product-type-simple"},"tiered_pricing_type":"fixed","tiered_pricing_fixed_rules":[],"tiered_pricing_product_settings":{"layout":"default","base_unit_name":{"singular":null,"plural":null},"default_variation":null},"tiered_pricing_minimum_quantity":null,"tiered_pricing_roles_data":[],"tiered_pricing_percentage_rules":[],"_links":{"self":[{"href":"https:\/\/www.smartswiss-systems.com\/it\/wp-json\/wp\/v2\/product\/5121","targetHints":{"allow":["GET"]}}],"collection":[{"href":"https:\/\/www.smartswiss-systems.com\/it\/wp-json\/wp\/v2\/product"}],"about":[{"href":"https:\/\/www.smartswiss-systems.com\/it\/wp-json\/wp\/v2\/types\/product"}],"replies":[{"embeddable":true,"href":"https:\/\/www.smartswiss-systems.com\/it\/wp-json\/wp\/v2\/comments?post=5121"}],"wp:featuredmedia":[{"embeddable":true,"href":"https:\/\/www.smartswiss-systems.com\/it\/wp-json\/wp\/v2\/media\/5122"}],"wp:attachment":[{"href":"https:\/\/www.smartswiss-systems.com\/it\/wp-json\/wp\/v2\/media?parent=5121"}],"wp:term":[{"taxonomy":"product_brand","embeddable":true,"href":"https:\/\/www.smartswiss-systems.com\/it\/wp-json\/wp\/v2\/product_brand?post=5121"},{"taxonomy":"product_cat","embeddable":true,"href":"https:\/\/www.smartswiss-systems.com\/it\/wp-json\/wp\/v2\/product_cat?post=5121"},{"taxonomy":"product_tag","embeddable":true,"href":"https:\/\/www.smartswiss-systems.com\/it\/wp-json\/wp\/v2\/product_tag?post=5121"},{"taxonomy":"display-location","embeddable":true,"href":"https:\/\/www.smartswiss-systems.com\/it\/wp-json\/wp\/v2\/display-location?post=5121"}],"curies":[{"name":"wp","href":"https:\/\/api.w.org\/{rel}","templated":true}]}}