{"id":5115,"date":"2025-11-19T20:04:18","date_gmt":"2025-11-19T19:04:18","guid":{"rendered":"https:\/\/www.smartswiss-systems.com\/produkt\/dtc-radio-personale-sentry-mesh-6161\/"},"modified":"2025-12-03T13:29:13","modified_gmt":"2025-12-03T12:29:13","slug":"dtc-radio-personale-sentry-mesh-6161","status":"publish","type":"product","link":"https:\/\/www.smartswiss-systems.com\/it\/produkt\/dtc-radio-personale-sentry-mesh-6161\/","title":{"rendered":"DTC \u2013 Radio personale Sentry Mesh 6161"},"content":{"rendered":"<p data-start=\"292\" data-end=\"705\">Il <strong data-start=\"296\" data-end=\"316\">Sentry Mesh 6161<\/strong> di DTC, una societ\u00e0 Codan, \u00e8 un&#8217;unit\u00e0 radio tattica software-defined ad alte prestazioni, progettata specificamente per operazioni impegnative. Combina robuste forme d&#8217;onda radio MANET-Mesh con hardware all&#8217;avanguardia per garantire comunicazioni vocali e dati a bassa latenza e alta affidabilit\u00e0, anche in ambienti fortemente disturbati.<\/p>\n<p data-start=\"707\" data-end=\"1098\">Nonostante le sue prestazioni, il dispositivo rimane sorprendentemente compatto e leggero (circa 410 g), in modo da poter essere trasportato comodamente e integrato facilmente nell&#8217;equipaggiamento tattico. Il concetto operativo user-friendly con manopola rotante, tasti funzione laterali e un indicatore LED ben leggibile consente un controllo intuitivo, anche sotto stress o in situazioni critiche. <\/p>\n<p data-start=\"1100\" data-end=\"1507\">Grazie alla tecnologia \u201cMeshUltra\u2122\u201d con token-passing, la larghezza di banda disponibile viene utilizzata in modo ottimale, le collisioni sono evitate e viene garantita una latenza dei pacchetti prevedibile. La funzione GPS integrata fornisce dati di posizione essenziali per il Blue-Force Tracking. Inoltre, i canali voce e dati possono essere utilizzati contemporaneamente: \u00e8 possibile utilizzare pi\u00f9 gruppi di conversazione (fino a 32) in parallelo sulla stessa rete.  <\/p>\n<p data-start=\"1509\" data-end=\"1971\">La Sentry Mesh 6161 supporta velocit\u00e0 dati IP elevate (fino a 87 Mbit\/s), rendendola ideale per dati di sensori, streaming video o altre applicazioni ad alta intensit\u00e0 di dati. Per comunicazioni particolarmente sicure, sono disponibili modalit\u00e0 di crittografia opzionali (AES-256 o DES-56). Inoltre, il dispositivo \u00e8 conforme agli standard militari (MIL-STD-810H, MIL-STD-461G) ed \u00e8 protetto contro gli agenti ambientali secondo IP68 \u2013 ovvero: abbastanza robusto per l&#8217;uso intensivo sul campo.  <\/p>\n<p data-start=\"1973\" data-end=\"2197\">La costruzione modulare consente l&#8217;integrazione con vari accessori (batterie, sistemi audio, antenne, ecc.) e rende la Sentry Mesh 6161 una soluzione scalabile e a prova di futuro per le moderne operazioni di rete.<\/p>\n","protected":false},"excerpt":{"rendered":"<p>Il Sentry Mesh 6161 di DTC, una societ\u00e0 Codan, \u00e8 un&#8217;unit\u00e0 radio tattica software-defined ad alte prestazioni, progettata specificamente per operazioni impegnative. Combina robuste forme d&#8217;onda radio MANET-Mesh con hardware all&#8217;avanguardia per garantire comunicazioni vocali e dati a bassa latenza e alta affidabilit\u00e0, anche in ambienti fortemente disturbati. Nonostante le sue prestazioni, il dispositivo rimane [&hellip;]<\/p>\n","protected":false},"featured_media":5966,"comment_status":"closed","ping_status":"closed","template":"","meta":[],"product_brand":[],"product_cat":[536,563,535],"product_tag":[],"display-location":[158],"class_list":{"0":"post-5115","1":"product","2":"type-product","3":"status-publish","4":"has-post-thumbnail","6":"product_cat-dtc","7":"product_cat-sentry-mesh-6161","8":"product_cat-sistemi-radio-ip-mesh","9":"display-location-top-products","11":"first","12":"instock","13":"taxable","14":"shipping-taxable","15":"product-type-simple"},"tiered_pricing_type":"fixed","tiered_pricing_fixed_rules":[],"tiered_pricing_product_settings":{"layout":"default","base_unit_name":{"singular":null,"plural":null},"default_variation":null},"tiered_pricing_minimum_quantity":null,"tiered_pricing_roles_data":[],"tiered_pricing_percentage_rules":[],"_links":{"self":[{"href":"https:\/\/www.smartswiss-systems.com\/it\/wp-json\/wp\/v2\/product\/5115","targetHints":{"allow":["GET"]}}],"collection":[{"href":"https:\/\/www.smartswiss-systems.com\/it\/wp-json\/wp\/v2\/product"}],"about":[{"href":"https:\/\/www.smartswiss-systems.com\/it\/wp-json\/wp\/v2\/types\/product"}],"replies":[{"embeddable":true,"href":"https:\/\/www.smartswiss-systems.com\/it\/wp-json\/wp\/v2\/comments?post=5115"}],"wp:featuredmedia":[{"embeddable":true,"href":"https:\/\/www.smartswiss-systems.com\/it\/wp-json\/wp\/v2\/media\/5966"}],"wp:attachment":[{"href":"https:\/\/www.smartswiss-systems.com\/it\/wp-json\/wp\/v2\/media?parent=5115"}],"wp:term":[{"taxonomy":"product_brand","embeddable":true,"href":"https:\/\/www.smartswiss-systems.com\/it\/wp-json\/wp\/v2\/product_brand?post=5115"},{"taxonomy":"product_cat","embeddable":true,"href":"https:\/\/www.smartswiss-systems.com\/it\/wp-json\/wp\/v2\/product_cat?post=5115"},{"taxonomy":"product_tag","embeddable":true,"href":"https:\/\/www.smartswiss-systems.com\/it\/wp-json\/wp\/v2\/product_tag?post=5115"},{"taxonomy":"display-location","embeddable":true,"href":"https:\/\/www.smartswiss-systems.com\/it\/wp-json\/wp\/v2\/display-location?post=5115"}],"curies":[{"name":"wp","href":"https:\/\/api.w.org\/{rel}","templated":true}]}}