{"id":5082,"date":"2025-10-15T13:18:00","date_gmt":"2025-10-15T11:18:00","guid":{"rendered":"https:\/\/www.smartswiss-systems.com\/produkt\/mohoc-2-telecamera-tattica-video-usb-uvc-connettore-glenair-807-verde\/"},"modified":"2025-12-03T13:29:45","modified_gmt":"2025-12-03T12:29:45","slug":"mohoc-2-telecamera-tattica-video-usb-uvc-connettore-glenair-807-verde","status":"publish","type":"product","link":"https:\/\/www.smartswiss-systems.com\/it\/produkt\/mohoc-2-telecamera-tattica-video-usb-uvc-connettore-glenair-807-verde\/","title":{"rendered":"MOHOC\u00ae 2 Telecamera tattica \u2013 Video USB\/UVC \u2013 Connettore Glenair 807 \u2013 verde"},"content":{"rendered":"<p><strong>MOHOC 2 Telecamera tattica \u2013 Video USB\/UVC con Glenair 807 \u2013 Verde<\/strong><\/p>\n<p>La telecamera tattica MOHOC 2 \u2013 Video USB\/UVC con connettore Glenair 807 \u00e8 la soluzione robusta per applicazioni video ad alte prestazioni, specificamente progettata per impieghi tattici in ambienti sensibili alla sicurezza. Dotata di un connettore MIL-Spec Glenair 807 a 6 poli sul retro della telecamera, consente un collegamento diretto a hub di alimentazione e dati compatibili, specialmente in sistemi operativi complessi. <\/p>\n<p>Questa variante combina la collaudata funzione USB-UVC Plug-and-Play con un&#8217;affidabilit\u00e0 estremamente elevata grazie al collegamento professionale invece del cavo USB standard. La telecamera offre video Full-HD (1080p) ed \u00e8 ottimizzata per condizioni di scarsa illuminazione. L&#8217;alloggiamento \u00e8 protetto secondo IP68, resistente alle cadute fino a 2 m ed \u00e8 disponibile nei colori tattici nero, TAN o verde, in tinta con la tua attrezzatura.  <\/p>\n<p>La telecamera \u00e8 controllata tramite un unico pulsante con feedback a vibrazione, ideale per l&#8217;uso con i guanti o in condizioni di stress. L&#8217;alimentazione pu\u00f2 avvenire tramite la batteria interna agli ioni di litio o, in alternativa, tramite batterie CR123A, per la massima flessibilit\u00e0 nell&#8217;uso sul campo. <\/p>\n","protected":false},"excerpt":{"rendered":"<p>MOHOC 2 Telecamera tattica \u2013 Video USB\/UVC con Glenair 807 \u2013 Verde La telecamera tattica MOHOC 2 \u2013 Video USB\/UVC con connettore Glenair 807 \u00e8 la soluzione robusta per applicazioni video ad alte prestazioni, specificamente progettata per impieghi tattici in ambienti sensibili alla sicurezza. Dotata di un connettore MIL-Spec Glenair 807 a 6 poli sul [&hellip;]<\/p>\n","protected":false},"featured_media":5084,"comment_status":"closed","ping_status":"closed","template":"","meta":[],"product_brand":[],"product_cat":[508,510,507],"product_tag":[],"display-location":[156],"class_list":{"0":"post-5082","1":"product","2":"type-product","3":"status-publish","4":"has-post-thumbnail","6":"product_cat-mohoc","7":"product_cat-mohoc-2","8":"product_cat-telecamere-tattiche","9":"display-location-new","11":"first","12":"instock","13":"taxable","14":"shipping-taxable","15":"product-type-simple"},"tiered_pricing_type":"fixed","tiered_pricing_fixed_rules":[],"tiered_pricing_product_settings":{"layout":"default","base_unit_name":{"singular":null,"plural":null},"default_variation":null},"tiered_pricing_minimum_quantity":null,"tiered_pricing_roles_data":[],"tiered_pricing_percentage_rules":[],"_links":{"self":[{"href":"https:\/\/www.smartswiss-systems.com\/it\/wp-json\/wp\/v2\/product\/5082","targetHints":{"allow":["GET"]}}],"collection":[{"href":"https:\/\/www.smartswiss-systems.com\/it\/wp-json\/wp\/v2\/product"}],"about":[{"href":"https:\/\/www.smartswiss-systems.com\/it\/wp-json\/wp\/v2\/types\/product"}],"replies":[{"embeddable":true,"href":"https:\/\/www.smartswiss-systems.com\/it\/wp-json\/wp\/v2\/comments?post=5082"}],"wp:featuredmedia":[{"embeddable":true,"href":"https:\/\/www.smartswiss-systems.com\/it\/wp-json\/wp\/v2\/media\/5084"}],"wp:attachment":[{"href":"https:\/\/www.smartswiss-systems.com\/it\/wp-json\/wp\/v2\/media?parent=5082"}],"wp:term":[{"taxonomy":"product_brand","embeddable":true,"href":"https:\/\/www.smartswiss-systems.com\/it\/wp-json\/wp\/v2\/product_brand?post=5082"},{"taxonomy":"product_cat","embeddable":true,"href":"https:\/\/www.smartswiss-systems.com\/it\/wp-json\/wp\/v2\/product_cat?post=5082"},{"taxonomy":"product_tag","embeddable":true,"href":"https:\/\/www.smartswiss-systems.com\/it\/wp-json\/wp\/v2\/product_tag?post=5082"},{"taxonomy":"display-location","embeddable":true,"href":"https:\/\/www.smartswiss-systems.com\/it\/wp-json\/wp\/v2\/display-location?post=5082"}],"curies":[{"name":"wp","href":"https:\/\/api.w.org\/{rel}","templated":true}]}}