{"id":4977,"date":"2025-10-06T15:19:51","date_gmt":"2025-10-06T13:19:51","guid":{"rendered":"https:\/\/www.smartswiss-systems.com\/produkt\/microfono-laringofono-d-shape-gommato-savox-01\/"},"modified":"2025-12-03T13:39:45","modified_gmt":"2025-12-03T12:39:45","slug":"microfono-laringofono-d-shape-gommato-savox-01","status":"publish","type":"product","link":"https:\/\/www.smartswiss-systems.com\/it\/produkt\/microfono-laringofono-d-shape-gommato-savox-01\/","title":{"rendered":"Microfono laringofono \u2013 D-Shape gommato \u2013 Savox (01)"},"content":{"rendered":"<p><strong>Microfono laringofono \u2013 Auricolare a D con forma gommata particolarmente sottile<\/strong><\/p>\n<p>Questo microfono laringofono con auricolare gommato a D \u00e8 stato originariamente sviluppato da TITAN per applicazioni militari ed \u00e8 oggi utilizzato anche da polizia, vigili del fuoco e altre organizzazioni rilevanti per la sicurezza. La forma a D particolarmente sottile e gommata dell&#8217;auricolare garantisce una tenuta sicura e confortevole, anche sotto caschi o altre attrezzature protettive. L&#8217;auricolare \u00e8 stato progettato per essere indossato a lungo e per offrire il massimo comfort anche durante interventi intensi.  <\/p>\n<p>Dotato di un nuovo altoparlante ad alte prestazioni, l&#8217;auricolare offre una riproduzione chiara e priva di distorsioni, anche in ambienti rumorosi. L&#8217;altoparlante \u00e8 posizionabile in modo flessibile e pu\u00f2 essere ruotato verso l&#8217;alto o verso il basso per un adattamento ottimale al modo in cui viene indossato. <\/p>\n<p>Grazie al componente auricolare gommato, il microfono laringofono \u00e8 ideale per l&#8217;uso professionale in ambienti rilevanti per la sicurezza. \u00c8 leggero, funzionale e affidabile, per l&#8217;uso quotidiano in diverse condizioni operative. <\/p>\n<p>Il microfono laringofono \u00e8 dotato di un connettore Nexus e pu\u00f2 essere collegato direttamente a monofoni o altre unit\u00e0 di comunicazione. Il microfono laringofono \u00e8 disponibile con due piedinature comuni sul connettore Nexus: Savox (01) e Peltor (02). Ulteriori piedinature sono disponibili su richiesta.  <\/p>\n<p>Una soluzione affidabile per l&#8217;uso professionale, anche in condizioni difficili.<\/p>\n","protected":false},"excerpt":{"rendered":"<p>Microfono laringofono \u2013 Auricolare a D con forma gommata particolarmente sottile Questo microfono laringofono con auricolare gommato a D \u00e8 stato originariamente sviluppato da TITAN per applicazioni militari ed \u00e8 oggi utilizzato anche da polizia, vigili del fuoco e altre organizzazioni rilevanti per la sicurezza. La forma a D particolarmente sottile e gommata dell&#8217;auricolare garantisce [&hellip;]<\/p>\n","protected":false},"featured_media":4014,"comment_status":"closed","ping_status":"closed","template":"","meta":[],"product_brand":[],"product_cat":[199,374,461],"product_tag":[],"display-location":[],"class_list":{"0":"post-4977","1":"product","2":"type-product","3":"status-publish","4":"has-post-thumbnail","6":"product_cat-accessori-radio","7":"product_cat-cuffie","8":"product_cat-microfoni-laringofoni","10":"first","11":"instock","12":"taxable","13":"shipping-taxable","14":"purchasable","15":"product-type-simple"},"tiered_pricing_type":"fixed","tiered_pricing_fixed_rules":[],"tiered_pricing_product_settings":{"layout":"default","base_unit_name":{"singular":null,"plural":null},"default_variation":null},"tiered_pricing_minimum_quantity":null,"tiered_pricing_roles_data":[],"tiered_pricing_percentage_rules":[],"_links":{"self":[{"href":"https:\/\/www.smartswiss-systems.com\/it\/wp-json\/wp\/v2\/product\/4977","targetHints":{"allow":["GET"]}}],"collection":[{"href":"https:\/\/www.smartswiss-systems.com\/it\/wp-json\/wp\/v2\/product"}],"about":[{"href":"https:\/\/www.smartswiss-systems.com\/it\/wp-json\/wp\/v2\/types\/product"}],"replies":[{"embeddable":true,"href":"https:\/\/www.smartswiss-systems.com\/it\/wp-json\/wp\/v2\/comments?post=4977"}],"wp:featuredmedia":[{"embeddable":true,"href":"https:\/\/www.smartswiss-systems.com\/it\/wp-json\/wp\/v2\/media\/4014"}],"wp:attachment":[{"href":"https:\/\/www.smartswiss-systems.com\/it\/wp-json\/wp\/v2\/media?parent=4977"}],"wp:term":[{"taxonomy":"product_brand","embeddable":true,"href":"https:\/\/www.smartswiss-systems.com\/it\/wp-json\/wp\/v2\/product_brand?post=4977"},{"taxonomy":"product_cat","embeddable":true,"href":"https:\/\/www.smartswiss-systems.com\/it\/wp-json\/wp\/v2\/product_cat?post=4977"},{"taxonomy":"product_tag","embeddable":true,"href":"https:\/\/www.smartswiss-systems.com\/it\/wp-json\/wp\/v2\/product_tag?post=4977"},{"taxonomy":"display-location","embeddable":true,"href":"https:\/\/www.smartswiss-systems.com\/it\/wp-json\/wp\/v2\/display-location?post=4977"}],"curies":[{"name":"wp","href":"https:\/\/api.w.org\/{rel}","templated":true}]}}