{"id":4953,"date":"2025-10-06T18:53:16","date_gmt":"2025-10-06T16:53:16","guid":{"rendered":"https:\/\/www.smartswiss-systems.com\/produkt\/batteria-radio-per-serie-motorola-gp340-ni-mh-1650mah\/"},"modified":"2025-12-03T13:30:41","modified_gmt":"2025-12-03T12:30:41","slug":"batteria-radio-per-serie-motorola-gp340-ni-mh-1650mah","status":"publish","type":"product","link":"https:\/\/www.smartswiss-systems.com\/it\/produkt\/batteria-radio-per-serie-motorola-gp340-ni-mh-1650mah\/","title":{"rendered":"Batteria radio per serie Motorola GP340 \u2013 Ni-Mh \u2013 1650mAh"},"content":{"rendered":"<p><strong>Batterie per radio per le massime esigenze \u2013 Originali e alternative di alta qualit\u00e0<\/strong><\/p>\n<p>Offriamo un&#8217;ampia gamma di batterie per radio per dispositivi professionali di Airbus (TPH700 e TPH900), Motorola, Kenwood e Tait. Oltre alle batterie originali, disponiamo di una vasta selezione di batterie per radio di alta qualit\u00e0 di produttori terzi affidabili con un rapporto qualit\u00e0-prezzo particolarmente interessante. La nostra offerta \u00e8 in continua espansione e include sempre pi\u00f9 batterie compatibili per altri produttori.  <\/p>\n<p>Per le radio Motorola, offriamo specificamente batterie compatibili IMPRES di produttori terzi. Queste sono significativamente pi\u00f9 economiche degli originali e soddisfano in modo affidabile i requisiti nell&#8217;uso professionale \u2013 un vero vantaggio per le organizzazioni che privilegiano sicurezza, disponibilit\u00e0 ed economicit\u00e0. <\/p>\n<p>Il nostro assortimento include, oltre alle batterie agli ioni di litio, anche modelli con altre chimiche cellulari, in modo da poter offrire la soluzione adatta per le pi\u00f9 diverse condizioni d&#8217;uso. Autorit\u00e0 e organizzazioni con compiti di sicurezza \u2013 come polizia, vigili del fuoco, servizi di soccorso e l&#8217;esercito \u2013 si affidano ai nostri prodotti quando si tratta di energia affidabile in servizio. <\/p>\n","protected":false},"excerpt":{"rendered":"<p>Batterie per radio per le massime esigenze \u2013 Originali e alternative di alta qualit\u00e0 Offriamo un&#8217;ampia gamma di batterie per radio per dispositivi professionali di Airbus (TPH700 e TPH900), Motorola, Kenwood e Tait. Oltre alle batterie originali, disponiamo di una vasta selezione di batterie per radio di alta qualit\u00e0 di produttori terzi affidabili con un [&hellip;]<\/p>\n","protected":false},"featured_media":4014,"comment_status":"closed","ping_status":"closed","template":"","meta":[],"product_brand":[],"product_cat":[199,473,486],"product_tag":[],"display-location":[],"class_list":{"0":"post-4953","1":"product","2":"type-product","3":"status-publish","4":"has-post-thumbnail","6":"product_cat-accessori-radio","7":"product_cat-batterie-radio","8":"product_cat-motorola","10":"first","11":"instock","12":"taxable","13":"shipping-taxable","14":"purchasable","15":"product-type-simple"},"tiered_pricing_type":"fixed","tiered_pricing_fixed_rules":[],"tiered_pricing_product_settings":{"layout":"default","base_unit_name":{"singular":null,"plural":null},"default_variation":null},"tiered_pricing_minimum_quantity":null,"tiered_pricing_roles_data":[],"tiered_pricing_percentage_rules":[],"_links":{"self":[{"href":"https:\/\/www.smartswiss-systems.com\/it\/wp-json\/wp\/v2\/product\/4953","targetHints":{"allow":["GET"]}}],"collection":[{"href":"https:\/\/www.smartswiss-systems.com\/it\/wp-json\/wp\/v2\/product"}],"about":[{"href":"https:\/\/www.smartswiss-systems.com\/it\/wp-json\/wp\/v2\/types\/product"}],"replies":[{"embeddable":true,"href":"https:\/\/www.smartswiss-systems.com\/it\/wp-json\/wp\/v2\/comments?post=4953"}],"wp:featuredmedia":[{"embeddable":true,"href":"https:\/\/www.smartswiss-systems.com\/it\/wp-json\/wp\/v2\/media\/4014"}],"wp:attachment":[{"href":"https:\/\/www.smartswiss-systems.com\/it\/wp-json\/wp\/v2\/media?parent=4953"}],"wp:term":[{"taxonomy":"product_brand","embeddable":true,"href":"https:\/\/www.smartswiss-systems.com\/it\/wp-json\/wp\/v2\/product_brand?post=4953"},{"taxonomy":"product_cat","embeddable":true,"href":"https:\/\/www.smartswiss-systems.com\/it\/wp-json\/wp\/v2\/product_cat?post=4953"},{"taxonomy":"product_tag","embeddable":true,"href":"https:\/\/www.smartswiss-systems.com\/it\/wp-json\/wp\/v2\/product_tag?post=4953"},{"taxonomy":"display-location","embeddable":true,"href":"https:\/\/www.smartswiss-systems.com\/it\/wp-json\/wp\/v2\/display-location?post=4953"}],"curies":[{"name":"wp","href":"https:\/\/api.w.org\/{rel}","templated":true}]}}