{"id":4916,"date":"2025-09-19T09:57:35","date_gmt":"2025-09-19T07:57:35","guid":{"rendered":"https:\/\/www.smartswiss-systems.com\/produkt\/inserto-per-auricolare-destro-misura-media\/"},"modified":"2025-12-03T13:42:30","modified_gmt":"2025-12-03T12:42:30","slug":"inserto-per-auricolare-destro-misura-media","status":"publish","type":"product","link":"https:\/\/www.smartswiss-systems.com\/it\/produkt\/inserto-per-auricolare-destro-misura-media\/","title":{"rendered":"Inserto per auricolare \u2013 Destro \u2013 Misura media"},"content":{"rendered":"<p><strong>Inserti auricolari per auricolari a tubo acustico \u2013 in diverse taglie<\/strong><\/p>\n<p>Questi inserti auricolari di alta qualit\u00e0 sono l&#8217;aggiunta ideale a tutti i comuni auricolari a tubo acustico e offrono un&#8217;alternativa comoda e igienica ai classici tappi per le orecchie. Grazie al loro design ben studiato, sono particolarmente comodi da indossare e si adattano saldamente al padiglione auricolare, anche in caso di uso prolungato o movimenti intensi. Il silicone delicato sulla pelle garantisce una vestibilit\u00e0 confortevole per molte ore. Grazie alla colorazione discreta, gli inserti rimangono otticamente discreti e poco appariscenti, il che li rende particolarmente adatti per l&#8217;uso professionale nei settori della sicurezza, degli eventi o della comunicazione.   <\/p>\n<p>Un ulteriore vantaggio \u00e8 la confezione igienica: gli inserti auricolari vengono forniti in sacchetti singoli sigillati. In questo modo, non solo \u00e8 garantito un elevato standard di igiene, ma si pu\u00f2 anche vedere a colpo d&#8217;occhio se un inserto \u00e8 gi\u00e0 stato utilizzato, ideale per utenti diversi o per l&#8217;uso in team. La combinazione di elevato comfort, tenuta sicura, materiale delicato sulla pelle, aspetto discreto e confezione pratica e igienica rende questi inserti auricolari la scelta ottimale per la vita professionale di tutti i giorni. Sono disponibili in diverse misure per consentire un utilizzo il pi\u00f9 possibile preciso e confortevole per ogni forma dell&#8217;orecchio.   <\/p>\n","protected":false},"excerpt":{"rendered":"<p>Inserti auricolari per auricolari a tubo acustico \u2013 in diverse taglie Questi inserti auricolari di alta qualit\u00e0 sono l&#8217;aggiunta ideale a tutti i comuni auricolari a tubo acustico e offrono un&#8217;alternativa comoda e igienica ai classici tappi per le orecchie. Grazie al loro design ben studiato, sono particolarmente comodi da indossare e si adattano saldamente [&hellip;]<\/p>\n","protected":false},"featured_media":4014,"comment_status":"closed","ping_status":"closed","template":"","meta":[],"product_brand":[],"product_cat":[199,276,304],"product_tag":[],"display-location":[],"class_list":{"0":"post-4916","1":"product","2":"type-product","3":"status-publish","4":"has-post-thumbnail","6":"product_cat-accessori-radio","7":"product_cat-auricolari","8":"product_cat-inserti-auricolari","10":"first","11":"instock","12":"taxable","13":"shipping-taxable","14":"purchasable","15":"product-type-simple"},"tiered_pricing_type":"fixed","tiered_pricing_fixed_rules":{"10":3.51,"30":2.93,"50":2.73},"tiered_pricing_product_settings":{"layout":"default","base_unit_name":{"singular":null,"plural":null},"default_variation":null},"tiered_pricing_minimum_quantity":null,"tiered_pricing_roles_data":[],"tiered_pricing_percentage_rules":[],"_links":{"self":[{"href":"https:\/\/www.smartswiss-systems.com\/it\/wp-json\/wp\/v2\/product\/4916","targetHints":{"allow":["GET"]}}],"collection":[{"href":"https:\/\/www.smartswiss-systems.com\/it\/wp-json\/wp\/v2\/product"}],"about":[{"href":"https:\/\/www.smartswiss-systems.com\/it\/wp-json\/wp\/v2\/types\/product"}],"replies":[{"embeddable":true,"href":"https:\/\/www.smartswiss-systems.com\/it\/wp-json\/wp\/v2\/comments?post=4916"}],"wp:featuredmedia":[{"embeddable":true,"href":"https:\/\/www.smartswiss-systems.com\/it\/wp-json\/wp\/v2\/media\/4014"}],"wp:attachment":[{"href":"https:\/\/www.smartswiss-systems.com\/it\/wp-json\/wp\/v2\/media?parent=4916"}],"wp:term":[{"taxonomy":"product_brand","embeddable":true,"href":"https:\/\/www.smartswiss-systems.com\/it\/wp-json\/wp\/v2\/product_brand?post=4916"},{"taxonomy":"product_cat","embeddable":true,"href":"https:\/\/www.smartswiss-systems.com\/it\/wp-json\/wp\/v2\/product_cat?post=4916"},{"taxonomy":"product_tag","embeddable":true,"href":"https:\/\/www.smartswiss-systems.com\/it\/wp-json\/wp\/v2\/product_tag?post=4916"},{"taxonomy":"display-location","embeddable":true,"href":"https:\/\/www.smartswiss-systems.com\/it\/wp-json\/wp\/v2\/display-location?post=4916"}],"curies":[{"name":"wp","href":"https:\/\/api.w.org\/{rel}","templated":true}]}}