{"id":4915,"date":"2025-09-18T12:25:40","date_gmt":"2025-09-18T10:25:40","guid":{"rendered":"https:\/\/www.smartswiss-systems.com\/produkt\/auricolare-a-d-gommato-spirale-30cm-3-5mm-2-poli\/"},"modified":"2025-12-03T13:42:19","modified_gmt":"2025-12-03T12:42:19","slug":"auricolare-a-d-gommato-spirale-30cm-3-5mm-2-poli","status":"publish","type":"product","link":"https:\/\/www.smartswiss-systems.com\/it\/produkt\/auricolare-a-d-gommato-spirale-30cm-3-5mm-2-poli\/","title":{"rendered":"Auricolare a D gommato \u2013 Spirale 30cm \u2013 3.5mm 2 poli"},"content":{"rendered":"<p><strong>Auricolare a D con design gommato e ultra-sottile \u2013 sviluppato per l&#8217;impiego professionale<\/strong><\/p>\n<p>Questo auricolare a D \u00e8 stato originariamente sviluppato da Titan per applicazioni militari ed \u00e8 ora disponibile anche per polizia, vigili del fuoco e altre autorit\u00e0 di sicurezza. Il design a D particolarmente sottile e gommato offre una vestibilit\u00e0 sicura e confortevole \u2013 anche sotto caschi o altri dispositivi di protezione. \u00c8 stato concepito specificamente per garantire un elevato comfort anche durante utilizzi prolungati.  <\/p>\n<p>Grazie al nuovo e ampio altoparlante, l&#8217;auricolare offre una qualit\u00e0 audio notevolmente migliorata con riproduzione chiara e senza distorsioni \u2013 anche in ambienti rumorosi. L&#8217;altoparlante pu\u00f2 essere ruotato verso l&#8217;alto e verso il basso per un adattamento ottimale al modo di indossarlo. <\/p>\n<p>La struttura robusta e il design discreto rendono questo auricolare la scelta ideale per gli utenti professionali in settori critici per la sicurezza. Leggero, durevole e senza compromessi nella funzionalit\u00e0 \u2013 per l&#8217;uso quotidiano in condizioni impegnative. <\/p>\n","protected":false},"excerpt":{"rendered":"<p>Auricolare a D con design gommato e ultra-sottile \u2013 sviluppato per l&#8217;impiego professionale Questo auricolare a D \u00e8 stato originariamente sviluppato da Titan per applicazioni militari ed \u00e8 ora disponibile anche per polizia, vigili del fuoco e altre autorit\u00e0 di sicurezza. Il design a D particolarmente sottile e gommato offre una vestibilit\u00e0 sicura e confortevole [&hellip;]<\/p>\n","protected":false},"featured_media":6218,"comment_status":"closed","ping_status":"closed","template":"","meta":[],"product_brand":[],"product_cat":[199,276,471],"product_tag":[],"display-location":[],"class_list":{"0":"post-4915","1":"product","2":"type-product","3":"status-publish","4":"has-post-thumbnail","6":"product_cat-accessori-radio","7":"product_cat-auricolari","8":"product_cat-d-shell","10":"first","11":"instock","12":"taxable","13":"shipping-taxable","14":"purchasable","15":"product-type-simple"},"tiered_pricing_type":"fixed","tiered_pricing_fixed_rules":{"10":25.84,"30":23.85,"50":21.2},"tiered_pricing_product_settings":{"layout":"default","base_unit_name":{"singular":null,"plural":null},"default_variation":null},"tiered_pricing_minimum_quantity":null,"tiered_pricing_roles_data":[],"tiered_pricing_percentage_rules":[],"_links":{"self":[{"href":"https:\/\/www.smartswiss-systems.com\/it\/wp-json\/wp\/v2\/product\/4915","targetHints":{"allow":["GET"]}}],"collection":[{"href":"https:\/\/www.smartswiss-systems.com\/it\/wp-json\/wp\/v2\/product"}],"about":[{"href":"https:\/\/www.smartswiss-systems.com\/it\/wp-json\/wp\/v2\/types\/product"}],"replies":[{"embeddable":true,"href":"https:\/\/www.smartswiss-systems.com\/it\/wp-json\/wp\/v2\/comments?post=4915"}],"wp:featuredmedia":[{"embeddable":true,"href":"https:\/\/www.smartswiss-systems.com\/it\/wp-json\/wp\/v2\/media\/6218"}],"wp:attachment":[{"href":"https:\/\/www.smartswiss-systems.com\/it\/wp-json\/wp\/v2\/media?parent=4915"}],"wp:term":[{"taxonomy":"product_brand","embeddable":true,"href":"https:\/\/www.smartswiss-systems.com\/it\/wp-json\/wp\/v2\/product_brand?post=4915"},{"taxonomy":"product_cat","embeddable":true,"href":"https:\/\/www.smartswiss-systems.com\/it\/wp-json\/wp\/v2\/product_cat?post=4915"},{"taxonomy":"product_tag","embeddable":true,"href":"https:\/\/www.smartswiss-systems.com\/it\/wp-json\/wp\/v2\/product_tag?post=4915"},{"taxonomy":"display-location","embeddable":true,"href":"https:\/\/www.smartswiss-systems.com\/it\/wp-json\/wp\/v2\/display-location?post=4915"}],"curies":[{"name":"wp","href":"https:\/\/api.w.org\/{rel}","templated":true}]}}