{"id":4865,"date":"2025-10-06T11:02:01","date_gmt":"2025-10-06T09:02:01","guid":{"rendered":"https:\/\/www.smartswiss-systems.com\/produkt\/microfono-a-conduzione-ossea-titan-savox-01\/"},"modified":"2026-03-26T08:57:13","modified_gmt":"2026-03-26T07:57:13","slug":"microfono-a-conduzione-ossea-titan-savox-01","status":"publish","type":"product","link":"https:\/\/www.smartswiss-systems.com\/it\/produkt\/microfono-a-conduzione-ossea-titan-savox-01\/","title":{"rendered":"Microfono a conduzione ossea TITAN \u2013 Savox (01)"},"content":{"rendered":"<p><strong>Microfono a conduzione ossea TITAN \u2013 comunicazione comprovata in ambienti operativi rumorosi<\/strong><\/p>\n<p>Il microfono a conduzione ossea TITAN, noto anche come microfono a conduzione ossea, consente una trasmissione vocale chiara anche in ambienti rumorosi o difficili: un mezzo di comunicazione collaudato, soprattutto per le operazioni dei vigili del fuoco. Grazie alla sua struttura leggera, pu\u00f2 essere facilmente montato all&#8217;interno dei comuni caschi dei vigili del fuoco. L&#8217;installazione avviene senza attrezzi.  <\/p>\n<p>Il microfono utilizza la tecnologia a conduzione ossea, in cui la voce viene trasmessa direttamente attraverso la conduzione ossea, ideale quando i microfoni convenzionali raggiungono i loro limiti. \u00c8 dotato di un cavo a spirale ignifugo e di un connettore Nexus con piedinatura Savox (01). <\/p>\n<p>Il microfono viene fornito di serie con un auricolare mono, ma \u00e8 disponibile anche una versione con auricolari stereo. Il microfono a conduzione ossea TITAN \u00e8 disponibile sia in versione ATEX che NON ATEX ed \u00e8 quindi adatto anche per aree a rischio di esplosione. <\/p>\n<p>Ideale per vigili del fuoco, soccorritori e squadre di intervento che necessitano di una comunicazione funzionante in condizioni estreme.<\/p>\n","protected":false},"excerpt":{"rendered":"<p>Microfono a conduzione ossea TITAN \u2013 comunicazione comprovata in ambienti operativi rumorosi Il microfono a conduzione ossea TITAN, noto anche come microfono a conduzione ossea, consente una trasmissione vocale chiara anche in ambienti rumorosi o difficili: un mezzo di comunicazione collaudato, soprattutto per le operazioni dei vigili del fuoco. Grazie alla sua struttura leggera, pu\u00f2 [&hellip;]<\/p>\n","protected":false},"featured_media":6133,"comment_status":"closed","ping_status":"closed","template":"","meta":[],"product_brand":[],"product_cat":[199,374,465],"product_tag":[],"display-location":[],"class_list":{"0":"post-4865","1":"product","2":"type-product","3":"status-publish","4":"has-post-thumbnail","6":"product_cat-accessori-radio","7":"product_cat-cuffie","8":"product_cat-cuffie-per-montaggio-su-casco","10":"first","11":"instock","12":"taxable","13":"shipping-taxable","14":"purchasable","15":"product-type-simple"},"tiered_pricing_type":"fixed","tiered_pricing_fixed_rules":[],"tiered_pricing_product_settings":{"layout":"default","base_unit_name":{"singular":null,"plural":null},"default_variation":null},"tiered_pricing_minimum_quantity":null,"tiered_pricing_roles_data":[],"tiered_pricing_percentage_rules":[],"_links":{"self":[{"href":"https:\/\/www.smartswiss-systems.com\/it\/wp-json\/wp\/v2\/product\/4865","targetHints":{"allow":["GET"]}}],"collection":[{"href":"https:\/\/www.smartswiss-systems.com\/it\/wp-json\/wp\/v2\/product"}],"about":[{"href":"https:\/\/www.smartswiss-systems.com\/it\/wp-json\/wp\/v2\/types\/product"}],"replies":[{"embeddable":true,"href":"https:\/\/www.smartswiss-systems.com\/it\/wp-json\/wp\/v2\/comments?post=4865"}],"wp:featuredmedia":[{"embeddable":true,"href":"https:\/\/www.smartswiss-systems.com\/it\/wp-json\/wp\/v2\/media\/6133"}],"wp:attachment":[{"href":"https:\/\/www.smartswiss-systems.com\/it\/wp-json\/wp\/v2\/media?parent=4865"}],"wp:term":[{"taxonomy":"product_brand","embeddable":true,"href":"https:\/\/www.smartswiss-systems.com\/it\/wp-json\/wp\/v2\/product_brand?post=4865"},{"taxonomy":"product_cat","embeddable":true,"href":"https:\/\/www.smartswiss-systems.com\/it\/wp-json\/wp\/v2\/product_cat?post=4865"},{"taxonomy":"product_tag","embeddable":true,"href":"https:\/\/www.smartswiss-systems.com\/it\/wp-json\/wp\/v2\/product_tag?post=4865"},{"taxonomy":"display-location","embeddable":true,"href":"https:\/\/www.smartswiss-systems.com\/it\/wp-json\/wp\/v2\/display-location?post=4865"}],"curies":[{"name":"wp","href":"https:\/\/api.w.org\/{rel}","templated":true}]}}