{"id":4859,"date":"2025-10-06T14:08:51","date_gmt":"2025-10-06T12:08:51","guid":{"rendered":"https:\/\/www.smartswiss-systems.com\/produkt\/microfono-laringofono-tubo-acustico-savox-01\/"},"modified":"2025-12-03T13:39:44","modified_gmt":"2025-12-03T12:39:44","slug":"microfono-laringofono-tubo-acustico-savox-01","status":"publish","type":"product","link":"https:\/\/www.smartswiss-systems.com\/it\/produkt\/microfono-laringofono-tubo-acustico-savox-01\/","title":{"rendered":"Microfono laringofono \u2013 Tubo acustico \u2013 Savox (01)"},"content":{"rendered":"<p><strong>Microfono laringofono con auricolare a tubo acustico e connettore Nexus (cablaggio Savox)<\/strong><\/p>\n<p>Questo microfono laringofono professionale \u00e8 utilizzato principalmente dai vigili del fuoco e soddisfa i pi\u00f9 elevati requisiti nel campo della comunicazione operativa e di sicurezza. \u00c8 adatto anche ad altre organizzazioni con particolari esigenze di comunicazione, come la protezione civile o le autorit\u00e0 di sicurezza. <\/p>\n<p>La combinazione di un microfono laringofono aderente alla pelle e di un discreto auricolare a tubo acustico garantisce una trasmissione vocale chiara e affidabile, anche in condizioni estreme. Il microfono registra le vibrazioni direttamente sul collo, in modo che la comprensibilit\u00e0 sia garantita anche in presenza di un elevato rumore ambientale o quando si indossano caschi, respiratori o altri dispositivi di protezione. <\/p>\n<p>Il collegamento avviene tramite un robusto connettore Nexus con cablaggio Savox, che consente il funzionamento con monofoni o unit\u00e0 di comunicazione compatibili. Su richiesta, il cablaggio pu\u00f2 essere adattato. Il set \u00e8 progettato per il funzionamento con soluzioni PTT esterne ed \u00e8 caratterizzato dalla sua struttura robusta e adatta all&#8217;uso e dalla facilit\u00e0 d&#8217;uso nella vita di tutti i giorni.  <\/p>\n","protected":false},"excerpt":{"rendered":"<p>Microfono laringofono con auricolare a tubo acustico e connettore Nexus (cablaggio Savox) Questo microfono laringofono professionale \u00e8 utilizzato principalmente dai vigili del fuoco e soddisfa i pi\u00f9 elevati requisiti nel campo della comunicazione operativa e di sicurezza. \u00c8 adatto anche ad altre organizzazioni con particolari esigenze di comunicazione, come la protezione civile o le autorit\u00e0 [&hellip;]<\/p>\n","protected":false},"featured_media":4014,"comment_status":"closed","ping_status":"closed","template":"","meta":[],"product_brand":[],"product_cat":[199,374,461],"product_tag":[],"display-location":[],"class_list":{"0":"post-4859","1":"product","2":"type-product","3":"status-publish","4":"has-post-thumbnail","6":"product_cat-accessori-radio","7":"product_cat-cuffie","8":"product_cat-microfoni-laringofoni","10":"first","11":"instock","12":"taxable","13":"shipping-taxable","14":"purchasable","15":"product-type-simple"},"tiered_pricing_type":"fixed","tiered_pricing_fixed_rules":[],"tiered_pricing_product_settings":{"layout":"default","base_unit_name":{"singular":null,"plural":null},"default_variation":null},"tiered_pricing_minimum_quantity":null,"tiered_pricing_roles_data":[],"tiered_pricing_percentage_rules":[],"_links":{"self":[{"href":"https:\/\/www.smartswiss-systems.com\/it\/wp-json\/wp\/v2\/product\/4859","targetHints":{"allow":["GET"]}}],"collection":[{"href":"https:\/\/www.smartswiss-systems.com\/it\/wp-json\/wp\/v2\/product"}],"about":[{"href":"https:\/\/www.smartswiss-systems.com\/it\/wp-json\/wp\/v2\/types\/product"}],"replies":[{"embeddable":true,"href":"https:\/\/www.smartswiss-systems.com\/it\/wp-json\/wp\/v2\/comments?post=4859"}],"wp:featuredmedia":[{"embeddable":true,"href":"https:\/\/www.smartswiss-systems.com\/it\/wp-json\/wp\/v2\/media\/4014"}],"wp:attachment":[{"href":"https:\/\/www.smartswiss-systems.com\/it\/wp-json\/wp\/v2\/media?parent=4859"}],"wp:term":[{"taxonomy":"product_brand","embeddable":true,"href":"https:\/\/www.smartswiss-systems.com\/it\/wp-json\/wp\/v2\/product_brand?post=4859"},{"taxonomy":"product_cat","embeddable":true,"href":"https:\/\/www.smartswiss-systems.com\/it\/wp-json\/wp\/v2\/product_cat?post=4859"},{"taxonomy":"product_tag","embeddable":true,"href":"https:\/\/www.smartswiss-systems.com\/it\/wp-json\/wp\/v2\/product_tag?post=4859"},{"taxonomy":"display-location","embeddable":true,"href":"https:\/\/www.smartswiss-systems.com\/it\/wp-json\/wp\/v2\/display-location?post=4859"}],"curies":[{"name":"wp","href":"https:\/\/api.w.org\/{rel}","templated":true}]}}