{"id":4816,"date":"2025-10-05T10:30:05","date_gmt":"2025-10-05T08:30:05","guid":{"rendered":"https:\/\/www.smartswiss-systems.com\/produkt\/ptt-discreto-per-motorola-serie-dp4400-modello-ptt48\/"},"modified":"2025-12-03T13:41:33","modified_gmt":"2025-12-03T12:41:33","slug":"ptt-discreto-per-motorola-serie-dp4400-modello-ptt48","status":"publish","type":"product","link":"https:\/\/www.smartswiss-systems.com\/it\/produkt\/ptt-discreto-per-motorola-serie-dp4400-modello-ptt48\/","title":{"rendered":"PTT discreto per Motorola serie DP4400 \u2013 Modello PTT48"},"content":{"rendered":"<h3 data-start=\"404\" data-end=\"487\"><strong data-start=\"408\" data-end=\"487\">PTT48 \u2013 Soluzione universale Push-to-Talk con riconoscimento automatico delle cuffie<\/strong><\/h3>\n<p data-start=\"489\" data-end=\"1034\">La PTT48 discreta \u00e8 stata sviluppata per utenti professionali che necessitano di comunicazioni affidabili, discrete e flessibili in aree operative critiche per la sicurezza \u2013 sia nella polizia, nei servizi di sicurezza privati, nelle forze speciali o in operazioni sotto copertura. Un problema comune sul campo: molti auricolari commerciali differiscono nella configurazione dei pin, il che rende l&#8217;uso con apparecchiature radio professionali notevolmente difficile. Le cuffie standard, come gli auricolari iPhone, spesso non sono immediatamente compatibili.<\/p>\n<p data-start=\"1036\" data-end=\"1526\">\u00c8 qui che interviene la PTT48: \u00e8 dotata di un circuito di rilevamento intelligente che supporta direttamente una variet\u00e0 di auricolari da 3,5 mm di uso comune. Il sistema rileva automaticamente il numero di pin (a 2, 3 o 4 poli), la loro configurazione e un eventuale microfono integrato nel cavo. In questi casi, il microfono interno della PTT48 viene automaticamente disattivato. Ci\u00f2 elimina la necessit\u00e0 di test o adattamenti che richiedono tempo \u2013 garantendo una comunicazione semplice, sicura e discreta in qualsiasi momento.   <\/p>\n<p data-start=\"1036\" data-end=\"1526\">La PTT48 \u00e8 disponibile in varianti per radio dei produttori Airbus (TPH900), Motorola, Kenwood e Tait. Su richiesta, la soluzione pu\u00f2 essere adattata anche per altri produttori di radio. Il riconoscimento automatico delle cuffie consente la massima flessibilit\u00e0 nell&#8217;uso di diversi modelli di auricolari.  <\/p>\n","protected":false},"excerpt":{"rendered":"<p>PTT48 \u2013 Soluzione universale Push-to-Talk con riconoscimento automatico delle cuffie La PTT48 discreta \u00e8 stata sviluppata per utenti professionali che necessitano di comunicazioni affidabili, discrete e flessibili in aree operative critiche per la sicurezza \u2013 sia nella polizia, nei servizi di sicurezza privati, nelle forze speciali o in operazioni sotto copertura. Un problema comune sul [&hellip;]<\/p>\n","protected":false},"featured_media":4491,"comment_status":"closed","ping_status":"closed","template":"","meta":[],"product_brand":[],"product_cat":[199,344,458],"product_tag":[],"display-location":[],"class_list":{"0":"post-4816","1":"product","2":"type-product","3":"status-publish","4":"has-post-thumbnail","6":"product_cat-accessori-radio","7":"product_cat-cuffie","8":"product_cat-ptt-discreti-wireless","10":"first","11":"instock","12":"taxable","13":"shipping-taxable","14":"purchasable","15":"product-type-simple"},"tiered_pricing_type":"fixed","tiered_pricing_fixed_rules":[],"tiered_pricing_product_settings":{"layout":"default","base_unit_name":{"singular":null,"plural":null},"default_variation":null},"tiered_pricing_minimum_quantity":null,"tiered_pricing_roles_data":[],"tiered_pricing_percentage_rules":[],"_links":{"self":[{"href":"https:\/\/www.smartswiss-systems.com\/it\/wp-json\/wp\/v2\/product\/4816","targetHints":{"allow":["GET"]}}],"collection":[{"href":"https:\/\/www.smartswiss-systems.com\/it\/wp-json\/wp\/v2\/product"}],"about":[{"href":"https:\/\/www.smartswiss-systems.com\/it\/wp-json\/wp\/v2\/types\/product"}],"replies":[{"embeddable":true,"href":"https:\/\/www.smartswiss-systems.com\/it\/wp-json\/wp\/v2\/comments?post=4816"}],"wp:featuredmedia":[{"embeddable":true,"href":"https:\/\/www.smartswiss-systems.com\/it\/wp-json\/wp\/v2\/media\/4491"}],"wp:attachment":[{"href":"https:\/\/www.smartswiss-systems.com\/it\/wp-json\/wp\/v2\/media?parent=4816"}],"wp:term":[{"taxonomy":"product_brand","embeddable":true,"href":"https:\/\/www.smartswiss-systems.com\/it\/wp-json\/wp\/v2\/product_brand?post=4816"},{"taxonomy":"product_cat","embeddable":true,"href":"https:\/\/www.smartswiss-systems.com\/it\/wp-json\/wp\/v2\/product_cat?post=4816"},{"taxonomy":"product_tag","embeddable":true,"href":"https:\/\/www.smartswiss-systems.com\/it\/wp-json\/wp\/v2\/product_tag?post=4816"},{"taxonomy":"display-location","embeddable":true,"href":"https:\/\/www.smartswiss-systems.com\/it\/wp-json\/wp\/v2\/display-location?post=4816"}],"curies":[{"name":"wp","href":"https:\/\/api.w.org\/{rel}","templated":true}]}}