{"id":4805,"date":"2025-10-02T10:45:18","date_gmt":"2025-10-02T08:45:18","guid":{"rendered":"https:\/\/www.smartswiss-systems.com\/produkt\/monofono-manuale-mm50-per-motorola-mototrbo-serie-r7-auto-nexus-controllo-del-volume\/"},"modified":"2026-03-25T14:32:34","modified_gmt":"2026-03-25T13:32:34","slug":"monofono-manuale-mm50-per-motorola-mototrbo-serie-r7-auto-nexus-controllo-del-volume","status":"publish","type":"product","link":"https:\/\/www.smartswiss-systems.com\/it\/produkt\/monofono-manuale-mm50-per-motorola-mototrbo-serie-r7-auto-nexus-controllo-del-volume\/","title":{"rendered":"Monofono manuale MM50 per Motorola MOTOTRBO serie R7 \u2013 Auto-Nexus \u2013 Controllo del volume"},"content":{"rendered":"<p><strong>Monofono TITAN MM50 \u2013 flessibile, moderno e versatile<\/strong><\/p>\n<p>Il TITAN MM50 \u00e8 il modello pi\u00f9 avanzato della serie di monofoni TITAN, sviluppato per soddisfare le massime esigenze in diversi ambiti di applicazione. Che si tratti di un ambiente di comunicazione professionale, di applicazioni industriali o di servizi di emergenza, l&#8217;MM50 convince grazie alla sua tecnologia sofisticata, alla lavorazione robusta e a una variet\u00e0 di opzioni di personalizzazione individuali. <\/p>\n<p>L&#8217;MM50 \u00e8 gi\u00e0 disponibile in versioni per diverse radio portatili, inclusi i modelli per Airbus TPH900 e la serie Motorola MOTOTRBO R7. Altre versioni per altri produttori seguiranno gradualmente, in modo che l&#8217;MM50 rimanga una scelta a prova di futuro per gli utenti professionali di vari settori. <\/p>\n<p>Numerose opzioni come il controllo del volume integrato, i tasti funzione programmabili o la connettivit\u00e0 Bluetooth per soluzioni PTT remote aprono una variet\u00e0 di scenari di utilizzo, dalla comunicazione discreta al funzionamento in condizioni difficili. Particolarmente pratica \u00e8 la segnalazione &#8220;TX-ready&#8221;, che indica tramite un segnale acustico quando il canale radio \u00e8 pronto per la trasmissione, un chiaro vantaggio in ambienti dinamici o rumorosi. <\/p>\n<p>Per le applicazioni nel settore aeronautico \u00e8 disponibile un modulo amplificatore opzionale, appositamente progettato per l&#8217;uso con microfoni dinamici nei caschi dei piloti.<\/p>\n<p>Tramite la presa Nexus a 4 poli \u00e8 possibile collegare cuffie o set di caschi, a seconda della versione con assegnazione fissa o con riconoscimento automatico delle periferiche collegate, il che consente la massima flessibilit\u00e0 di utilizzo. Inoltre, \u00e8 disponibile un connettore jack da 3,5 mm a cui \u00e8 possibile collegare un auricolare per una comunicazione discreta. <\/p>\n<p>Una clip girevole e bloccabile garantisce una presa sicura su indumenti o attrezzature, sia che si tratti di lavoro a turni, di interventi all&#8217;aperto o di attivit\u00e0 industriale quotidiana. I tasti PTT di grandi dimensioni consentono un funzionamento affidabile anche con i guanti. <\/p>\n<p><strong>TITAN MM50 \u2013 La vostra soluzione di comunicazione per le massime esigenze: robusto, adattabile e pronto all&#8217;uso in ogni situazione.<\/strong><\/p>\n","protected":false},"excerpt":{"rendered":"<p>Monofono TITAN MM50 \u2013 flessibile, moderno e versatile Il TITAN MM50 \u00e8 il modello pi\u00f9 avanzato della serie di monofoni TITAN, sviluppato per soddisfare le massime esigenze in diversi ambiti di applicazione. Che si tratti di un ambiente di comunicazione professionale, di applicazioni industriali o di servizi di emergenza, l&#8217;MM50 convince grazie alla sua tecnologia [&hellip;]<\/p>\n","protected":false},"featured_media":6308,"comment_status":"closed","ping_status":"closed","template":"","meta":[],"product_brand":[],"product_cat":[199,203,260],"product_tag":[],"display-location":[],"class_list":{"0":"post-4805","1":"product","2":"type-product","3":"status-publish","4":"has-post-thumbnail","6":"product_cat-accessori-radio","7":"product_cat-monofoni-2","8":"product_cat-serie-mm50","10":"first","11":"instock","12":"taxable","13":"shipping-taxable","14":"purchasable","15":"product-type-simple"},"tiered_pricing_type":"fixed","tiered_pricing_fixed_rules":[],"tiered_pricing_product_settings":{"layout":"default","base_unit_name":{"singular":null,"plural":null},"default_variation":null},"tiered_pricing_minimum_quantity":null,"tiered_pricing_roles_data":[],"tiered_pricing_percentage_rules":[],"_links":{"self":[{"href":"https:\/\/www.smartswiss-systems.com\/it\/wp-json\/wp\/v2\/product\/4805","targetHints":{"allow":["GET"]}}],"collection":[{"href":"https:\/\/www.smartswiss-systems.com\/it\/wp-json\/wp\/v2\/product"}],"about":[{"href":"https:\/\/www.smartswiss-systems.com\/it\/wp-json\/wp\/v2\/types\/product"}],"replies":[{"embeddable":true,"href":"https:\/\/www.smartswiss-systems.com\/it\/wp-json\/wp\/v2\/comments?post=4805"}],"wp:featuredmedia":[{"embeddable":true,"href":"https:\/\/www.smartswiss-systems.com\/it\/wp-json\/wp\/v2\/media\/6308"}],"wp:attachment":[{"href":"https:\/\/www.smartswiss-systems.com\/it\/wp-json\/wp\/v2\/media?parent=4805"}],"wp:term":[{"taxonomy":"product_brand","embeddable":true,"href":"https:\/\/www.smartswiss-systems.com\/it\/wp-json\/wp\/v2\/product_brand?post=4805"},{"taxonomy":"product_cat","embeddable":true,"href":"https:\/\/www.smartswiss-systems.com\/it\/wp-json\/wp\/v2\/product_cat?post=4805"},{"taxonomy":"product_tag","embeddable":true,"href":"https:\/\/www.smartswiss-systems.com\/it\/wp-json\/wp\/v2\/product_tag?post=4805"},{"taxonomy":"display-location","embeddable":true,"href":"https:\/\/www.smartswiss-systems.com\/it\/wp-json\/wp\/v2\/display-location?post=4805"}],"curies":[{"name":"wp","href":"https:\/\/api.w.org\/{rel}","templated":true}]}}