{"id":4798,"date":"2025-10-02T12:36:23","date_gmt":"2025-10-02T10:36:23","guid":{"rendered":"https:\/\/www.smartswiss-systems.com\/produkt\/monofono-portatile-xma5-per-la-serie-icom-ic-f1000-savox-01\/"},"modified":"2025-12-03T13:43:20","modified_gmt":"2025-12-03T12:43:20","slug":"monofono-portatile-xma5-per-la-serie-icom-ic-f1000-savox-01","status":"publish","type":"product","link":"https:\/\/www.smartswiss-systems.com\/it\/produkt\/monofono-portatile-xma5-per-la-serie-icom-ic-f1000-savox-01\/","title":{"rendered":"Monofono portatile XMA5 per la serie ICOM IC-F1000 \u2013 Savox (01)"},"content":{"rendered":"<p><strong>Monofono XMA5 \u2013 ignifugo, compatibile, comprovato nell&#8217;uso<\/strong><\/p>\n<p>Il monofono XMA5 \u00e8 una soluzione di comunicazione affidabile per le esigenze operative quotidiane, specialmente dove sono richieste sicurezza, costruzione robusta e compatibilit\u00e0 con i dispositivi. Con il suo alloggiamento ignifugo, soddisfa importanti requisiti per l&#8217;uso in servizio e si \u00e8 affermato come scelta preferita, in particolare tra i vigili del fuoco. <\/p>\n<p>L&#8217;XMA5 \u00e8 ideale per le radio le cui interfacce accessorie non forniscono energia sufficiente per un controllo del volume integrato \u2013 uno scenario comune in molti modelli disponibili sul mercato. Nonostante questa limitazione, l&#8217;XMA5 offre funzionalit\u00e0 complete e affidabilit\u00e0 nell&#8217;uso quotidiano. <\/p>\n<p>Tramite la presa Nexus integrata a 4 pin \u00e8 possibile collegare cuffie o sistemi auricolari per elmetti \u2013 per una maggiore flessibilit\u00e0. L&#8217;XMA5 \u00e8 quindi perfettamente attrezzato anche per applicazioni speciali. Inoltre, \u00e8 disponibile un connettore jack da 3,5 mm al quale \u00e8 possibile collegare un auricolare.  <\/p>\n<p>Offriamo continuamente nuove versioni per un&#8217;ampia gamma di radio \u2013 inclusi modelli di produttori leader. Contattateci \u2013 saremo lieti di consigliarvi! <\/p>\n","protected":false},"excerpt":{"rendered":"<p>Monofono XMA5 \u2013 ignifugo, compatibile, comprovato nell&#8217;uso Il monofono XMA5 \u00e8 una soluzione di comunicazione affidabile per le esigenze operative quotidiane, specialmente dove sono richieste sicurezza, costruzione robusta e compatibilit\u00e0 con i dispositivi. Con il suo alloggiamento ignifugo, soddisfa importanti requisiti per l&#8217;uso in servizio e si \u00e8 affermato come scelta preferita, in particolare tra [&hellip;]<\/p>\n","protected":false},"featured_media":4014,"comment_status":"closed","ping_status":"closed","template":"","meta":[],"product_brand":[],"product_cat":[199,203,447],"product_tag":[],"display-location":[],"class_list":{"0":"post-4798","1":"product","2":"type-product","3":"status-publish","4":"has-post-thumbnail","6":"product_cat-accessori-radio","7":"product_cat-monofoni-2","8":"product_cat-serie-xma5","10":"first","11":"instock","12":"taxable","13":"shipping-taxable","14":"purchasable","15":"product-type-simple"},"tiered_pricing_type":"fixed","tiered_pricing_fixed_rules":[],"tiered_pricing_product_settings":{"layout":"default","base_unit_name":{"singular":null,"plural":null},"default_variation":null},"tiered_pricing_minimum_quantity":null,"tiered_pricing_roles_data":[],"tiered_pricing_percentage_rules":[],"_links":{"self":[{"href":"https:\/\/www.smartswiss-systems.com\/it\/wp-json\/wp\/v2\/product\/4798","targetHints":{"allow":["GET"]}}],"collection":[{"href":"https:\/\/www.smartswiss-systems.com\/it\/wp-json\/wp\/v2\/product"}],"about":[{"href":"https:\/\/www.smartswiss-systems.com\/it\/wp-json\/wp\/v2\/types\/product"}],"replies":[{"embeddable":true,"href":"https:\/\/www.smartswiss-systems.com\/it\/wp-json\/wp\/v2\/comments?post=4798"}],"wp:featuredmedia":[{"embeddable":true,"href":"https:\/\/www.smartswiss-systems.com\/it\/wp-json\/wp\/v2\/media\/4014"}],"wp:attachment":[{"href":"https:\/\/www.smartswiss-systems.com\/it\/wp-json\/wp\/v2\/media?parent=4798"}],"wp:term":[{"taxonomy":"product_brand","embeddable":true,"href":"https:\/\/www.smartswiss-systems.com\/it\/wp-json\/wp\/v2\/product_brand?post=4798"},{"taxonomy":"product_cat","embeddable":true,"href":"https:\/\/www.smartswiss-systems.com\/it\/wp-json\/wp\/v2\/product_cat?post=4798"},{"taxonomy":"product_tag","embeddable":true,"href":"https:\/\/www.smartswiss-systems.com\/it\/wp-json\/wp\/v2\/product_tag?post=4798"},{"taxonomy":"display-location","embeddable":true,"href":"https:\/\/www.smartswiss-systems.com\/it\/wp-json\/wp\/v2\/display-location?post=4798"}],"curies":[{"name":"wp","href":"https:\/\/api.w.org\/{rel}","templated":true}]}}