{"id":4701,"date":"2025-09-29T20:12:41","date_gmt":"2025-09-29T18:12:41","guid":{"rendered":"https:\/\/www.smartswiss-systems.com\/produkt\/ptt-wireless-per-manubrio-aircrypt\/"},"modified":"2025-12-03T13:38:46","modified_gmt":"2025-12-03T12:38:46","slug":"ptt-wireless-per-manubrio-aircrypt","status":"publish","type":"product","link":"https:\/\/www.smartswiss-systems.com\/it\/produkt\/ptt-wireless-per-manubrio-aircrypt\/","title":{"rendered":"PTT wireless per manubrio \u2013 Aircrypt"},"content":{"rendered":"<p><strong>Sistema PTT per moto TITAN (wireless)<\/strong><\/p>\n<p>Il nostro moderno sistema PTT per moto consente ai motociclisti professionisti di comunicare durante la guida senza dover togliere le mani dal manubrio. Ci\u00f2 garantisce la massima sicurezza, poich\u00e9 il conducente pu\u00f2 concentrarsi completamente sul traffico stradale, pur mantenendo il contatto radio. <\/p>\n<p>L&#8217;attivazione PTT pu\u00f2 essere comodamente attivata dal manubrio tramite una PTT wireless (Push-to-Talk). Il sistema \u00e8 composto da un pulsante PTT montabile sul manubrio, collegato in modalit\u00e0 wireless tramite un modulo radio integrato al monophone manuale MMW20 o MMW50. L&#8217;alimentazione viene fornita, a seconda del modello, direttamente dalla batteria della moto o tramite una batteria integrata.  <\/p>\n<p>La PTT wireless per manubrio viene accoppiata una sola volta con il monophone. Questo processo di pairing \u00e8 semplice, veloce e facile da eseguire, senza particolari conoscenze tecniche. Dopo l&#8217;accoppiamento, si stabilisce una connessione radio sicura che funziona esclusivamente tra i dispositivi accoppiati. Non \u00e8 possibile connettersi a dispositivi estranei o non autorizzati, il che impedisce in modo affidabile connessioni radio involontarie o fastidiose.   <\/p>\n<p>Il sistema \u00e8 ideale per le forze dell&#8217;ordine, i servizi di sicurezza o i motociclisti esigenti che dipendono da una comunicazione sicura durante la guida.<\/p>\n","protected":false},"excerpt":{"rendered":"<p>Sistema PTT per moto TITAN (wireless) Il nostro moderno sistema PTT per moto consente ai motociclisti professionisti di comunicare durante la guida senza dover togliere le mani dal manubrio. Ci\u00f2 garantisce la massima sicurezza, poich\u00e9 il conducente pu\u00f2 concentrarsi completamente sul traffico stradale, pur mantenendo il contatto radio. L&#8217;attivazione PTT pu\u00f2 essere comodamente attivata dal [&hellip;]<\/p>\n","protected":false},"featured_media":4703,"comment_status":"closed","ping_status":"closed","template":"","meta":[],"product_brand":[],"product_cat":[196,426,404],"product_tag":[],"display-location":[],"class_list":{"0":"post-4701","1":"product","2":"type-product","3":"status-publish","4":"has-post-thumbnail","6":"product_cat-polycom","7":"product_cat-pulsante-ptt-wireless","8":"product_cat-soluzioni-per-motociclette","10":"first","11":"instock","12":"taxable","13":"shipping-taxable","14":"purchasable","15":"product-type-simple"},"tiered_pricing_type":"fixed","tiered_pricing_fixed_rules":[],"tiered_pricing_product_settings":{"layout":"default","base_unit_name":{"singular":null,"plural":null},"default_variation":null},"tiered_pricing_minimum_quantity":null,"tiered_pricing_roles_data":[],"tiered_pricing_percentage_rules":[],"_links":{"self":[{"href":"https:\/\/www.smartswiss-systems.com\/it\/wp-json\/wp\/v2\/product\/4701","targetHints":{"allow":["GET"]}}],"collection":[{"href":"https:\/\/www.smartswiss-systems.com\/it\/wp-json\/wp\/v2\/product"}],"about":[{"href":"https:\/\/www.smartswiss-systems.com\/it\/wp-json\/wp\/v2\/types\/product"}],"replies":[{"embeddable":true,"href":"https:\/\/www.smartswiss-systems.com\/it\/wp-json\/wp\/v2\/comments?post=4701"}],"wp:featuredmedia":[{"embeddable":true,"href":"https:\/\/www.smartswiss-systems.com\/it\/wp-json\/wp\/v2\/media\/4703"}],"wp:attachment":[{"href":"https:\/\/www.smartswiss-systems.com\/it\/wp-json\/wp\/v2\/media?parent=4701"}],"wp:term":[{"taxonomy":"product_brand","embeddable":true,"href":"https:\/\/www.smartswiss-systems.com\/it\/wp-json\/wp\/v2\/product_brand?post=4701"},{"taxonomy":"product_cat","embeddable":true,"href":"https:\/\/www.smartswiss-systems.com\/it\/wp-json\/wp\/v2\/product_cat?post=4701"},{"taxonomy":"product_tag","embeddable":true,"href":"https:\/\/www.smartswiss-systems.com\/it\/wp-json\/wp\/v2\/product_tag?post=4701"},{"taxonomy":"display-location","embeddable":true,"href":"https:\/\/www.smartswiss-systems.com\/it\/wp-json\/wp\/v2\/display-location?post=4701"}],"curies":[{"name":"wp","href":"https:\/\/api.w.org\/{rel}","templated":true}]}}