{"id":4657,"date":"2025-09-29T12:20:03","date_gmt":"2025-09-29T10:20:03","guid":{"rendered":"https:\/\/www.smartswiss-systems.com\/produkt\/casco-da-moto-shoei-neotec-3-audio-bianco-s\/"},"modified":"2026-04-10T13:53:22","modified_gmt":"2026-04-10T11:53:22","slug":"casco-da-moto-shoei-neotec-3-audio-bianco-s","status":"publish","type":"product","link":"https:\/\/www.smartswiss-systems.com\/it\/produkt\/casco-da-moto-shoei-neotec-3-audio-bianco-s\/","title":{"rendered":"Casco da moto SHOEI Neotec 3 \u2013 Audio \u2013 bianco \u2013 S"},"content":{"rendered":"<p><strong>Casco da moto SHOEI Neotec 3 Polizei \u2013 La potenza della comunicazione incontra la sicurezza certificata<\/strong><\/p>\n<p>Lo SHOEI Neotec 3 \u00e8 pi\u00f9 di un casco da moto di alta qualit\u00e0: \u00e8 una soluzione completa specificamente adattata per l&#8217;uso da parte della polizia nell&#8217;ambito della comunicazione motociclistica professionale Titan.<\/p>\n<p>Il casco \u00e8 gi\u00e0 dotato di serie di un sistema di comunicazione integrato in titanio. Questo include un microfono a collo di cigno electret con compensazione del rumore e grado di protezione IP67, che consente una trasmissione vocale chiara anche ad alte velocit\u00e0, proprio dove il rumore del vento e della guida rendono difficile la comunicazione.  Il sistema \u00e8 completato da due potenti altoparlanti da 1 Watt (30 Ohm) che garantiscono una comunicazione chiara e senza distorsioni.<\/p>\n<p>Il collegamento al rispettivo monofono Titan (ad es. MM20 o MM50 con modulo Aircrypt) avviene tramite un robusto cavo a spirale con connettore Nexus. La piedinatura corrisponde allo standard Peltor. <\/p>\n<p>Una caratteristica essenziale dello SHOEI Neotec 3 \u00e8 la sua omologazione secondo l&#8217;attuale norma ECE 22\/06, la norma di prova pi\u00f9 elevata attualmente in vigore per i caschi da moto in Europa. Inoltre, il casco dispone della cosiddetta doppia omologazione P\/J, che lo autorizza alla circolazione stradale sia in stato chiuso che aperto (modalit\u00e0 casco jet). <\/p>\n<p>Il casco \u00e8 disponibile in bianco (altri colori su richiesta) e in diverse taglie per garantire un comfort ottimale a tutti gli utenti.<\/p>\n","protected":false},"excerpt":{"rendered":"<p>Casco da moto SHOEI Neotec 3 Polizei \u2013 La potenza della comunicazione incontra la sicurezza certificata Lo SHOEI Neotec 3 \u00e8 pi\u00f9 di un casco da moto di alta qualit\u00e0: \u00e8 una soluzione completa specificamente adattata per l&#8217;uso da parte della polizia nell&#8217;ambito della comunicazione motociclistica professionale Titan. Il casco \u00e8 gi\u00e0 dotato di serie [&hellip;]<\/p>\n","protected":false},"featured_media":4014,"comment_status":"closed","ping_status":"closed","template":"","meta":[],"product_brand":[],"product_cat":[405,196,404],"product_tag":[],"display-location":[],"class_list":{"0":"post-4657","1":"product","2":"type-product","3":"status-publish","4":"has-post-thumbnail","6":"product_cat-caschi","7":"product_cat-polycom","8":"product_cat-soluzioni-per-motociclette","10":"first","11":"instock","12":"taxable","13":"shipping-taxable","14":"purchasable","15":"product-type-simple"},"tiered_pricing_type":"fixed","tiered_pricing_fixed_rules":[],"tiered_pricing_product_settings":{"layout":"default","base_unit_name":{"singular":null,"plural":null},"default_variation":null},"tiered_pricing_minimum_quantity":null,"tiered_pricing_roles_data":[],"tiered_pricing_percentage_rules":[],"_links":{"self":[{"href":"https:\/\/www.smartswiss-systems.com\/it\/wp-json\/wp\/v2\/product\/4657","targetHints":{"allow":["GET"]}}],"collection":[{"href":"https:\/\/www.smartswiss-systems.com\/it\/wp-json\/wp\/v2\/product"}],"about":[{"href":"https:\/\/www.smartswiss-systems.com\/it\/wp-json\/wp\/v2\/types\/product"}],"replies":[{"embeddable":true,"href":"https:\/\/www.smartswiss-systems.com\/it\/wp-json\/wp\/v2\/comments?post=4657"}],"wp:featuredmedia":[{"embeddable":true,"href":"https:\/\/www.smartswiss-systems.com\/it\/wp-json\/wp\/v2\/media\/4014"}],"wp:attachment":[{"href":"https:\/\/www.smartswiss-systems.com\/it\/wp-json\/wp\/v2\/media?parent=4657"}],"wp:term":[{"taxonomy":"product_brand","embeddable":true,"href":"https:\/\/www.smartswiss-systems.com\/it\/wp-json\/wp\/v2\/product_brand?post=4657"},{"taxonomy":"product_cat","embeddable":true,"href":"https:\/\/www.smartswiss-systems.com\/it\/wp-json\/wp\/v2\/product_cat?post=4657"},{"taxonomy":"product_tag","embeddable":true,"href":"https:\/\/www.smartswiss-systems.com\/it\/wp-json\/wp\/v2\/product_tag?post=4657"},{"taxonomy":"display-location","embeddable":true,"href":"https:\/\/www.smartswiss-systems.com\/it\/wp-json\/wp\/v2\/display-location?post=4657"}],"curies":[{"name":"wp","href":"https:\/\/api.w.org\/{rel}","templated":true}]}}