{"id":4605,"date":"2025-09-25T11:48:14","date_gmt":"2025-09-25T09:48:14","guid":{"rendered":"https:\/\/www.smartswiss-systems.com\/produkt\/kit-investigativo-a-3-cavi-con-presa-jack-da-3-5mm-a-3-poli-ptt-separato-connettore-tph900-dritto\/"},"modified":"2026-02-03T20:56:32","modified_gmt":"2026-02-03T19:56:32","slug":"kit-investigativo-a-3-cavi-con-presa-jack-da-3-5mm-a-3-poli-ptt-separato-connettore-tph900-dritto","status":"publish","type":"product","link":"https:\/\/www.smartswiss-systems.com\/it\/produkt\/kit-investigativo-a-3-cavi-con-presa-jack-da-3-5mm-a-3-poli-ptt-separato-connettore-tph900-dritto\/","title":{"rendered":"Kit investigativo a 3 cavi con presa jack da 3.5mm a 3 poli \u2013 PTT separato \u2013 connettore TPH900 dritto"},"content":{"rendered":"<p><strong>Kit investigativo a 3 cavi con presa jack da 3.5mm a 3 poli \u2013 PTT separato \u2013 connettore TPH900 dritto<\/strong><\/p>\n<p>Questo kit investigativo a 3 cavi \u00e8 stato progettato specificamente per operazioni sotto copertura, dove sono richieste massima discrezione, flessibilit\u00e0 nell&#8217;indossabilit\u00e0 e rapidit\u00e0 di reazione. Offre una configurazione con componenti separati. <\/p>\n<p>Il connettore radio TPH900 dritto consente il collegamento diretto alla radio portatile Polycom TPH900. Tramite la presa jack integrata da 3.5mm a 3 poli \u00e8 possibile collegare un auricolare adatto per uso di polizia \u2013 a seconda delle preferenze di indossabilit\u00e0 e delle esigenze operative. <\/p>\n<p>Il microfono ad alta sensibilit\u00e0 \u00e8 separato e pu\u00f2 essere posizionato discretamente sotto una cravatta o i vestiti. Per l&#8217;attivazione del PTT (Push-to-Talk) \u00e8 disponibile un discreto pulsante PTT da dito, che pu\u00f2 essere fatto passare attraverso la manica tramite un cavo dedicato \u2013 per comunicazioni sotto copertura direttamente dalla mano, senza gesti visibili. <\/p>\n<p>Grazie alla chiara separazione tra auricolare, microfono e PTT, questo sistema a 3 cavi offre la massima adattabilit\u00e0 in situazioni sotto copertura \u2013 ideale per l&#8217;uso professionale e sotto copertura.<\/p>\n","protected":false},"excerpt":{"rendered":"<p>Kit investigativo a 3 cavi con presa jack da 3.5mm a 3 poli \u2013 PTT separato \u2013 connettore TPH900 dritto Questo kit investigativo a 3 cavi \u00e8 stato progettato specificamente per operazioni sotto copertura, dove sono richieste massima discrezione, flessibilit\u00e0 nell&#8217;indossabilit\u00e0 e rapidit\u00e0 di reazione. Offre una configurazione con componenti separati. Il connettore radio TPH900 [&hellip;]<\/p>\n","protected":false},"featured_media":5781,"comment_status":"closed","ping_status":"closed","template":"","meta":[],"product_brand":[],"product_cat":[199,344,347,342,196,197],"product_tag":[],"display-location":[],"class_list":{"0":"post-4605","1":"product","2":"type-product","3":"status-publish","4":"has-post-thumbnail","6":"product_cat-accessori-radio","7":"product_cat-cuffie","8":"product_cat-kit-da-agente-in-borghese","9":"product_cat-kit-investigatore","10":"product_cat-polycom","11":"product_cat-tph900","13":"first","14":"instock","15":"taxable","16":"shipping-taxable","17":"purchasable","18":"product-type-simple"},"tiered_pricing_type":"fixed","tiered_pricing_fixed_rules":[],"tiered_pricing_product_settings":{"layout":"default","base_unit_name":{"singular":null,"plural":null},"default_variation":null},"tiered_pricing_minimum_quantity":null,"tiered_pricing_roles_data":[],"tiered_pricing_percentage_rules":[],"_links":{"self":[{"href":"https:\/\/www.smartswiss-systems.com\/it\/wp-json\/wp\/v2\/product\/4605","targetHints":{"allow":["GET"]}}],"collection":[{"href":"https:\/\/www.smartswiss-systems.com\/it\/wp-json\/wp\/v2\/product"}],"about":[{"href":"https:\/\/www.smartswiss-systems.com\/it\/wp-json\/wp\/v2\/types\/product"}],"replies":[{"embeddable":true,"href":"https:\/\/www.smartswiss-systems.com\/it\/wp-json\/wp\/v2\/comments?post=4605"}],"wp:featuredmedia":[{"embeddable":true,"href":"https:\/\/www.smartswiss-systems.com\/it\/wp-json\/wp\/v2\/media\/5781"}],"wp:attachment":[{"href":"https:\/\/www.smartswiss-systems.com\/it\/wp-json\/wp\/v2\/media?parent=4605"}],"wp:term":[{"taxonomy":"product_brand","embeddable":true,"href":"https:\/\/www.smartswiss-systems.com\/it\/wp-json\/wp\/v2\/product_brand?post=4605"},{"taxonomy":"product_cat","embeddable":true,"href":"https:\/\/www.smartswiss-systems.com\/it\/wp-json\/wp\/v2\/product_cat?post=4605"},{"taxonomy":"product_tag","embeddable":true,"href":"https:\/\/www.smartswiss-systems.com\/it\/wp-json\/wp\/v2\/product_tag?post=4605"},{"taxonomy":"display-location","embeddable":true,"href":"https:\/\/www.smartswiss-systems.com\/it\/wp-json\/wp\/v2\/display-location?post=4605"}],"curies":[{"name":"wp","href":"https:\/\/api.w.org\/{rel}","templated":true}]}}