{"id":4539,"date":"2025-09-22T20:09:34","date_gmt":"2025-09-22T18:09:34","guid":{"rendered":"https:\/\/www.smartswiss-systems.com\/produkt\/monofono-manuale-m03-per-tph700-cavo-a-spirale-270mm\/"},"modified":"2025-12-03T13:40:52","modified_gmt":"2025-12-03T12:40:52","slug":"monofono-manuale-m03-per-tph700-cavo-a-spirale-270mm","status":"publish","type":"product","link":"https:\/\/www.smartswiss-systems.com\/it\/produkt\/monofono-manuale-m03-per-tph700-cavo-a-spirale-270mm\/","title":{"rendered":"Monofono manuale M03 per TPH700 \u2013 Cavo a spirale 270mm"},"content":{"rendered":"<p><strong>Monofono M03 per radio portatile Polycom TPH700<\/strong><\/p>\n<p>Il monofono M03 per la radio portatile Polycom TPH700 \u00e8 un monofono estremamente robusto e affidabile, perfetto per l&#8217;uso quotidiano nelle condizioni pi\u00f9 difficili. Si \u00e8 dimostrato valido in molte organizzazioni di pubblica sicurezza e rimane un accessorio indispensabile anche dopo la sostituzione a livello nazionale del TPH700 con il nuovo TPH900, poich\u00e9 numerosi dispositivi TPH700 continueranno a essere utilizzati in futuro. <\/p>\n<p>Con la classe di protezione IP67, l&#8217;M03 \u00e8 completamente protetto da polvere e acqua, il che lo rende ideale per le condizioni operative pi\u00f9 impegnative. Il cavo radio rinforzato garantisce una durata particolarmente elevata. <\/p>\n<p>Grazie al design ergonomico, l&#8217;M03 \u00e8 comodo da tenere in mano e consente un utilizzo confortevole per periodi di tempo prolungati. Tramite il jack integrato da 3,5 mm \u00e8 possibile collegare cuffie esterne, se necessario. <\/p>\n<p><strong>Continueremo a tenere il monofono M03 nel nostro assortimento finch\u00e9 il TPH700 rimarr\u00e0 in uso.<\/strong><\/p>\n","protected":false},"excerpt":{"rendered":"<p>Monofono M03 per radio portatile Polycom TPH700 Il monofono M03 per la radio portatile Polycom TPH700 \u00e8 un monofono estremamente robusto e affidabile, perfetto per l&#8217;uso quotidiano nelle condizioni pi\u00f9 difficili. Si \u00e8 dimostrato valido in molte organizzazioni di pubblica sicurezza e rimane un accessorio indispensabile anche dopo la sostituzione a livello nazionale del TPH700 [&hellip;]<\/p>\n","protected":false},"featured_media":4105,"comment_status":"closed","ping_status":"closed","template":"","meta":[],"product_brand":[],"product_cat":[199,203,367,196,242,351],"product_tag":[],"display-location":[],"class_list":{"0":"post-4539","1":"product","2":"type-product","3":"status-publish","4":"has-post-thumbnail","6":"product_cat-accessori-radio","7":"product_cat-monofoni-2","8":"product_cat-monofoni","9":"product_cat-polycom","10":"product_cat-serie-m03","11":"product_cat-tph700","13":"first","14":"instock","15":"taxable","16":"shipping-taxable","17":"purchasable","18":"product-type-simple"},"tiered_pricing_type":"fixed","tiered_pricing_fixed_rules":[],"tiered_pricing_product_settings":{"layout":"default","base_unit_name":{"singular":null,"plural":null},"default_variation":null},"tiered_pricing_minimum_quantity":null,"tiered_pricing_roles_data":[],"tiered_pricing_percentage_rules":[],"_links":{"self":[{"href":"https:\/\/www.smartswiss-systems.com\/it\/wp-json\/wp\/v2\/product\/4539","targetHints":{"allow":["GET"]}}],"collection":[{"href":"https:\/\/www.smartswiss-systems.com\/it\/wp-json\/wp\/v2\/product"}],"about":[{"href":"https:\/\/www.smartswiss-systems.com\/it\/wp-json\/wp\/v2\/types\/product"}],"replies":[{"embeddable":true,"href":"https:\/\/www.smartswiss-systems.com\/it\/wp-json\/wp\/v2\/comments?post=4539"}],"wp:featuredmedia":[{"embeddable":true,"href":"https:\/\/www.smartswiss-systems.com\/it\/wp-json\/wp\/v2\/media\/4105"}],"wp:attachment":[{"href":"https:\/\/www.smartswiss-systems.com\/it\/wp-json\/wp\/v2\/media?parent=4539"}],"wp:term":[{"taxonomy":"product_brand","embeddable":true,"href":"https:\/\/www.smartswiss-systems.com\/it\/wp-json\/wp\/v2\/product_brand?post=4539"},{"taxonomy":"product_cat","embeddable":true,"href":"https:\/\/www.smartswiss-systems.com\/it\/wp-json\/wp\/v2\/product_cat?post=4539"},{"taxonomy":"product_tag","embeddable":true,"href":"https:\/\/www.smartswiss-systems.com\/it\/wp-json\/wp\/v2\/product_tag?post=4539"},{"taxonomy":"display-location","embeddable":true,"href":"https:\/\/www.smartswiss-systems.com\/it\/wp-json\/wp\/v2\/display-location?post=4539"}],"curies":[{"name":"wp","href":"https:\/\/api.w.org\/{rel}","templated":true}]}}