{"id":4504,"date":"2025-09-25T11:36:50","date_gmt":"2025-09-25T09:36:50","guid":{"rendered":"https:\/\/www.smartswiss-systems.com\/produkt\/kit-da-agente-in-borghese-a-2-cavi-con-jack-da-35-mm-tph900\/"},"modified":"2025-12-03T13:41:01","modified_gmt":"2025-12-03T12:41:01","slug":"kit-da-agente-in-borghese-a-2-cavi-con-jack-da-35-mm-tph900","status":"publish","type":"product","link":"https:\/\/www.smartswiss-systems.com\/it\/produkt\/kit-da-agente-in-borghese-a-2-cavi-con-jack-da-35-mm-tph900\/","title":{"rendered":"Kit da agente in borghese a 2 cavi con jack da 3,5 mm \u2013 TPH900"},"content":{"rendered":"<p><strong>Kit da agente in borghese a 2 cavi con jack da 3,5 mm \u2013 TPH900<\/strong><\/p>\n<p>Questo kit da agente in borghese a 2 cavi \u00e8 stato sviluppato appositamente per operazioni sotto copertura di polizia, dogana e unit\u00e0 investigative, ma \u00e8 adatto anche per il normale servizio quotidiano. Convince grazie a una struttura discreta, una trasmissione vocale affidabile e un&#8217;elevata flessibilit\u00e0 di utilizzo. <\/p>\n<p>Il collegamento alla radio avviene direttamente tramite il connettore radio TPH900 sull&#8217;apparecchiatura. Un punto di forza particolare di questa versione \u00e8 il jack integrato da 3,5 mm, che consente di collegare gli auricolari di polizia desiderati o previsti dal servizio. In questo modo, il set pu\u00f2 essere adattato in modo ottimale alle esigenze individuali e alle preferenze di utilizzo.  <\/p>\n<p>Un microfono a collare compatto e altamente sensibile con pulsante PTT (Push-to-Talk) integrato garantisce una comunicazione chiara e discreta. Il discreto cablaggio a 2 cavi consente di indossarlo in modo discreto sotto i vestiti, ideale per operazioni sotto copertura. <\/p>\n","protected":false},"excerpt":{"rendered":"<p>Kit da agente in borghese a 2 cavi con jack da 3,5 mm \u2013 TPH900 Questo kit da agente in borghese a 2 cavi \u00e8 stato sviluppato appositamente per operazioni sotto copertura di polizia, dogana e unit\u00e0 investigative, ma \u00e8 adatto anche per il normale servizio quotidiano. Convince grazie a una struttura discreta, una trasmissione [&hellip;]<\/p>\n","protected":false},"featured_media":4506,"comment_status":"closed","ping_status":"closed","template":"","meta":[],"product_brand":[],"product_cat":[199,344,347,342,196,197],"product_tag":[],"display-location":[],"class_list":{"0":"post-4504","1":"product","2":"type-product","3":"status-publish","4":"has-post-thumbnail","6":"product_cat-accessori-radio","7":"product_cat-cuffie","8":"product_cat-kit-da-agente-in-borghese","9":"product_cat-kit-investigatore","10":"product_cat-polycom","11":"product_cat-tph900","13":"first","14":"instock","15":"taxable","16":"shipping-taxable","17":"purchasable","18":"product-type-simple"},"tiered_pricing_type":"fixed","tiered_pricing_fixed_rules":[],"tiered_pricing_product_settings":{"layout":"default","base_unit_name":{"singular":null,"plural":null},"default_variation":null},"tiered_pricing_minimum_quantity":null,"tiered_pricing_roles_data":[],"tiered_pricing_percentage_rules":[],"_links":{"self":[{"href":"https:\/\/www.smartswiss-systems.com\/it\/wp-json\/wp\/v2\/product\/4504","targetHints":{"allow":["GET"]}}],"collection":[{"href":"https:\/\/www.smartswiss-systems.com\/it\/wp-json\/wp\/v2\/product"}],"about":[{"href":"https:\/\/www.smartswiss-systems.com\/it\/wp-json\/wp\/v2\/types\/product"}],"replies":[{"embeddable":true,"href":"https:\/\/www.smartswiss-systems.com\/it\/wp-json\/wp\/v2\/comments?post=4504"}],"wp:featuredmedia":[{"embeddable":true,"href":"https:\/\/www.smartswiss-systems.com\/it\/wp-json\/wp\/v2\/media\/4506"}],"wp:attachment":[{"href":"https:\/\/www.smartswiss-systems.com\/it\/wp-json\/wp\/v2\/media?parent=4504"}],"wp:term":[{"taxonomy":"product_brand","embeddable":true,"href":"https:\/\/www.smartswiss-systems.com\/it\/wp-json\/wp\/v2\/product_brand?post=4504"},{"taxonomy":"product_cat","embeddable":true,"href":"https:\/\/www.smartswiss-systems.com\/it\/wp-json\/wp\/v2\/product_cat?post=4504"},{"taxonomy":"product_tag","embeddable":true,"href":"https:\/\/www.smartswiss-systems.com\/it\/wp-json\/wp\/v2\/product_tag?post=4504"},{"taxonomy":"display-location","embeddable":true,"href":"https:\/\/www.smartswiss-systems.com\/it\/wp-json\/wp\/v2\/display-location?post=4504"}],"curies":[{"name":"wp","href":"https:\/\/api.w.org\/{rel}","templated":true}]}}