{"id":4488,"date":"2025-09-25T11:41:53","date_gmt":"2025-09-25T09:41:53","guid":{"rendered":"https:\/\/www.smartswiss-systems.com\/produkt\/kit-investigatore-a-2-cavi-con-presa-a-3-poli-da-35-mm-con-ptt-torpedo-tph900\/"},"modified":"2026-03-12T18:01:45","modified_gmt":"2026-03-12T17:01:45","slug":"kit-investigatore-a-2-cavi-con-presa-a-3-poli-da-35-mm-con-ptt-torpedo-tph900","status":"publish","type":"product","link":"https:\/\/www.smartswiss-systems.com\/it\/produkt\/kit-investigatore-a-2-cavi-con-presa-a-3-poli-da-35-mm-con-ptt-torpedo-tph900\/","title":{"rendered":"Kit investigatore a 2 cavi con presa a 3 poli da 3,5 mm \u2013 con PTT Torpedo \u2013 TPH900"},"content":{"rendered":"<p><strong>Kit investigatore a 2 cavi con presa a 3 poli da 3,5 mm \u2013 con PTT Torpedo \u2013 TPH900<\/strong><\/p>\n<p>Questo speciale kit investigatore \u00e8 stato sviluppato per operazioni sotto copertura in cui la discrezione e la reazione rapida sono fondamentali. Il collegamento avviene direttamente tramite il connettore radio TPH900 integrato alla radio portatile Polycom TPH900. <\/p>\n<p>Tramite la presa a 3 poli da 3,5 mm \u00e8 possibile collegare un auricolare di polizia selezionabile individualmente. Il microfono ad alta sensibilit\u00e0 \u00e8 integrato direttamente nella presa per risparmiare spazio, per un modo di indossare particolarmente discreto e nascosto. <\/p>\n<p>Una caratteristica centrale di questo kit \u00e8 il pulsante PTT Torpedo separato: \u00e8 collegato all&#8217;unit\u00e0 tramite un cavo lungo e pu\u00f2 essere guidato discretamente attraverso la manica. Indossato nella mano o nel pugno, consente un azionamento PTT particolarmente tattico e nascosto, senza movimenti visibili della mano. <\/p>\n<p>Questa versione \u00e8 ideale per situazioni in cui sono richieste la massima discrezione e il massimo controllo, senza compromessi in termini di qualit\u00e0 del suono o funzionalit\u00e0.<\/p>\n","protected":false},"excerpt":{"rendered":"<p>Kit investigatore a 2 cavi con presa a 3 poli da 3,5 mm \u2013 con PTT Torpedo \u2013 TPH900 Questo speciale kit investigatore \u00e8 stato sviluppato per operazioni sotto copertura in cui la discrezione e la reazione rapida sono fondamentali. Il collegamento avviene direttamente tramite il connettore radio TPH900 integrato alla radio portatile Polycom TPH900. [&hellip;]<\/p>\n","protected":false},"featured_media":5773,"comment_status":"closed","ping_status":"closed","template":"","meta":[],"product_brand":[],"product_cat":[199,344,347,342,196,197],"product_tag":[],"display-location":[],"class_list":{"0":"post-4488","1":"product","2":"type-product","3":"status-publish","4":"has-post-thumbnail","6":"product_cat-accessori-radio","7":"product_cat-cuffie","8":"product_cat-kit-da-agente-in-borghese","9":"product_cat-kit-investigatore","10":"product_cat-polycom","11":"product_cat-tph900","13":"first","14":"instock","15":"taxable","16":"shipping-taxable","17":"purchasable","18":"product-type-simple"},"tiered_pricing_type":"fixed","tiered_pricing_fixed_rules":[],"tiered_pricing_product_settings":{"layout":"default","base_unit_name":{"singular":null,"plural":null},"default_variation":null},"tiered_pricing_minimum_quantity":null,"tiered_pricing_roles_data":[],"tiered_pricing_percentage_rules":[],"_links":{"self":[{"href":"https:\/\/www.smartswiss-systems.com\/it\/wp-json\/wp\/v2\/product\/4488","targetHints":{"allow":["GET"]}}],"collection":[{"href":"https:\/\/www.smartswiss-systems.com\/it\/wp-json\/wp\/v2\/product"}],"about":[{"href":"https:\/\/www.smartswiss-systems.com\/it\/wp-json\/wp\/v2\/types\/product"}],"replies":[{"embeddable":true,"href":"https:\/\/www.smartswiss-systems.com\/it\/wp-json\/wp\/v2\/comments?post=4488"}],"wp:featuredmedia":[{"embeddable":true,"href":"https:\/\/www.smartswiss-systems.com\/it\/wp-json\/wp\/v2\/media\/5773"}],"wp:attachment":[{"href":"https:\/\/www.smartswiss-systems.com\/it\/wp-json\/wp\/v2\/media?parent=4488"}],"wp:term":[{"taxonomy":"product_brand","embeddable":true,"href":"https:\/\/www.smartswiss-systems.com\/it\/wp-json\/wp\/v2\/product_brand?post=4488"},{"taxonomy":"product_cat","embeddable":true,"href":"https:\/\/www.smartswiss-systems.com\/it\/wp-json\/wp\/v2\/product_cat?post=4488"},{"taxonomy":"product_tag","embeddable":true,"href":"https:\/\/www.smartswiss-systems.com\/it\/wp-json\/wp\/v2\/product_tag?post=4488"},{"taxonomy":"display-location","embeddable":true,"href":"https:\/\/www.smartswiss-systems.com\/it\/wp-json\/wp\/v2\/display-location?post=4488"}],"curies":[{"name":"wp","href":"https:\/\/api.w.org\/{rel}","templated":true}]}}