{"id":4256,"date":"2025-09-15T11:40:23","date_gmt":"2025-09-15T09:40:23","guid":{"rendered":"https:\/\/www.smartswiss-systems.com\/produkt\/auricolare-con-tubo-acustico-spirale-60cm-35mm-2-poli\/"},"modified":"2025-12-03T13:42:12","modified_gmt":"2025-12-03T12:42:12","slug":"auricolare-con-tubo-acustico-spirale-60cm-35mm-2-poli","status":"publish","type":"product","link":"https:\/\/www.smartswiss-systems.com\/it\/produkt\/auricolare-con-tubo-acustico-spirale-60cm-35mm-2-poli\/","title":{"rendered":"Auricolare con tubo acustico \u2013 Spirale 60cm \u2013 3,5mm 2 poli"},"content":{"rendered":"<p><strong>Auricolari a tubo acustico per polizia e autorit\u00e0<\/strong> \u2013 Qualit\u00e0 comprovata per uso professionale<\/p>\n<p>I nostri auricolari a tubo acustico si sono ampiamente dimostrati validi nell&#8217;uso quotidiano da parte di polizia, servizi di sicurezza e autorit\u00e0. Convincono per l&#8217;affidabile qualit\u00e0 audio e l&#8217;elevato comfort \u2013 ideali per le esigenze di comunicazione professionali. <\/p>\n<p>Di serie, i nostri auricolari sono disponibili con cavo a spirale da 30 cm o 60 cm, nonch\u00e9 con cavo dritto da 90 cm, dotato anche di una clip. Per aree di utilizzo igienicamente sensibili, offriamo anche set di auricolari con inserti auricolari sigillati singolarmente \u2013 una misura igienica semplice ed efficace in caso di frequente cambio di utente. <\/p>\n<p>Gli auricolari dispongono di un connettore jack da 3,5 mm, con la connessione a 2 poli che \u00e8 la pi\u00f9 utilizzata. Tuttavia, alcune unit\u00e0 di controllo richiedono un connettore a 3 poli \u2013 si prega di tenerne conto nella scelta del modello appropriato. <\/p>\n<p>Sia nel servizio di pattuglia, nella comunicazione con le centrali operative o nel settore eventi \u2013 i nostri auricolari a tubo acustico sono sinonimo di qualit\u00e0 comprovata, intelligibilit\u00e0 vocale ottimale e funzionalit\u00e0 professionale.<\/p>\n","protected":false},"excerpt":{"rendered":"<p>Auricolari a tubo acustico per polizia e autorit\u00e0 \u2013 Qualit\u00e0 comprovata per uso professionale I nostri auricolari a tubo acustico si sono ampiamente dimostrati validi nell&#8217;uso quotidiano da parte di polizia, servizi di sicurezza e autorit\u00e0. Convincono per l&#8217;affidabile qualit\u00e0 audio e l&#8217;elevato comfort \u2013 ideali per le esigenze di comunicazione professionali. Di serie, i [&hellip;]<\/p>\n","protected":false},"featured_media":4232,"comment_status":"closed","ping_status":"closed","template":"","meta":[],"product_brand":[],"product_cat":[199,276,277],"product_tag":[],"display-location":[],"class_list":{"0":"post-4256","1":"product","2":"type-product","3":"status-publish","4":"has-post-thumbnail","6":"product_cat-accessori-radio","7":"product_cat-auricolari","8":"product_cat-tubo-acustico","10":"first","11":"instock","12":"taxable","13":"shipping-taxable","14":"purchasable","15":"product-type-simple"},"tiered_pricing_type":"fixed","tiered_pricing_fixed_rules":{"10":28.41,"30":26.16,"50":22.43},"tiered_pricing_product_settings":{"layout":"default","base_unit_name":{"singular":null,"plural":null},"default_variation":null},"tiered_pricing_minimum_quantity":null,"tiered_pricing_roles_data":[],"tiered_pricing_percentage_rules":[],"_links":{"self":[{"href":"https:\/\/www.smartswiss-systems.com\/it\/wp-json\/wp\/v2\/product\/4256","targetHints":{"allow":["GET"]}}],"collection":[{"href":"https:\/\/www.smartswiss-systems.com\/it\/wp-json\/wp\/v2\/product"}],"about":[{"href":"https:\/\/www.smartswiss-systems.com\/it\/wp-json\/wp\/v2\/types\/product"}],"replies":[{"embeddable":true,"href":"https:\/\/www.smartswiss-systems.com\/it\/wp-json\/wp\/v2\/comments?post=4256"}],"wp:featuredmedia":[{"embeddable":true,"href":"https:\/\/www.smartswiss-systems.com\/it\/wp-json\/wp\/v2\/media\/4232"}],"wp:attachment":[{"href":"https:\/\/www.smartswiss-systems.com\/it\/wp-json\/wp\/v2\/media?parent=4256"}],"wp:term":[{"taxonomy":"product_brand","embeddable":true,"href":"https:\/\/www.smartswiss-systems.com\/it\/wp-json\/wp\/v2\/product_brand?post=4256"},{"taxonomy":"product_cat","embeddable":true,"href":"https:\/\/www.smartswiss-systems.com\/it\/wp-json\/wp\/v2\/product_cat?post=4256"},{"taxonomy":"product_tag","embeddable":true,"href":"https:\/\/www.smartswiss-systems.com\/it\/wp-json\/wp\/v2\/product_tag?post=4256"},{"taxonomy":"display-location","embeddable":true,"href":"https:\/\/www.smartswiss-systems.com\/it\/wp-json\/wp\/v2\/display-location?post=4256"}],"curies":[{"name":"wp","href":"https:\/\/api.w.org\/{rel}","templated":true}]}}