{"id":4238,"date":"2025-09-16T11:03:34","date_gmt":"2025-09-16T09:03:34","guid":{"rendered":"https:\/\/www.smartswiss-systems.com\/produkt\/auricolari-flexi-dritto-90cm-3-5mm-2-poli-clip\/"},"modified":"2025-12-03T13:44:06","modified_gmt":"2025-12-03T12:44:06","slug":"auricolari-flexi-dritto-90cm-3-5mm-2-poli-clip","status":"publish","type":"product","link":"https:\/\/www.smartswiss-systems.com\/it\/produkt\/auricolari-flexi-dritto-90cm-3-5mm-2-poli-clip\/","title":{"rendered":"Auricolari Flexi \u2013 Dritto 90cm \u2013 3.5mm 2 poli \u2013 Clip"},"content":{"rendered":"<p><strong>Auricolari Flexi per polizia e autorit\u00e0 \u2013 Flessibili e adattabili per il massimo comfort<\/strong><\/p>\n<p>I nostri auricolari Flexi sono perfetti per l&#8217;uso professionale da parte di polizia, servizi di sicurezza e autorit\u00e0. Offrono non solo una qualit\u00e0 audio affidabile, ma anche una vestibilit\u00e0 personalizzabile, ideale per l&#8217;uso quotidiano in situazioni impegnative. <\/p>\n<p>L&#8217;archetto flessibile pu\u00f2 essere posizionato in modo che l&#8217;auricolare possa essere indossato sia sull&#8217;orecchio sinistro che su quello destro. A seconda delle necessit\u00e0, l&#8217;archetto pu\u00f2 essere orientato verso l&#8217;alto o verso il basso per una tenuta e un comfort ottimali, anche durante interventi prolungati. <\/p>\n<p>L&#8217;auricolare Flexi \u00e8 disponibile a scelta con cavo a spirale da 30 cm o 60 cm, nonch\u00e9 con cavo diritto da 90 cm, dotato anche di una clip.<\/p>\n<p>Di serie, gli auricolari dispongono di un connettore jack da 3,5 mm. Di norma viene utilizzato un connettore a 2 poli, ma alcune unit\u00e0 di controllo richiedono un connettore a 3 poli \u2013 si prega di tenerne conto nella scelta del modello appropriato. <\/p>\n<p><strong>Per una comunicazione chiara e una tenuta sicura, flessibile nell&#8217;uso quotidiano.<\/strong><\/p>\n","protected":false},"excerpt":{"rendered":"<p>Auricolari Flexi per polizia e autorit\u00e0 \u2013 Flessibili e adattabili per il massimo comfort I nostri auricolari Flexi sono perfetti per l&#8217;uso professionale da parte di polizia, servizi di sicurezza e autorit\u00e0. Offrono non solo una qualit\u00e0 audio affidabile, ma anche una vestibilit\u00e0 personalizzabile, ideale per l&#8217;uso quotidiano in situazioni impegnative. L&#8217;archetto flessibile pu\u00f2 essere [&hellip;]<\/p>\n","protected":false},"featured_media":4241,"comment_status":"closed","ping_status":"closed","template":"","meta":[],"product_brand":[],"product_cat":[199,276,285],"product_tag":[],"display-location":[],"class_list":{"0":"post-4238","1":"product","2":"type-product","3":"status-publish","4":"has-post-thumbnail","6":"product_cat-accessori-radio","7":"product_cat-auricolari","8":"product_cat-flexi","10":"first","11":"instock","12":"taxable","13":"shipping-taxable","14":"purchasable","15":"product-type-simple"},"tiered_pricing_type":"fixed","tiered_pricing_fixed_rules":{"10":18.05,"30":16.63,"50":14.25},"tiered_pricing_product_settings":{"layout":"default","base_unit_name":{"singular":null,"plural":null},"default_variation":null},"tiered_pricing_minimum_quantity":null,"tiered_pricing_roles_data":[],"tiered_pricing_percentage_rules":[],"_links":{"self":[{"href":"https:\/\/www.smartswiss-systems.com\/it\/wp-json\/wp\/v2\/product\/4238","targetHints":{"allow":["GET"]}}],"collection":[{"href":"https:\/\/www.smartswiss-systems.com\/it\/wp-json\/wp\/v2\/product"}],"about":[{"href":"https:\/\/www.smartswiss-systems.com\/it\/wp-json\/wp\/v2\/types\/product"}],"replies":[{"embeddable":true,"href":"https:\/\/www.smartswiss-systems.com\/it\/wp-json\/wp\/v2\/comments?post=4238"}],"wp:featuredmedia":[{"embeddable":true,"href":"https:\/\/www.smartswiss-systems.com\/it\/wp-json\/wp\/v2\/media\/4241"}],"wp:attachment":[{"href":"https:\/\/www.smartswiss-systems.com\/it\/wp-json\/wp\/v2\/media?parent=4238"}],"wp:term":[{"taxonomy":"product_brand","embeddable":true,"href":"https:\/\/www.smartswiss-systems.com\/it\/wp-json\/wp\/v2\/product_brand?post=4238"},{"taxonomy":"product_cat","embeddable":true,"href":"https:\/\/www.smartswiss-systems.com\/it\/wp-json\/wp\/v2\/product_cat?post=4238"},{"taxonomy":"product_tag","embeddable":true,"href":"https:\/\/www.smartswiss-systems.com\/it\/wp-json\/wp\/v2\/product_tag?post=4238"},{"taxonomy":"display-location","embeddable":true,"href":"https:\/\/www.smartswiss-systems.com\/it\/wp-json\/wp\/v2\/display-location?post=4238"}],"curies":[{"name":"wp","href":"https:\/\/api.w.org\/{rel}","templated":true}]}}