{"id":4219,"date":"2025-09-15T10:47:32","date_gmt":"2025-09-15T08:47:32","guid":{"rendered":"https:\/\/www.smartswiss-systems.com\/produkt\/monofono-manuale-m11-per-tph900-regolazione-del-volume-pulsante-di-emergenza\/"},"modified":"2025-12-03T13:43:56","modified_gmt":"2025-12-03T12:43:56","slug":"monofono-manuale-m11-per-tph900-regolazione-del-volume-pulsante-di-emergenza","status":"publish","type":"product","link":"https:\/\/www.smartswiss-systems.com\/it\/produkt\/monofono-manuale-m11-per-tph900-regolazione-del-volume-pulsante-di-emergenza\/","title":{"rendered":"Monofono manuale M11 per TPH900 \u2013 Regolazione del volume \u2013 Pulsante di emergenza"},"content":{"rendered":"<p><strong>Monofono M11<\/strong> con regolazione del volume<\/p>\n<hr>\n<p>Il monofono M11 convince per la sua struttura compatta e una particolarit\u00e0 che lo distingue da molti altri microfoni manuali: la regolazione del volume integrata. Questa funzione \u00e8 molto apprezzata soprattutto dalle organizzazioni di sicurezza e di soccorso, come i servizi di ambulanza, poich\u00e9 consente di adattare in modo flessibile il volume del traffico radio alla situazione specifica. <\/p>\n<p>Con la classe di protezione IP55, l&#8217;M11 \u00e8 protetto in modo affidabile da polvere e getti d&#8217;acqua, risultando quindi ideale per l&#8217;uso professionale quotidiano. La chiara trasmissione audio garantisce una comunicazione chiara, anche in ambienti difficili. <\/p>\n<p>Il design ergonomico garantisce una maneggevolezza confortevole, mentre tramite il jack da 3,5 mm integrato \u00e8 possibile collegare auricolari esterni, se necessario.<\/p>\n<p><strong>L&#8217;M11 \u2013 compatto, orientato alla pratica e con regolazione flessibile del volume per una comunicazione professionale.<\/strong><\/p>\n","protected":false},"excerpt":{"rendered":"<p>Monofono M11 con regolazione del volume Il monofono M11 convince per la sua struttura compatta e una particolarit\u00e0 che lo distingue da molti altri microfoni manuali: la regolazione del volume integrata. Questa funzione \u00e8 molto apprezzata soprattutto dalle organizzazioni di sicurezza e di soccorso, come i servizi di ambulanza, poich\u00e9 consente di adattare in modo [&hellip;]<\/p>\n","protected":false},"featured_media":4222,"comment_status":"closed","ping_status":"closed","template":"","meta":[],"product_brand":[],"product_cat":[199,198,203,196,272,197],"product_tag":[],"display-location":[],"class_list":{"0":"post-4219","1":"product","2":"type-product","3":"status-publish","4":"has-post-thumbnail","6":"product_cat-accessori-radio","7":"product_cat-monofoni","8":"product_cat-monofoni-2","9":"product_cat-polycom","10":"product_cat-serie-m11","11":"product_cat-tph900","13":"first","14":"instock","15":"taxable","16":"shipping-taxable","17":"purchasable","18":"product-type-simple"},"tiered_pricing_type":"fixed","tiered_pricing_fixed_rules":[],"tiered_pricing_product_settings":{"layout":"default","base_unit_name":{"singular":null,"plural":null},"default_variation":null},"tiered_pricing_minimum_quantity":null,"tiered_pricing_roles_data":[],"tiered_pricing_percentage_rules":[],"_links":{"self":[{"href":"https:\/\/www.smartswiss-systems.com\/it\/wp-json\/wp\/v2\/product\/4219","targetHints":{"allow":["GET"]}}],"collection":[{"href":"https:\/\/www.smartswiss-systems.com\/it\/wp-json\/wp\/v2\/product"}],"about":[{"href":"https:\/\/www.smartswiss-systems.com\/it\/wp-json\/wp\/v2\/types\/product"}],"replies":[{"embeddable":true,"href":"https:\/\/www.smartswiss-systems.com\/it\/wp-json\/wp\/v2\/comments?post=4219"}],"wp:featuredmedia":[{"embeddable":true,"href":"https:\/\/www.smartswiss-systems.com\/it\/wp-json\/wp\/v2\/media\/4222"}],"wp:attachment":[{"href":"https:\/\/www.smartswiss-systems.com\/it\/wp-json\/wp\/v2\/media?parent=4219"}],"wp:term":[{"taxonomy":"product_brand","embeddable":true,"href":"https:\/\/www.smartswiss-systems.com\/it\/wp-json\/wp\/v2\/product_brand?post=4219"},{"taxonomy":"product_cat","embeddable":true,"href":"https:\/\/www.smartswiss-systems.com\/it\/wp-json\/wp\/v2\/product_cat?post=4219"},{"taxonomy":"product_tag","embeddable":true,"href":"https:\/\/www.smartswiss-systems.com\/it\/wp-json\/wp\/v2\/product_tag?post=4219"},{"taxonomy":"display-location","embeddable":true,"href":"https:\/\/www.smartswiss-systems.com\/it\/wp-json\/wp\/v2\/display-location?post=4219"}],"curies":[{"name":"wp","href":"https:\/\/api.w.org\/{rel}","templated":true}]}}