{"id":3889,"date":"2025-10-30T13:03:26","date_gmt":"2025-10-30T12:03:26","guid":{"rendered":"https:\/\/www.smartswiss-systems.com\/colophon\/"},"modified":"2025-12-03T09:47:34","modified_gmt":"2025-12-03T08:47:34","slug":"colophon","status":"publish","type":"page","link":"https:\/\/www.smartswiss-systems.com\/it\/colophon\/","title":{"rendered":"Colophon"},"content":{"rendered":"\t\t<div data-elementor-type=\"wp-page\" data-elementor-id=\"3889\" class=\"elementor elementor-3889 elementor-2143\" data-elementor-post-type=\"page\">\n\t\t\t\t<div class=\"elementor-element elementor-element-f15ee20 e-flex e-con-boxed e-con e-parent\" data-id=\"f15ee20\" data-element_type=\"container\" data-e-type=\"container\" data-settings=\"{&quot;background_background&quot;:&quot;classic&quot;}\">\n\t\t\t\t\t<div class=\"e-con-inner\">\n\t\t\t\t<div class=\"elementor-element elementor-element-c568997 elementor-widget elementor-widget-heading\" data-id=\"c568997\" data-element_type=\"widget\" data-e-type=\"widget\" data-widget_type=\"heading.default\">\n\t\t\t\t\t<h2 class=\"elementor-heading-title elementor-size-default\">Colophon<\/h2>\t\t\t\t<\/div>\n\t\t\t\t<div class=\"elementor-element elementor-element-d6b6ca8 elementor-widget__width-inherit elementor-widget-divider--view-line elementor-widget elementor-widget-divider\" data-id=\"d6b6ca8\" data-element_type=\"widget\" data-e-type=\"widget\" data-widget_type=\"divider.default\">\n\t\t\t\t\t\t\t<div class=\"elementor-divider\">\n\t\t\t<span class=\"elementor-divider-separator\">\n\t\t\t\t\t\t<\/span>\n\t\t<\/div>\n\t\t\t\t\t\t<\/div>\n\t\t\t\t<div class=\"elementor-element elementor-element-ddd6e3e elementor-widget elementor-widget-text-editor\" data-id=\"ddd6e3e\" data-element_type=\"widget\" data-e-type=\"widget\" data-widget_type=\"text-editor.default\">\n\t\t\t\t\t\t\t\t\t<p>SmartSwiss Systems<\/p>\t\t\t\t\t\t\t\t<\/div>\n\t\t\t\t\t<\/div>\n\t\t\t\t<\/div>\n\t\t<div class=\"elementor-element elementor-element-83e901a e-flex e-con-boxed e-con e-parent\" data-id=\"83e901a\" data-element_type=\"container\" data-e-type=\"container\" data-settings=\"{&quot;background_background&quot;:&quot;classic&quot;}\">\n\t\t\t\t\t<div class=\"e-con-inner\">\n\t\t\t\t<div class=\"elementor-element elementor-element-44397b9 elementor-widget elementor-widget-heading\" data-id=\"44397b9\" data-element_type=\"widget\" data-e-type=\"widget\" data-widget_type=\"heading.default\">\n\t\t\t\t\t<span class=\"elementor-heading-title elementor-size-default\">SmartSwiss Systems SA<\/span>\t\t\t\t<\/div>\n\t\t\t\t<div class=\"elementor-element elementor-element-75a82ed elementor-widget__width-inherit elementor-widget-divider--view-line elementor-widget elementor-widget-divider\" data-id=\"75a82ed\" data-element_type=\"widget\" data-e-type=\"widget\" data-widget_type=\"divider.default\">\n\t\t\t\t\t\t\t<div class=\"elementor-divider\">\n\t\t\t<span class=\"elementor-divider-separator\">\n\t\t\t\t\t\t<\/span>\n\t\t<\/div>\n\t\t\t\t\t\t<\/div>\n\t\t\t\t<div class=\"elementor-element elementor-element-778e591 elementor-widget elementor-widget-text-editor\" data-id=\"778e591\" data-element_type=\"widget\" data-e-type=\"widget\" data-widget_type=\"text-editor.default\">\n\t\t\t\t\t\t\t\t\t<p>Routes de Denges, 28F<br>1027 Lonay (Svizzera)<\/p><p>Telefono: +41 21 801 83 42<\/p><p>E-mail: <a href=\"mailto:info@smartswiss%20systems.com\">info@smartswiss systems.com<\/a><\/p><p>Web: <a href=\"https:\/\/www.smartswiss-systems.com\">www.smartswiss-systems.com<\/a><\/p><p><strong>Persone autorizzate alla rappresentanza<\/strong><\/p><p>Christian Scholkopf, CEO<\/p><p><strong>Numero di identificazione dell&#8217;impresa (IDI):<\/strong> CH-236.651.911<\/p><p><strong>Iscrizione al registro di commercio:<\/strong> Canton Vaud<\/p><p><strong>Partita IVA:<\/strong> CH-236.651.911<\/p><p><strong>Esclusione di responsabilit\u00e0<\/strong><\/p><p>SmartSwiss Systems SA non si assume alcuna responsabilit\u00e0 per la correttezza, la completezza e l&#8217;attualit\u00e0 dei contenuti forniti. Sono escluse rivendicazioni di responsabilit\u00e0 nei confronti di SmartSwiss Systems SA derivanti dall&#8217;utilizzo del sito web, a meno che non vi sia una colpa comprovata intenzionale o gravemente negligente. <\/p><p><strong>Diritto d&#8217;autore<\/strong><\/p><p>Tutti i contenuti, le immagini e la grafica presenti su questo sito web sono protetti da copyright. L&#8217;utilizzo senza l&#8217;esplicito consenso di SmartSwiss Systems SA \u00e8 vietato. <\/p><p> <\/p>\t\t\t\t\t\t\t\t<\/div>\n\t\t\t\t\t<\/div>\n\t\t\t\t<\/div>\n\t\t\t\t<\/div>\n\t\t","protected":false},"excerpt":{"rendered":"<p>Colophon SmartSwiss Systems SmartSwiss Systems SA Routes de Denges, 28F1027 Lonay (Svizzera) Telefono: +41 21 801 83 42 E-mail: info@smartswiss systems.com Web: www.smartswiss-systems.com Persone autorizzate alla rappresentanza Christian Scholkopf, CEO Numero di identificazione dell&#8217;impresa (IDI): CH-236.651.911 Iscrizione al registro di commercio: Canton Vaud Partita IVA: CH-236.651.911 Esclusione di responsabilit\u00e0 SmartSwiss Systems SA non si assume [&hellip;]<\/p>\n","protected":false},"author":1,"featured_media":0,"parent":0,"menu_order":0,"comment_status":"closed","ping_status":"closed","template":"","meta":{"footnotes":""},"class_list":["post-3889","page","type-page","status-publish","hentry"],"_links":{"self":[{"href":"https:\/\/www.smartswiss-systems.com\/it\/wp-json\/wp\/v2\/pages\/3889","targetHints":{"allow":["GET"]}}],"collection":[{"href":"https:\/\/www.smartswiss-systems.com\/it\/wp-json\/wp\/v2\/pages"}],"about":[{"href":"https:\/\/www.smartswiss-systems.com\/it\/wp-json\/wp\/v2\/types\/page"}],"author":[{"embeddable":true,"href":"https:\/\/www.smartswiss-systems.com\/it\/wp-json\/wp\/v2\/users\/1"}],"replies":[{"embeddable":true,"href":"https:\/\/www.smartswiss-systems.com\/it\/wp-json\/wp\/v2\/comments?post=3889"}],"version-history":[{"count":1,"href":"https:\/\/www.smartswiss-systems.com\/it\/wp-json\/wp\/v2\/pages\/3889\/revisions"}],"predecessor-version":[{"id":3890,"href":"https:\/\/www.smartswiss-systems.com\/it\/wp-json\/wp\/v2\/pages\/3889\/revisions\/3890"}],"wp:attachment":[{"href":"https:\/\/www.smartswiss-systems.com\/it\/wp-json\/wp\/v2\/media?parent=3889"}],"curies":[{"name":"wp","href":"https:\/\/api.w.org\/{rel}","templated":true}]}}