{"id":3630,"date":"2025-09-08T14:12:04","date_gmt":"2025-09-08T12:12:04","guid":{"rendered":"https:\/\/www.smartswiss-systems.com\/servizio\/"},"modified":"2026-02-05T11:42:49","modified_gmt":"2026-02-05T10:42:49","slug":"servizio","status":"publish","type":"page","link":"https:\/\/www.smartswiss-systems.com\/it\/servizio\/","title":{"rendered":"Servizio"},"content":{"rendered":"\t\t<div data-elementor-type=\"wp-page\" data-elementor-id=\"3630\" class=\"elementor elementor-3630 elementor-74\" data-elementor-post-type=\"page\">\n\t\t\t\t<div class=\"elementor-element elementor-element-fe0feec e-flex e-con-boxed e-con e-parent\" data-id=\"fe0feec\" data-element_type=\"container\" data-e-type=\"container\" data-settings=\"{&quot;background_background&quot;:&quot;classic&quot;}\">\n\t\t\t\t\t<div class=\"e-con-inner\">\n\t\t\t\t<div class=\"elementor-element elementor-element-be9ab13 elementor-widget elementor-widget-heading\" data-id=\"be9ab13\" data-element_type=\"widget\" data-e-type=\"widget\" data-widget_type=\"heading.default\">\n\t\t\t\t\t<h2 class=\"elementor-heading-title elementor-size-default\">SmartSwiss Systems<\/h2>\t\t\t\t<\/div>\n\t\t\t\t<div class=\"elementor-element elementor-element-5a7f675 elementor-widget__width-inherit elementor-widget-divider--view-line elementor-widget elementor-widget-divider\" data-id=\"5a7f675\" data-element_type=\"widget\" data-e-type=\"widget\" data-widget_type=\"divider.default\">\n\t\t\t\t\t\t\t<div class=\"elementor-divider\">\n\t\t\t<span class=\"elementor-divider-separator\">\n\t\t\t\t\t\t<\/span>\n\t\t<\/div>\n\t\t\t\t\t\t<\/div>\n\t\t\t\t<div class=\"elementor-element elementor-element-3d0b119 elementor-widget elementor-widget-text-editor\" data-id=\"3d0b119\" data-element_type=\"widget\" data-e-type=\"widget\" data-widget_type=\"text-editor.default\">\n\t\t\t\t\t\t\t\t\t<p>Sempre a vostra disposizione<\/p>\t\t\t\t\t\t\t\t<\/div>\n\t\t\t\t\t<\/div>\n\t\t\t\t<\/div>\n\t\t<div class=\"elementor-element elementor-element-6ae7123 e-con-full e-flex e-con e-parent\" data-id=\"6ae7123\" data-element_type=\"container\" data-e-type=\"container\">\n\t\t<div class=\"elementor-element elementor-element-0524de9 e-con-full left-padding e-flex e-con e-child\" data-id=\"0524de9\" data-element_type=\"container\" data-e-type=\"container\">\n\t\t\t\t<div class=\"elementor-element elementor-element-90ff1eb multicolor-title light elementor-widget elementor-widget-heading\" data-id=\"90ff1eb\" data-element_type=\"widget\" data-e-type=\"widget\" data-widget_type=\"heading.default\">\n\t\t\t\t\t<h2 class=\"elementor-heading-title elementor-size-default\"><em>Esperto di-<\/em> comunicazioni critiche<\/h2>\t\t\t\t<\/div>\n\t\t\t\t<div class=\"elementor-element elementor-element-5b5d4a2 elementor-widget__width-inherit elementor-widget-divider--view-line elementor-widget elementor-widget-divider\" data-id=\"5b5d4a2\" data-element_type=\"widget\" data-e-type=\"widget\" data-widget_type=\"divider.default\">\n\t\t\t\t\t\t\t<div class=\"elementor-divider\">\n\t\t\t<span class=\"elementor-divider-separator\">\n\t\t\t\t\t\t<\/span>\n\t\t<\/div>\n\t\t\t\t\t\t<\/div>\n\t\t\t\t<div class=\"elementor-element elementor-element-23e3718 elementor-widget elementor-widget-text-editor\" data-id=\"23e3718\" data-element_type=\"widget\" data-e-type=\"widget\" data-widget_type=\"text-editor.default\">\n\t\t\t\t\t\t\t\t\t<p><strong>SmartSwiss Systems SA<\/strong> nell&#8217;ambito dei suoi progetti, elabora analisi dettagliate sui requisiti per una comunicazione sicura e si occupa di tutti i servizi per l&#8217;implementazione controllata di una soluzione di comunicazione olistica.<\/p><p>L&#8217;integrazione di tecnologie innovative richiede una metodologia adattata, una conoscenza approfondita dei moderni metodi di trasmissione e lo scambio di esperienze con i principali partner di mercato.<\/p>\t\t\t\t\t\t\t\t<\/div>\n\t\t\t\t<\/div>\n\t\t<div class=\"elementor-element elementor-element-de051c8 e-con-full e-flex e-con e-child\" data-id=\"de051c8\" data-element_type=\"container\" data-e-type=\"container\">\n\t\t\t\t<div class=\"elementor-element elementor-element-780989a solution-carousel elementor-pagination-type-bullets elementor-pagination-position-outside elementor-widget elementor-widget-n-carousel\" data-id=\"780989a\" data-element_type=\"widget\" data-e-type=\"widget\" data-settings=\"{&quot;carousel_items&quot;:[{&quot;slide_title&quot;:&quot;Slide #1&quot;,&quot;_id&quot;:&quot;ade7bcc&quot;}],&quot;slides_to_show&quot;:&quot;2&quot;,&quot;slides_to_scroll&quot;:&quot;1&quot;,&quot;offset_sides&quot;:&quot;right&quot;,&quot;offset_width&quot;:{&quot;unit&quot;:&quot;px&quot;,&quot;size&quot;:250,&quot;sizes&quot;:[]},&quot;image_spacing_custom&quot;:{&quot;unit&quot;:&quot;px&quot;,&quot;size&quot;:20,&quot;sizes&quot;:[]},&quot;offset_width_tablet&quot;:{&quot;unit&quot;:&quot;px&quot;,&quot;size&quot;:0,&quot;sizes&quot;:[]},&quot;offset_width_mobile&quot;:{&quot;unit&quot;:&quot;px&quot;,&quot;size&quot;:0,&quot;sizes&quot;:[]},&quot;slides_to_show_tablet&quot;:&quot;2&quot;,&quot;slides_to_show_mobile&quot;:&quot;1&quot;,&quot;autoplay&quot;:&quot;yes&quot;,&quot;autoplay_speed&quot;:5000,&quot;pause_on_hover&quot;:&quot;yes&quot;,&quot;pause_on_interaction&quot;:&quot;yes&quot;,&quot;infinite&quot;:&quot;yes&quot;,&quot;speed&quot;:500,&quot;pagination&quot;:&quot;bullets&quot;,&quot;image_spacing_custom_tablet&quot;:{&quot;unit&quot;:&quot;px&quot;,&quot;size&quot;:&quot;&quot;,&quot;sizes&quot;:[]},&quot;image_spacing_custom_mobile&quot;:{&quot;unit&quot;:&quot;px&quot;,&quot;size&quot;:&quot;&quot;,&quot;sizes&quot;:[]}}\" data-widget_type=\"nested-carousel.default\">\n\t\t\t\t\t\t\t<div class=\"e-n-carousel swiper\" role=\"region\" aria-roledescription=\"carousel\" aria-label=\"Carousel\" dir=\"ltr\">\n\t\t\t<div class=\"swiper-wrapper\" aria-live=\"off\">\n\t\t\t\t\t\t\t\t\t\t<div class=\"swiper-slide\" data-slide=\"1\" role=\"group\" aria-roledescription=\"slide\" aria-label=\"1 di 1\">\n\t\t\t\t\t\t\t<div class=\"elementor-element elementor-element-54ad984 e-flex e-con-boxed e-con e-child\" data-id=\"54ad984\" data-element_type=\"container\" data-e-type=\"container\">\n\t\t\t\t\t<div class=\"e-con-inner\">\n\t\t\t\t<div class=\"elementor-element elementor-element-2dbcda4 elementor-widget elementor-widget-image\" data-id=\"2dbcda4\" data-element_type=\"widget\" data-e-type=\"widget\" data-widget_type=\"image.default\">\n\t\t\t\t\t\t\t\t\t\t\t\t\t\t\t<img fetchpriority=\"high\" decoding=\"async\" width=\"756\" height=\"301\" src=\"https:\/\/www.smartswiss-systems.com\/wp-content\/uploads\/2025\/10\/service1.jpg\" class=\"attachment-large size-large wp-image-3635\" alt=\"\" srcset=\"https:\/\/www.smartswiss-systems.com\/wp-content\/uploads\/2025\/10\/service1.jpg 756w, https:\/\/www.smartswiss-systems.com\/wp-content\/uploads\/2025\/10\/service1-300x119.jpg 300w, https:\/\/www.smartswiss-systems.com\/wp-content\/uploads\/2025\/10\/service1-600x239.jpg 600w\" sizes=\"(max-width: 756px) 100vw, 756px\" \/>\t\t\t\t\t\t\t\t\t\t\t\t\t\t\t<\/div>\n\t\t\t\t\t<\/div>\n\t\t\t\t<\/div>\n\t\t\t\t\t\t\t\t<\/div>\n\t\t\t\t\t\t\t\t<\/div>\n\t\t<\/div>\n\t\t\t\t\t\t<\/div>\n\t\t\t\t<\/div>\n\t\t\t\t<\/div>\n\t\t<div class=\"elementor-element elementor-element-f14c5b5 e-flex e-con-boxed e-con e-parent\" data-id=\"f14c5b5\" data-element_type=\"container\" data-e-type=\"container\" data-settings=\"{&quot;background_background&quot;:&quot;classic&quot;}\">\n\t\t\t\t\t<div class=\"e-con-inner\">\n\t\t\t\t<div class=\"elementor-element elementor-element-8475c2a elementor-widget__width-inherit multicolor-title light elementor-widget elementor-widget-heading\" data-id=\"8475c2a\" data-element_type=\"widget\" data-e-type=\"widget\" data-widget_type=\"heading.default\">\n\t\t\t\t\t<h1 class=\"elementor-heading-title elementor-size-default\"><i>Analisi di copertura della rete<\/i><br>APCO25 \u00b7 DMR \u00b7 TETRA \u00b7 Polycom<\/h1>\t\t\t\t<\/div>\n\t\t\t\t<div class=\"elementor-element elementor-element-380179d elementor-widget__width-inherit double-divider right elementor-widget-divider--view-line elementor-widget elementor-widget-divider\" data-id=\"380179d\" data-element_type=\"widget\" data-e-type=\"widget\" data-widget_type=\"divider.default\">\n\t\t\t\t\t\t\t<div class=\"elementor-divider\">\n\t\t\t<span class=\"elementor-divider-separator\">\n\t\t\t\t\t\t<\/span>\n\t\t<\/div>\n\t\t\t\t\t\t<\/div>\n\t\t\t\t\t<\/div>\n\t\t\t\t<\/div>\n\t\t<div class=\"elementor-element elementor-element-7bf9769 product-wrapper full e-flex e-con-boxed e-con e-parent\" data-id=\"7bf9769\" data-element_type=\"container\" data-e-type=\"container\" data-settings=\"{&quot;background_background&quot;:&quot;classic&quot;}\">\n\t\t\t\t\t<div class=\"e-con-inner\">\n\t\t<div class=\"elementor-element elementor-element-aa1d041 e-con-full product-main-page e-flex e-con e-child\" data-id=\"aa1d041\" data-element_type=\"container\" data-e-type=\"container\" data-settings=\"{&quot;background_background&quot;:&quot;classic&quot;}\">\n\t\t<div class=\"elementor-element elementor-element-7f04f71 e-con-full e-flex e-con e-child\" data-id=\"7f04f71\" data-element_type=\"container\" data-e-type=\"container\">\n\t\t\t\t<div class=\"elementor-element elementor-element-c5c3910 elementor-widget elementor-widget-image\" data-id=\"c5c3910\" data-element_type=\"widget\" data-e-type=\"widget\" data-widget_type=\"image.default\">\n\t\t\t\t\t\t\t\t\t\t\t\t\t\t\t<img decoding=\"async\" width=\"800\" height=\"500\" src=\"https:\/\/www.smartswiss-systems.com\/wp-content\/uploads\/2025\/10\/service2.jpg\" class=\"attachment-large size-large wp-image-3637\" alt=\"\" srcset=\"https:\/\/www.smartswiss-systems.com\/wp-content\/uploads\/2025\/10\/service2.jpg 844w, https:\/\/www.smartswiss-systems.com\/wp-content\/uploads\/2025\/10\/service2-300x187.jpg 300w, https:\/\/www.smartswiss-systems.com\/wp-content\/uploads\/2025\/10\/service2-768x480.jpg 768w, https:\/\/www.smartswiss-systems.com\/wp-content\/uploads\/2025\/10\/service2-600x375.jpg 600w\" sizes=\"(max-width: 800px) 100vw, 800px\" \/>\t\t\t\t\t\t\t\t\t\t\t\t\t\t\t<\/div>\n\t\t<div class=\"elementor-element elementor-element-ab17d0c e-con-full e-flex e-con e-child\" data-id=\"ab17d0c\" data-element_type=\"container\" data-e-type=\"container\" data-settings=\"{&quot;background_background&quot;:&quot;classic&quot;}\">\n\t\t\t\t<div class=\"elementor-element elementor-element-2eb31e8 elementor-widget elementor-widget-text-editor\" data-id=\"2eb31e8\" data-element_type=\"widget\" data-e-type=\"widget\" data-widget_type=\"text-editor.default\">\n\t\t\t\t\t\t\t\t\t<p>I sistemi di comunicazione critici sono affidabili solo se le onde radio si propagano uniformemente, le potenze di trasmissione sono bilanciate, il livello di interferenza \u00e8 il pi\u00f9 basso possibile e una forza di campo sufficiente \u00e8 garantita in modo continuo.<\/p><p>Grazie alla sua esperienza e a misurazioni di campo precise, SmartSwiss Systems \u00e8 in grado, con elevata affidabilit\u00e0, di prevedere sia le aree di copertura funzionanti che le zone potenzialmente problematiche.<\/p><p>Le analisi permettono inoltre di determinare posizioni ottimali in punti strategicamente elevati e di ottimizzare il numero di siti radio necessari su un&#8217;area pi\u00f9 ampia.<\/p>\t\t\t\t\t\t\t\t<\/div>\n\t\t\t\t<\/div>\n\t\t\t\t<\/div>\n\t\t<div class=\"elementor-element elementor-element-49f9253 e-con-full e-flex e-con e-child\" data-id=\"49f9253\" data-element_type=\"container\" data-e-type=\"container\">\n\t\t\t\t<div class=\"elementor-element elementor-element-6239945 elementor-widget elementor-widget-heading\" data-id=\"6239945\" data-element_type=\"widget\" data-e-type=\"widget\" data-widget_type=\"heading.default\">\n\t\t\t\t\t<span class=\"elementor-heading-title elementor-size-default\">Punti di forza in sintesi:<\/span>\t\t\t\t<\/div>\n\t\t\t\t<div class=\"elementor-element elementor-element-c3a2bb3 elementor-widget__width-inherit elementor-widget-divider--view-line elementor-widget elementor-widget-divider\" data-id=\"c3a2bb3\" data-element_type=\"widget\" data-e-type=\"widget\" data-widget_type=\"divider.default\">\n\t\t\t\t\t\t\t<div class=\"elementor-divider\">\n\t\t\t<span class=\"elementor-divider-separator\">\n\t\t\t\t\t\t<\/span>\n\t\t<\/div>\n\t\t\t\t\t\t<\/div>\n\t\t\t\t<div class=\"elementor-element elementor-element-b1e8c5d blue-bullet elementor-widget elementor-widget-text-editor\" data-id=\"b1e8c5d\" data-element_type=\"widget\" data-e-type=\"widget\" data-widget_type=\"text-editor.default\">\n\t\t\t\t\t\t\t\t\t<ul><li><p>Strumenti di pianificazione professionali e personalizzati per esterni e interni (radio a campo libero o per tunnel\/edifici)<\/p><\/li><li><p>Strumenti di misurazione per la rilevazione di campi elettromagnetici<\/p><\/li><li><p>Analisi di disturbi e prodotti di intermodulazione<\/p><\/li><li><p>Selezione della frequenza e supporto nel contatto con l&#8217;UFCOM<\/p><\/li><li><p>Selezione di tecnologie di accoppiamento adeguate in base alla posizione della frequenza e ai requisiti tecnici<\/p><\/li><\/ul>\t\t\t\t\t\t\t\t<\/div>\n\t\t\t\t<div class=\"elementor-element elementor-element-2052fae elementor-widget elementor-widget-image\" data-id=\"2052fae\" data-element_type=\"widget\" data-e-type=\"widget\" data-widget_type=\"image.default\">\n\t\t\t\t\t\t\t\t\t\t\t\t\t\t\t<img decoding=\"async\" width=\"788\" height=\"324\" src=\"https:\/\/www.smartswiss-systems.com\/wp-content\/uploads\/2025\/10\/service3.jpg\" class=\"attachment-large size-large wp-image-3639\" alt=\"\" srcset=\"https:\/\/www.smartswiss-systems.com\/wp-content\/uploads\/2025\/10\/service3.jpg 788w, https:\/\/www.smartswiss-systems.com\/wp-content\/uploads\/2025\/10\/service3-300x123.jpg 300w, https:\/\/www.smartswiss-systems.com\/wp-content\/uploads\/2025\/10\/service3-768x316.jpg 768w, https:\/\/www.smartswiss-systems.com\/wp-content\/uploads\/2025\/10\/service3-600x247.jpg 600w\" sizes=\"(max-width: 788px) 100vw, 788px\" \/>\t\t\t\t\t\t\t\t\t\t\t\t\t\t\t<\/div>\n\t\t\t\t<div class=\"elementor-element elementor-element-93487c0 elementor-align-left elementor-widget__width-auto default-button elementor-widget elementor-widget-button\" data-id=\"93487c0\" data-element_type=\"widget\" data-e-type=\"widget\" data-widget_type=\"button.default\">\n\t\t\t\t\t\t\t\t\t\t<a class=\"elementor-button elementor-button-link elementor-size-sm\" href=\"https:\/\/www.smartswiss-systems.com\/it\/contatti\/\">\n\t\t\t\t\t\t<span class=\"elementor-button-content-wrapper\">\n\t\t\t\t\t\t<span class=\"elementor-button-icon\">\n\t\t\t\t<svg xmlns=\"http:\/\/www.w3.org\/2000\/svg\" id=\"Icons\" viewBox=\"0 0 512 512\"><path d=\"M323.88,172.12c8.84,0,16,7.16,16,16v113.14c0,4.42-1.79,8.42-4.68,11.31s-6.9,4.68-11.31,4.68c-8.84,0-16-7.16-16-16v-74.51l-108.45,108.45c-6.25,6.25-16.37,6.25-22.63,0-6.25-6.25-6.25-16.38,0-22.63l108.45-108.45h-74.51c-8.84,0-16-7.16-16-16,0-8.84,7.16-16,16-16h113.14Z\"><\/path><\/svg>\t\t\t<\/span>\n\t\t\t\t\t\t\t\t\t<span class=\"elementor-button-text\">Contatti<\/span>\n\t\t\t\t\t<\/span>\n\t\t\t\t\t<\/a>\n\t\t\t\t\t\t\t\t<\/div>\n\t\t\t\t<\/div>\n\t\t\t\t<\/div>\n\t\t\t\t\t<\/div>\n\t\t\t\t<\/div>\n\t\t<div class=\"elementor-element elementor-element-3073b96 e-flex e-con-boxed e-con e-parent\" data-id=\"3073b96\" data-element_type=\"container\" data-e-type=\"container\" data-settings=\"{&quot;background_background&quot;:&quot;classic&quot;}\">\n\t\t\t\t\t<div class=\"e-con-inner\">\n\t\t\t\t<div class=\"elementor-element elementor-element-ddc5206 elementor-widget__width-inherit multicolor-title light elementor-widget elementor-widget-heading\" data-id=\"ddc5206\" data-element_type=\"widget\" data-e-type=\"widget\" data-widget_type=\"heading.default\">\n\t\t\t\t\t<h1 class=\"elementor-heading-title elementor-size-default\"><i>Gestione progetti per <\/i><br>reti di comunicazione critiche<\/h1>\t\t\t\t<\/div>\n\t\t\t\t<div class=\"elementor-element elementor-element-9d2ee47 elementor-widget__width-inherit double-divider right elementor-widget-divider--view-line elementor-widget elementor-widget-divider\" data-id=\"9d2ee47\" data-element_type=\"widget\" data-e-type=\"widget\" data-widget_type=\"divider.default\">\n\t\t\t\t\t\t\t<div class=\"elementor-divider\">\n\t\t\t<span class=\"elementor-divider-separator\">\n\t\t\t\t\t\t<\/span>\n\t\t<\/div>\n\t\t\t\t\t\t<\/div>\n\t\t\t\t\t<\/div>\n\t\t\t\t<\/div>\n\t\t<div class=\"elementor-element elementor-element-334b2dd product-wrapper full e-flex e-con-boxed e-con e-parent\" data-id=\"334b2dd\" data-element_type=\"container\" data-e-type=\"container\" data-settings=\"{&quot;background_background&quot;:&quot;classic&quot;}\">\n\t\t\t\t\t<div class=\"e-con-inner\">\n\t\t<div class=\"elementor-element elementor-element-c00fabd e-con-full product-main-page e-flex e-con e-child\" data-id=\"c00fabd\" data-element_type=\"container\" data-e-type=\"container\" data-settings=\"{&quot;background_background&quot;:&quot;classic&quot;}\">\n\t\t<div class=\"elementor-element elementor-element-9e74098 e-con-full e-flex e-con e-child\" data-id=\"9e74098\" data-element_type=\"container\" data-e-type=\"container\">\n\t\t\t\t<div class=\"elementor-element elementor-element-c90e637 elementor-widget elementor-widget-image\" data-id=\"c90e637\" data-element_type=\"widget\" data-e-type=\"widget\" data-widget_type=\"image.default\">\n\t\t\t\t\t\t\t\t\t\t\t\t\t\t\t<img loading=\"lazy\" decoding=\"async\" width=\"800\" height=\"521\" src=\"https:\/\/www.smartswiss-systems.com\/wp-content\/uploads\/2025\/10\/service4-1024x667.jpg\" class=\"attachment-large size-large wp-image-3641\" alt=\"\" srcset=\"https:\/\/www.smartswiss-systems.com\/wp-content\/uploads\/2025\/10\/service4-1024x667.jpg 1024w, https:\/\/www.smartswiss-systems.com\/wp-content\/uploads\/2025\/10\/service4-300x195.jpg 300w, https:\/\/www.smartswiss-systems.com\/wp-content\/uploads\/2025\/10\/service4-768x500.jpg 768w, https:\/\/www.smartswiss-systems.com\/wp-content\/uploads\/2025\/10\/service4-1536x1000.jpg 1536w, https:\/\/www.smartswiss-systems.com\/wp-content\/uploads\/2025\/10\/service4-600x391.jpg 600w, https:\/\/www.smartswiss-systems.com\/wp-content\/uploads\/2025\/10\/service4.jpg 1920w\" sizes=\"(max-width: 800px) 100vw, 800px\" \/>\t\t\t\t\t\t\t\t\t\t\t\t\t\t\t<\/div>\n\t\t<div class=\"elementor-element elementor-element-f673795 e-con-full e-flex e-con e-child\" data-id=\"f673795\" data-element_type=\"container\" data-e-type=\"container\" data-settings=\"{&quot;background_background&quot;:&quot;classic&quot;}\">\n\t\t\t\t<div class=\"elementor-element elementor-element-e72689f elementor-widget elementor-widget-text-editor\" data-id=\"e72689f\" data-element_type=\"widget\" data-e-type=\"widget\" data-widget_type=\"text-editor.default\">\n\t\t\t\t\t\t\t\t\t<p>La riuscita esecuzione di progetti nel settore delle comunicazioni critiche richiede un approccio sistematico basato su sottosistemi chiaramente definiti. Ci\u00f2 garantisce che tutti gli obiettivi del progetto siano rispettati e che i requisiti definiti siano pienamente soddisfatti. <\/p><p><strong>Una metodologia collaudata \u00e8 la base per il successo sostenibile del progetto.<\/strong><\/p>\t\t\t\t\t\t\t\t<\/div>\n\t\t\t\t<\/div>\n\t\t\t\t<\/div>\n\t\t<div class=\"elementor-element elementor-element-9fe44be e-con-full e-flex e-con e-child\" data-id=\"9fe44be\" data-element_type=\"container\" data-e-type=\"container\">\n\t\t\t\t<div class=\"elementor-element elementor-element-bd5b302 elementor-widget elementor-widget-heading\" data-id=\"bd5b302\" data-element_type=\"widget\" data-e-type=\"widget\" data-widget_type=\"heading.default\">\n\t\t\t\t\t<span class=\"elementor-heading-title elementor-size-default\">Punti di forza nella gestione dei progetti<\/span>\t\t\t\t<\/div>\n\t\t\t\t<div class=\"elementor-element elementor-element-13e0e41 elementor-widget__width-inherit elementor-widget-divider--view-line elementor-widget elementor-widget-divider\" data-id=\"13e0e41\" data-element_type=\"widget\" data-e-type=\"widget\" data-widget_type=\"divider.default\">\n\t\t\t\t\t\t\t<div class=\"elementor-divider\">\n\t\t\t<span class=\"elementor-divider-separator\">\n\t\t\t\t\t\t<\/span>\n\t\t<\/div>\n\t\t\t\t\t\t<\/div>\n\t\t\t\t<div class=\"elementor-element elementor-element-0154095 blue-bullet elementor-widget elementor-widget-text-editor\" data-id=\"0154095\" data-element_type=\"widget\" data-e-type=\"widget\" data-widget_type=\"text-editor.default\">\n\t\t\t\t\t\t\t\t\t<ul><li><p>Metodologia di gestione progetti per grandi progetti<\/p><\/li><li>Organizzazione e coordinamento di team e partner<\/li><li>Introduzione di una gestione documentale strutturata<\/li><li>Implementazione di strumenti di reporting<\/li><li>Pianificazione del progetto e monitoraggio finanziario<\/li><li>Integrazione, qualificazione e validazione di soluzioni<\/li><li>Gestione della configurazione e amministrazione degli elementi di consegna<\/li><li>Concetti di manutenzione per interventi preventivi e correttivi<\/li><\/ul>\t\t\t\t\t\t\t\t<\/div>\n\t\t\t\t<div class=\"elementor-element elementor-element-dd3b3d5 elementor-widget elementor-widget-image\" data-id=\"dd3b3d5\" data-element_type=\"widget\" data-e-type=\"widget\" data-widget_type=\"image.default\">\n\t\t\t\t\t\t\t\t\t\t\t\t\t\t\t<img decoding=\"async\" width=\"788\" height=\"324\" src=\"https:\/\/www.smartswiss-systems.com\/wp-content\/uploads\/2025\/10\/service3.jpg\" class=\"attachment-large size-large wp-image-3639\" alt=\"\" srcset=\"https:\/\/www.smartswiss-systems.com\/wp-content\/uploads\/2025\/10\/service3.jpg 788w, https:\/\/www.smartswiss-systems.com\/wp-content\/uploads\/2025\/10\/service3-300x123.jpg 300w, https:\/\/www.smartswiss-systems.com\/wp-content\/uploads\/2025\/10\/service3-768x316.jpg 768w, https:\/\/www.smartswiss-systems.com\/wp-content\/uploads\/2025\/10\/service3-600x247.jpg 600w\" sizes=\"(max-width: 788px) 100vw, 788px\" \/>\t\t\t\t\t\t\t\t\t\t\t\t\t\t\t<\/div>\n\t\t\t\t<div class=\"elementor-element elementor-element-778fe7a elementor-align-left elementor-widget__width-auto default-button elementor-widget elementor-widget-button\" data-id=\"778fe7a\" data-element_type=\"widget\" data-e-type=\"widget\" data-widget_type=\"button.default\">\n\t\t\t\t\t\t\t\t\t\t<a class=\"elementor-button elementor-button-link elementor-size-sm\" href=\"https:\/\/www.smartswiss-systems.com\/it\/contatti\/\">\n\t\t\t\t\t\t<span class=\"elementor-button-content-wrapper\">\n\t\t\t\t\t\t<span class=\"elementor-button-icon\">\n\t\t\t\t<svg xmlns=\"http:\/\/www.w3.org\/2000\/svg\" id=\"Icons\" viewBox=\"0 0 512 512\"><path d=\"M323.88,172.12c8.84,0,16,7.16,16,16v113.14c0,4.42-1.79,8.42-4.68,11.31s-6.9,4.68-11.31,4.68c-8.84,0-16-7.16-16-16v-74.51l-108.45,108.45c-6.25,6.25-16.37,6.25-22.63,0-6.25-6.25-6.25-16.38,0-22.63l108.45-108.45h-74.51c-8.84,0-16-7.16-16-16,0-8.84,7.16-16,16-16h113.14Z\"><\/path><\/svg>\t\t\t<\/span>\n\t\t\t\t\t\t\t\t\t<span class=\"elementor-button-text\">Contatti<\/span>\n\t\t\t\t\t<\/span>\n\t\t\t\t\t<\/a>\n\t\t\t\t\t\t\t\t<\/div>\n\t\t\t\t<\/div>\n\t\t\t\t<\/div>\n\t\t\t\t\t<\/div>\n\t\t\t\t<\/div>\n\t\t\t\t<\/div>\n\t\t","protected":false},"excerpt":{"rendered":"<p>SmartSwiss Systems Sempre a vostra disposizione Esperto di- comunicazioni critiche SmartSwiss Systems SA nell&#8217;ambito dei suoi progetti, elabora analisi dettagliate sui requisiti per una comunicazione sicura e si occupa di tutti i servizi per l&#8217;implementazione controllata di una soluzione di comunicazione olistica. L&#8217;integrazione di tecnologie innovative richiede una metodologia adattata, una conoscenza approfondita dei moderni [&hellip;]<\/p>\n","protected":false},"author":1,"featured_media":0,"parent":0,"menu_order":0,"comment_status":"closed","ping_status":"closed","template":"","meta":{"footnotes":""},"class_list":["post-3630","page","type-page","status-publish","hentry"],"_links":{"self":[{"href":"https:\/\/www.smartswiss-systems.com\/it\/wp-json\/wp\/v2\/pages\/3630","targetHints":{"allow":["GET"]}}],"collection":[{"href":"https:\/\/www.smartswiss-systems.com\/it\/wp-json\/wp\/v2\/pages"}],"about":[{"href":"https:\/\/www.smartswiss-systems.com\/it\/wp-json\/wp\/v2\/types\/page"}],"author":[{"embeddable":true,"href":"https:\/\/www.smartswiss-systems.com\/it\/wp-json\/wp\/v2\/users\/1"}],"replies":[{"embeddable":true,"href":"https:\/\/www.smartswiss-systems.com\/it\/wp-json\/wp\/v2\/comments?post=3630"}],"version-history":[{"count":2,"href":"https:\/\/www.smartswiss-systems.com\/it\/wp-json\/wp\/v2\/pages\/3630\/revisions"}],"predecessor-version":[{"id":5761,"href":"https:\/\/www.smartswiss-systems.com\/it\/wp-json\/wp\/v2\/pages\/3630\/revisions\/5761"}],"wp:attachment":[{"href":"https:\/\/www.smartswiss-systems.com\/it\/wp-json\/wp\/v2\/media?parent=3630"}],"curies":[{"name":"wp","href":"https:\/\/api.w.org\/{rel}","templated":true}]}}