{"id":3566,"date":"2025-09-08T14:11:56","date_gmt":"2025-09-08T12:11:56","guid":{"rendered":"https:\/\/www.smartswiss-systems.com\/chi-siamo\/"},"modified":"2025-12-03T09:46:13","modified_gmt":"2025-12-03T08:46:13","slug":"chi-siamo","status":"publish","type":"page","link":"https:\/\/www.smartswiss-systems.com\/it\/chi-siamo\/","title":{"rendered":"Chi siamo"},"content":{"rendered":"\t\t<div data-elementor-type=\"wp-post\" data-elementor-id=\"3566\" class=\"elementor elementor-3566 elementor-8\" data-elementor-post-type=\"page\">\n\t\t\t\t<div class=\"elementor-element elementor-element-450e625 e-flex e-con-boxed e-con e-parent\" data-id=\"450e625\" data-element_type=\"container\" data-e-type=\"container\" data-settings=\"{&quot;background_background&quot;:&quot;classic&quot;}\">\n\t\t\t\t\t<div class=\"e-con-inner\">\n\t\t\t\t<div class=\"elementor-element elementor-element-1ecbbda elementor-widget elementor-widget-heading\" data-id=\"1ecbbda\" data-element_type=\"widget\" data-e-type=\"widget\" data-widget_type=\"heading.default\">\n\t\t\t\t\t<h2 class=\"elementor-heading-title elementor-size-default\">SmartSwiss Systems SA<\/h2>\t\t\t\t<\/div>\n\t\t\t\t<div class=\"elementor-element elementor-element-d0f7891 elementor-widget__width-inherit elementor-widget-divider--view-line elementor-widget elementor-widget-divider\" data-id=\"d0f7891\" data-element_type=\"widget\" data-e-type=\"widget\" data-widget_type=\"divider.default\">\n\t\t\t\t\t\t\t<div class=\"elementor-divider\">\n\t\t\t<span class=\"elementor-divider-separator\">\n\t\t\t\t\t\t<\/span>\n\t\t<\/div>\n\t\t\t\t\t\t<\/div>\n\t\t\t\t<div class=\"elementor-element elementor-element-c70c181 elementor-widget elementor-widget-text-editor\" data-id=\"c70c181\" data-element_type=\"widget\" data-e-type=\"widget\" data-widget_type=\"text-editor.default\">\n\t\t\t\t\t\t\t\t\t<p style=\"text-align: center;\">Soluzioni di comunicazione per missioni critiche di sicurezza<\/p>\t\t\t\t\t\t\t\t<\/div>\n\t\t\t\t\t<\/div>\n\t\t\t\t<\/div>\n\t\t<div class=\"elementor-element elementor-element-b461dc6 e-con-full e-flex e-con e-parent\" data-id=\"b461dc6\" data-element_type=\"container\" data-e-type=\"container\">\n\t\t<div class=\"elementor-element elementor-element-e120158 e-con-full left-padding e-flex e-con e-child\" data-id=\"e120158\" data-element_type=\"container\" data-e-type=\"container\">\n\t\t\t\t<div class=\"elementor-element elementor-element-f4f5811 multicolor-title light elementor-widget elementor-widget-heading\" data-id=\"f4f5811\" data-element_type=\"widget\" data-e-type=\"widget\" data-widget_type=\"heading.default\">\n\t\t\t\t\t<h2 class=\"elementor-heading-title elementor-size-default\">Chi siamo<\/h2>\t\t\t\t<\/div>\n\t\t\t\t<div class=\"elementor-element elementor-element-58e1564 elementor-widget__width-inherit elementor-widget-divider--view-line elementor-widget elementor-widget-divider\" data-id=\"58e1564\" data-element_type=\"widget\" data-e-type=\"widget\" data-widget_type=\"divider.default\">\n\t\t\t\t\t\t\t<div class=\"elementor-divider\">\n\t\t\t<span class=\"elementor-divider-separator\">\n\t\t\t\t\t\t<\/span>\n\t\t<\/div>\n\t\t\t\t\t\t<\/div>\n\t\t\t\t<div class=\"elementor-element elementor-element-e992228 elementor-widget elementor-widget-text-editor\" data-id=\"e992228\" data-element_type=\"widget\" data-e-type=\"widget\" data-widget_type=\"text-editor.default\">\n\t\t\t\t\t\t\t\t\t<p>SmartSwiss Systems SA \u00e8 stata fondata nel 2022 a Lonay (VD) e si concentra sull&#8217;integrazione, il supporto e la fornitura di tecnologie per le comunicazioni critiche per la sicurezza.<\/p><p>Supportiamo autorit\u00e0 e organizzazioni con compiti di sicurezza (BORS), forze d&#8217;intervento e l&#8217;esercito, rendendo disponibili in Svizzera sistemi di comunicazione moderni.<\/p><p>Collaboriamo strettamente con partner tecnologici internazionali leader e offriamo soluzioni che resistono alle condizioni pi\u00f9 esigenti. Che si tratti di soluzioni accessorie compatibili con Polycom o di integrazioni di sistema complete, forniamo sistemi affidabili e collaudati sul campo, sempre pronti all&#8217;uso anche in condizioni operative difficili. <\/p>\t\t\t\t\t\t\t\t<\/div>\n\t\t\t\t<\/div>\n\t\t<div class=\"elementor-element elementor-element-afe3ebe e-con-full e-flex e-con e-child\" data-id=\"afe3ebe\" data-element_type=\"container\" data-e-type=\"container\">\n\t\t\t\t<div class=\"elementor-element elementor-element-0ae4cb9 solution-carousel elementor-pagination-type-bullets elementor-pagination-position-outside elementor-widget elementor-widget-n-carousel\" data-id=\"0ae4cb9\" data-element_type=\"widget\" data-e-type=\"widget\" data-settings=\"{&quot;carousel_items&quot;:[{&quot;slide_title&quot;:&quot;Slide #1&quot;,&quot;_id&quot;:&quot;ade7bcc&quot;}],&quot;slides_to_show&quot;:&quot;2&quot;,&quot;slides_to_scroll&quot;:&quot;1&quot;,&quot;offset_sides&quot;:&quot;right&quot;,&quot;offset_width&quot;:{&quot;unit&quot;:&quot;px&quot;,&quot;size&quot;:250,&quot;sizes&quot;:[]},&quot;image_spacing_custom&quot;:{&quot;unit&quot;:&quot;px&quot;,&quot;size&quot;:20,&quot;sizes&quot;:[]},&quot;offset_width_tablet&quot;:{&quot;unit&quot;:&quot;px&quot;,&quot;size&quot;:0,&quot;sizes&quot;:[]},&quot;offset_width_mobile&quot;:{&quot;unit&quot;:&quot;px&quot;,&quot;size&quot;:0,&quot;sizes&quot;:[]},&quot;slides_to_show_tablet&quot;:&quot;2&quot;,&quot;slides_to_show_mobile&quot;:&quot;1&quot;,&quot;autoplay&quot;:&quot;yes&quot;,&quot;autoplay_speed&quot;:5000,&quot;pause_on_hover&quot;:&quot;yes&quot;,&quot;pause_on_interaction&quot;:&quot;yes&quot;,&quot;infinite&quot;:&quot;yes&quot;,&quot;speed&quot;:500,&quot;pagination&quot;:&quot;bullets&quot;,&quot;image_spacing_custom_tablet&quot;:{&quot;unit&quot;:&quot;px&quot;,&quot;size&quot;:&quot;&quot;,&quot;sizes&quot;:[]},&quot;image_spacing_custom_mobile&quot;:{&quot;unit&quot;:&quot;px&quot;,&quot;size&quot;:&quot;&quot;,&quot;sizes&quot;:[]}}\" data-widget_type=\"nested-carousel.default\">\n\t\t\t\t\t\t\t<div class=\"e-n-carousel swiper\" role=\"region\" aria-roledescription=\"carousel\" aria-label=\"Carousel\" dir=\"ltr\">\n\t\t\t<div class=\"swiper-wrapper\" aria-live=\"off\">\n\t\t\t\t\t\t\t\t\t\t<div class=\"swiper-slide\" data-slide=\"1\" role=\"group\" aria-roledescription=\"slide\" aria-label=\"1 di 1\">\n\t\t\t\t\t\t\t<div class=\"elementor-element elementor-element-4a1d30a e-flex e-con-boxed e-con e-child\" data-id=\"4a1d30a\" data-element_type=\"container\" data-e-type=\"container\">\n\t\t\t\t\t<div class=\"e-con-inner\">\n\t\t\t\t<div class=\"elementor-element elementor-element-03fdd29 elementor-widget-mobile__width-inherit elementor-widget elementor-widget-image\" data-id=\"03fdd29\" data-element_type=\"widget\" data-e-type=\"widget\" data-widget_type=\"image.default\">\n\t\t\t\t\t\t\t\t\t\t\t\t\t\t\t<img fetchpriority=\"high\" decoding=\"async\" width=\"800\" height=\"533\" src=\"https:\/\/www.smartswiss-systems.com\/wp-content\/uploads\/2025\/10\/smart_swiss_systems_014-1024x682.jpg\" class=\"attachment-large size-large wp-image-3570\" alt=\"\" srcset=\"https:\/\/www.smartswiss-systems.com\/wp-content\/uploads\/2025\/10\/smart_swiss_systems_014-1024x682.jpg 1024w, https:\/\/www.smartswiss-systems.com\/wp-content\/uploads\/2025\/10\/smart_swiss_systems_014-300x200.jpg 300w, https:\/\/www.smartswiss-systems.com\/wp-content\/uploads\/2025\/10\/smart_swiss_systems_014-768x512.jpg 768w, https:\/\/www.smartswiss-systems.com\/wp-content\/uploads\/2025\/10\/smart_swiss_systems_014-600x400.jpg 600w, https:\/\/www.smartswiss-systems.com\/wp-content\/uploads\/2025\/10\/smart_swiss_systems_014.jpg 1280w\" sizes=\"(max-width: 800px) 100vw, 800px\" \/>\t\t\t\t\t\t\t\t\t\t\t\t\t\t\t<\/div>\n\t\t\t\t\t<\/div>\n\t\t\t\t<\/div>\n\t\t\t\t\t\t\t\t<\/div>\n\t\t\t\t\t\t\t\t<\/div>\n\t\t<\/div>\n\t\t\t\t\t\t<\/div>\n\t\t\t\t<\/div>\n\t\t\t\t<\/div>\n\t\t<div class=\"elementor-element elementor-element-6a7ef90 e-flex e-con-boxed e-con e-parent\" data-id=\"6a7ef90\" data-element_type=\"container\" data-e-type=\"container\" data-settings=\"{&quot;background_background&quot;:&quot;classic&quot;}\">\n\t\t\t\t\t<div class=\"e-con-inner\">\n\t\t\t\t<div class=\"elementor-element elementor-element-7690b10 elementor-widget__width-inherit multicolor-title light uppercase elementor-widget elementor-widget-heading\" data-id=\"7690b10\" data-element_type=\"widget\" data-e-type=\"widget\" data-widget_type=\"heading.default\">\n\t\t\t\t\t<h3 class=\"elementor-heading-title elementor-size-default\"><i>Missione<\/i> &amp; Visione\n<\/h3>\t\t\t\t<\/div>\n\t\t\t\t<div class=\"elementor-element elementor-element-74cebf7 elementor-widget__width-inherit elementor-widget-divider--view-line elementor-widget elementor-widget-divider\" data-id=\"74cebf7\" data-element_type=\"widget\" data-e-type=\"widget\" data-widget_type=\"divider.default\">\n\t\t\t\t\t\t\t<div class=\"elementor-divider\">\n\t\t\t<span class=\"elementor-divider-separator\">\n\t\t\t\t\t\t<\/span>\n\t\t<\/div>\n\t\t\t\t\t\t<\/div>\n\t\t\t\t<div class=\"elementor-element elementor-element-7efaf95 elementor-widget elementor-widget-text-editor\" data-id=\"7efaf95\" data-element_type=\"widget\" data-e-type=\"widget\" data-widget_type=\"text-editor.default\">\n\t\t\t\t\t\t\t\t\t<p>La nostra missione \u00e8 rendere accessibili alle forze d&#8217;intervento svizzere le pi\u00f9 moderne tecnologie di comunicazione dei fornitori leader a livello mondiale \u2013 affidabili, scalabili e pronte all&#8217;uso anche in condizioni estreme. Integriamo queste tecnologie con soluzioni accessorie audio adeguate per garantire un&#8217;integrazione e un&#8217;operativit\u00e0 ottimali a livello delle forze d&#8217;intervento. <\/p><p>Uniamo la nostra pluriennale esperienza nell&#8217;ambiente critico per la sicurezza con conoscenze approfondite delle tecnologie internazionali, per fornire sistemi che funzionano esattamente quando sono pi\u00f9 necessari. SmartSwiss Systems SA punta a essere la prima scelta in Svizzera per le comunicazioni critiche e a offrire soluzioni tecnologiche che soddisfano i requisiti pi\u00f9 elevati e funzionano in modo affidabile in ogni momento durante l&#8217;uso. <\/p><p>La nostra visione nel campo delle comunicazioni critiche consiste nell&#8217;offrire tecnologie esistenti e innovative che consentono un&#8217;integrazione senza soluzione di continuit\u00e0 con i sistemi futuri, garantendo al contempo una continua prontezza operativa e il mantenimento a lungo termine dell&#8217;infrastruttura di comunicazione.<\/p><p> <\/p>\t\t\t\t\t\t\t\t<\/div>\n\t\t\t\t\t<\/div>\n\t\t\t\t<\/div>\n\t\t<div class=\"elementor-element elementor-element-dcb89ff product-wrapper full e-flex e-con-boxed e-con e-parent\" data-id=\"dcb89ff\" data-element_type=\"container\" data-e-type=\"container\" data-settings=\"{&quot;background_background&quot;:&quot;classic&quot;}\">\n\t\t\t\t\t<div class=\"e-con-inner\">\n\t\t<div class=\"elementor-element elementor-element-29b8b71 e-con-full product-main-page e-flex e-con e-child\" data-id=\"29b8b71\" data-element_type=\"container\" data-e-type=\"container\" data-settings=\"{&quot;background_background&quot;:&quot;classic&quot;}\">\n\t\t<div class=\"elementor-element elementor-element-5160223 e-con-full e-flex e-con e-child\" data-id=\"5160223\" data-element_type=\"container\" data-e-type=\"container\">\n\t\t\t\t<div class=\"elementor-element elementor-element-b7066f7 elementor-widget elementor-widget-image\" data-id=\"b7066f7\" data-element_type=\"widget\" data-e-type=\"widget\" data-widget_type=\"image.default\">\n\t\t\t\t\t\t\t\t\t\t\t\t\t\t\t<img decoding=\"async\" width=\"800\" height=\"533\" src=\"https:\/\/www.smartswiss-systems.com\/wp-content\/uploads\/2025\/10\/smart_swiss_systems_019-1024x682.jpg\" class=\"attachment-large size-large wp-image-3575\" alt=\"\" srcset=\"https:\/\/www.smartswiss-systems.com\/wp-content\/uploads\/2025\/10\/smart_swiss_systems_019-1024x682.jpg 1024w, https:\/\/www.smartswiss-systems.com\/wp-content\/uploads\/2025\/10\/smart_swiss_systems_019-300x200.jpg 300w, https:\/\/www.smartswiss-systems.com\/wp-content\/uploads\/2025\/10\/smart_swiss_systems_019-768x512.jpg 768w, https:\/\/www.smartswiss-systems.com\/wp-content\/uploads\/2025\/10\/smart_swiss_systems_019-600x400.jpg 600w, https:\/\/www.smartswiss-systems.com\/wp-content\/uploads\/2025\/10\/smart_swiss_systems_019.jpg 1280w\" sizes=\"(max-width: 800px) 100vw, 800px\" \/>\t\t\t\t\t\t\t\t\t\t\t\t\t\t\t<\/div>\n\t\t<div class=\"elementor-element elementor-element-2ac9e55 e-con-full e-flex e-con e-child\" data-id=\"2ac9e55\" data-element_type=\"container\" data-e-type=\"container\" data-settings=\"{&quot;background_background&quot;:&quot;classic&quot;}\">\n\t\t\t\t<div class=\"elementor-element elementor-element-6d0e4a5 elementor-widget elementor-widget-heading\" data-id=\"6d0e4a5\" data-element_type=\"widget\" data-e-type=\"widget\" data-widget_type=\"heading.default\">\n\t\t\t\t\t<span class=\"elementor-heading-title elementor-size-default\">Il nostro team\n<\/span>\t\t\t\t<\/div>\n\t\t\t\t<div class=\"elementor-element elementor-element-b8fce19 elementor-widget__width-inherit elementor-widget-divider--view-line elementor-widget elementor-widget-divider\" data-id=\"b8fce19\" data-element_type=\"widget\" data-e-type=\"widget\" data-widget_type=\"divider.default\">\n\t\t\t\t\t\t\t<div class=\"elementor-divider\">\n\t\t\t<span class=\"elementor-divider-separator\">\n\t\t\t\t\t\t<\/span>\n\t\t<\/div>\n\t\t\t\t\t\t<\/div>\n\t\t\t\t<div class=\"elementor-element elementor-element-1890b2f elementor-widget elementor-widget-text-editor\" data-id=\"1890b2f\" data-element_type=\"widget\" data-e-type=\"widget\" data-widget_type=\"text-editor.default\">\n\t\t\t\t\t\t\t\t\t<p>SmartSwiss Systems SA \u00e8 composta da un team piccolo e altamente specializzato con pluriennale esperienza nel campo delle comunicazioni critiche. Ogni decisione, ogni integrazione di sistema e ogni soluzione \u00e8 gestita personalmente per garantire massima affidabilit\u00e0, praticit\u00e0 e sicurezza. <\/p><p>Inoltre, SmartSwiss Systems SA si avvale di partner strategici riconosciuti e collabora strettamente con i loro team di esperti. Grazie a questa stretta collaborazione e al contatto diretto con i nostri clienti, garantiamo che le nostre soluzioni siano esattamente allineate alle esigenze di autorit\u00e0, forze d&#8217;intervento e l&#8217;esercito. <\/p>\t\t\t\t\t\t\t\t<\/div>\n\t\t\t\t<\/div>\n\t\t\t\t<\/div>\n\t\t<div class=\"elementor-element elementor-element-09fb0b4 e-con-full e-flex e-con e-child\" data-id=\"09fb0b4\" data-element_type=\"container\" data-e-type=\"container\">\n\t\t\t\t<div class=\"elementor-element elementor-element-6f93973 elementor-widget elementor-widget-heading\" data-id=\"6f93973\" data-element_type=\"widget\" data-e-type=\"widget\" data-widget_type=\"heading.default\">\n\t\t\t\t\t<span class=\"elementor-heading-title elementor-size-default\">Valori<\/span>\t\t\t\t<\/div>\n\t\t\t\t<div class=\"elementor-element elementor-element-c0e2c82 elementor-widget__width-inherit elementor-widget-divider--view-line elementor-widget elementor-widget-divider\" data-id=\"c0e2c82\" data-element_type=\"widget\" data-e-type=\"widget\" data-widget_type=\"divider.default\">\n\t\t\t\t\t\t\t<div class=\"elementor-divider\">\n\t\t\t<span class=\"elementor-divider-separator\">\n\t\t\t\t\t\t<\/span>\n\t\t<\/div>\n\t\t\t\t\t\t<\/div>\n\t\t\t\t<div class=\"elementor-element elementor-element-b126377 elementor-widget elementor-widget-text-editor\" data-id=\"b126377\" data-element_type=\"widget\" data-e-type=\"widget\" data-widget_type=\"text-editor.default\">\n\t\t\t\t\t\t\t\t\t<p>In SmartSwiss Systems SA, affidabilit\u00e0, professionalit\u00e0 e integrit\u00e0 sono al centro delle nostre azioni. I nostri clienti sono responsabili di compiti di massima importanza per la sicurezza \u2013 per questo devono potersi affidare al cento per cento in ogni momento alle tecnologie impiegate. <\/p><p>Selezioniamo attentamente le nostre soluzioni, le testiamo in modo esaustivo e garantiamo che funzionino in modo affidabile anche in condizioni estreme. Uniamo innovazione e tecnologia orientata alla pratica con collaborazione e trasparenza, per garantire ai nostri clienti sicurezza e affidabilit\u00e0 in ogni situazione critica. <\/p>\t\t\t\t\t\t\t\t<\/div>\n\t\t\t\t<div class=\"elementor-element elementor-element-68d0847 elementor-widget elementor-widget-image\" data-id=\"68d0847\" data-element_type=\"widget\" data-e-type=\"widget\" data-widget_type=\"image.default\">\n\t\t\t\t\t\t\t\t\t\t\t\t\t\t\t<img decoding=\"async\" width=\"800\" height=\"466\" src=\"https:\/\/www.smartswiss-systems.com\/wp-content\/uploads\/2025\/10\/smart_swiss_systems_0110-1024x596.jpg\" class=\"attachment-large size-large wp-image-3576\" alt=\"\" srcset=\"https:\/\/www.smartswiss-systems.com\/wp-content\/uploads\/2025\/10\/smart_swiss_systems_0110-1024x596.jpg 1024w, https:\/\/www.smartswiss-systems.com\/wp-content\/uploads\/2025\/10\/smart_swiss_systems_0110-300x175.jpg 300w, https:\/\/www.smartswiss-systems.com\/wp-content\/uploads\/2025\/10\/smart_swiss_systems_0110-768x447.jpg 768w, https:\/\/www.smartswiss-systems.com\/wp-content\/uploads\/2025\/10\/smart_swiss_systems_0110-600x349.jpg 600w, https:\/\/www.smartswiss-systems.com\/wp-content\/uploads\/2025\/10\/smart_swiss_systems_0110.jpg 1280w\" sizes=\"(max-width: 800px) 100vw, 800px\" \/>\t\t\t\t\t\t\t\t\t\t\t\t\t\t\t<\/div>\n\t\t\t\t<\/div>\n\t\t\t\t<\/div>\n\t\t\t\t\t<\/div>\n\t\t\t\t<\/div>\n\t\t\t\t<\/div>\n\t\t","protected":false},"excerpt":{"rendered":"<p>SmartSwiss Systems SA Soluzioni di comunicazione per missioni critiche di sicurezza Chi siamo SmartSwiss Systems SA \u00e8 stata fondata nel 2022 a Lonay (VD) e si concentra sull&#8217;integrazione, il supporto e la fornitura di tecnologie per le comunicazioni critiche per la sicurezza. Supportiamo autorit\u00e0 e organizzazioni con compiti di sicurezza (BORS), forze d&#8217;intervento e l&#8217;esercito, [&hellip;]<\/p>\n","protected":false},"author":1,"featured_media":0,"parent":0,"menu_order":0,"comment_status":"closed","ping_status":"closed","template":"","meta":{"footnotes":""},"class_list":["post-3566","page","type-page","status-publish","hentry"],"_links":{"self":[{"href":"https:\/\/www.smartswiss-systems.com\/it\/wp-json\/wp\/v2\/pages\/3566","targetHints":{"allow":["GET"]}}],"collection":[{"href":"https:\/\/www.smartswiss-systems.com\/it\/wp-json\/wp\/v2\/pages"}],"about":[{"href":"https:\/\/www.smartswiss-systems.com\/it\/wp-json\/wp\/v2\/types\/page"}],"author":[{"embeddable":true,"href":"https:\/\/www.smartswiss-systems.com\/it\/wp-json\/wp\/v2\/users\/1"}],"replies":[{"embeddable":true,"href":"https:\/\/www.smartswiss-systems.com\/it\/wp-json\/wp\/v2\/comments?post=3566"}],"version-history":[{"count":1,"href":"https:\/\/www.smartswiss-systems.com\/it\/wp-json\/wp\/v2\/pages\/3566\/revisions"}],"predecessor-version":[{"id":3579,"href":"https:\/\/www.smartswiss-systems.com\/it\/wp-json\/wp\/v2\/pages\/3566\/revisions\/3579"}],"wp:attachment":[{"href":"https:\/\/www.smartswiss-systems.com\/it\/wp-json\/wp\/v2\/media?parent=3566"}],"curies":[{"name":"wp","href":"https:\/\/api.w.org\/{rel}","templated":true}]}}