{"id":6230,"date":"2026-04-24T12:03:05","date_gmt":"2026-04-24T10:03:05","guid":{"rendered":"https:\/\/www.smartswiss-systems.com\/produkt\/bouton-ptt-sans-fil-modele-wptt-02\/"},"modified":"2026-04-24T12:03:05","modified_gmt":"2026-04-24T10:03:05","slug":"bouton-ptt-sans-fil-modele-wptt-02","status":"publish","type":"product","link":"https:\/\/www.smartswiss-systems.com\/fr\/produkt\/bouton-ptt-sans-fil-modele-wptt-02\/","title":{"rendered":"Bouton PTT sans fil \u2013 Mod\u00e8le WPTT-02"},"content":{"rendered":"<p><strong>Bouton PTT sans fil WPTT-02 \u2013 Commande discr\u00e8te et flexible de PTT<\/strong><\/p>\n<p class=\"isSelectedEnd\">Le bouton PTT sans fil WPTT-02 est un accessoire polyvalent destin\u00e9 aux solutions de communication discr\u00e8tes. Il permet une activation PTT sans fil fiable et convient parfaitement aux applications discr\u00e8tes, par exemple lors d&rsquo;op\u00e9rations sous surveillance ou lors d&rsquo;une utilisation mobile au volant. <\/p>\n<p class=\"isSelectedEnd\">Elle est utilis\u00e9e pour commander le PTT discret mod\u00e8le PTT47 (r\u00e9f. : 5002035) dot\u00e9 d&rsquo;un module sans fil int\u00e9gr\u00e9 et permet d&rsquo;activer facilement la fonction de communication sans avoir \u00e0 toucher directement le PTT47.<\/p>\n<p>Le WPTT-02 offre une grande flexibilit\u00e9 de positionnement et une utilisation simple. Son appairage est tr\u00e8s facile. Gr\u00e2ce \u00e0 son indice de protection IP67, il est \u00e9galement prot\u00e9g\u00e9 contre la poussi\u00e8re et l&rsquo;eau. Sa grande fiabilit\u00e9 et sa libert\u00e9 de mouvement maximale en font la solution id\u00e9ale pour les utilisateurs professionnels.   <\/p>\n","protected":false},"excerpt":{"rendered":"<p>Bouton PTT sans fil WPTT-02 \u2013 Commande discr\u00e8te et flexible de PTT Le bouton PTT sans fil WPTT-02 est un accessoire polyvalent destin\u00e9 aux solutions de communication discr\u00e8tes. Il permet une activation PTT sans fil fiable et convient parfaitement aux applications discr\u00e8tes, par exemple lors d&rsquo;op\u00e9rations sous surveillance ou lors d&rsquo;une utilisation mobile au volant. [&hellip;]<\/p>\n","protected":false},"featured_media":6229,"comment_status":"closed","ping_status":"closed","template":"","meta":[],"product_brand":[],"product_cat":[212,336,209,346,456,210],"product_tag":[],"display-location":[],"class_list":{"0":"post-6230","1":"product","2":"type-product","3":"status-publish","4":"has-post-thumbnail","6":"product_cat-accessoires-radio","7":"product_cat-kits-oreillettes","8":"product_cat-polycom","9":"product_cat-ptt-discretes-et-sans-fil","11":"product_cat-tph900","13":"first","14":"instock","15":"taxable","16":"shipping-taxable","17":"purchasable","18":"product-type-simple"},"tiered_pricing_type":"fixed","tiered_pricing_fixed_rules":[],"tiered_pricing_product_settings":{"layout":"default","base_unit_name":{"singular":null,"plural":null},"default_variation":null},"tiered_pricing_minimum_quantity":null,"tiered_pricing_roles_data":[],"tiered_pricing_percentage_rules":[],"_links":{"self":[{"href":"https:\/\/www.smartswiss-systems.com\/fr\/wp-json\/wp\/v2\/product\/6230","targetHints":{"allow":["GET"]}}],"collection":[{"href":"https:\/\/www.smartswiss-systems.com\/fr\/wp-json\/wp\/v2\/product"}],"about":[{"href":"https:\/\/www.smartswiss-systems.com\/fr\/wp-json\/wp\/v2\/types\/product"}],"replies":[{"embeddable":true,"href":"https:\/\/www.smartswiss-systems.com\/fr\/wp-json\/wp\/v2\/comments?post=6230"}],"wp:featuredmedia":[{"embeddable":true,"href":"https:\/\/www.smartswiss-systems.com\/fr\/wp-json\/wp\/v2\/media\/6229"}],"wp:attachment":[{"href":"https:\/\/www.smartswiss-systems.com\/fr\/wp-json\/wp\/v2\/media?parent=6230"}],"wp:term":[{"taxonomy":"product_brand","embeddable":true,"href":"https:\/\/www.smartswiss-systems.com\/fr\/wp-json\/wp\/v2\/product_brand?post=6230"},{"taxonomy":"product_cat","embeddable":true,"href":"https:\/\/www.smartswiss-systems.com\/fr\/wp-json\/wp\/v2\/product_cat?post=6230"},{"taxonomy":"product_tag","embeddable":true,"href":"https:\/\/www.smartswiss-systems.com\/fr\/wp-json\/wp\/v2\/product_tag?post=6230"},{"taxonomy":"display-location","embeddable":true,"href":"https:\/\/www.smartswiss-systems.com\/fr\/wp-json\/wp\/v2\/display-location?post=6230"}],"curies":[{"name":"wp","href":"https:\/\/api.w.org\/{rel}","templated":true}]}}