{"id":6221,"date":"2026-04-24T09:49:01","date_gmt":"2026-04-24T07:49:01","guid":{"rendered":"https:\/\/www.smartswiss-systems.com\/?post_type=product&#038;p=6221"},"modified":"2026-04-24T11:11:47","modified_gmt":"2026-04-24T09:11:47","slug":"ptt-discret-pour-tph900-modele-ptt47-kopie","status":"publish","type":"product","link":"https:\/\/www.smartswiss-systems.com\/fr\/produkt\/ptt-discret-pour-tph900-modele-ptt47-kopie\/","title":{"rendered":"PTT discret pour TPH900 \u2013 Mod\u00e8le PTT47 \u2013 sans fil"},"content":{"rendered":"<p data-start=\"60\" data-end=\"135\"><strong data-start=\"60\" data-end=\"135\">PTT47 discret \u2013 Communication fiable pour des op\u00e9rations professionnelles<\/strong><\/p>\n<p data-start=\"137\" data-end=\"362\">La PTT47 a \u00e9t\u00e9 sp\u00e9cialement con\u00e7ue pour un usage professionnel et se distingue par sa construction robuste. Elle garantit une transmission vocale fiable et s\u00e9curis\u00e9e \u2013 m\u00eame dans des conditions op\u00e9rationnelles exigeantes. <\/p>\n<p data-start=\"364\" data-end=\"621\">Sa conception compacte et discr\u00e8te permet une int\u00e9gration discr\u00e8te dans diff\u00e9rents sc\u00e9narios op\u00e9rationnels \u2013 que ce soit en patrouille ou lors d\u2019op\u00e9rations sous couverture. Le bouton PTT est situ\u00e9 sur le c\u00f4t\u00e9 de l\u2019appareil et positionn\u00e9 de mani\u00e8re ergonomique. <\/p>\n<p data-start=\"623\" data-end=\"882\">La PTT47 dispose d\u2019un microphone int\u00e9gr\u00e9 sur le dessus, assurant une capture vocale claire. La prise casque de 3,5\u202fmm est situ\u00e9e sous l\u2019appareil, permettant un routage des c\u00e2bles propre et pratique. <\/p>\n<p data-start=\"884\" data-end=\"1086\">Si l\u2019\u00e9couteur connect\u00e9 est \u00e9quip\u00e9 d\u2019un microphone int\u00e9gr\u00e9 en ligne, celui-ci peut \u00eatre activ\u00e9 via un interrupteur coulissant int\u00e9gr\u00e9. Dans le m\u00eame temps, le microphone de la PTT47 est d\u00e9sactiv\u00e9. <\/p>\n<p data-start=\"1088\" data-end=\"1241\">La PTT47 est disponible en deux versions, dont une avec fonction sans fil, permettant d\u2019actionner le bouton PTT via un interrupteur externe distant.<\/p>\n","protected":false},"excerpt":{"rendered":"<p>PTT47 discret \u2013 Communication fiable pour des op\u00e9rations professionnelles La PTT47 a \u00e9t\u00e9 sp\u00e9cialement con\u00e7ue pour un usage professionnel et se distingue par sa construction robuste. Elle garantit une transmission vocale fiable et s\u00e9curis\u00e9e \u2013 m\u00eame dans des conditions op\u00e9rationnelles exigeantes. Sa conception compacte et discr\u00e8te permet une int\u00e9gration discr\u00e8te dans diff\u00e9rents sc\u00e9narios op\u00e9rationnels \u2013 [&hellip;]<\/p>\n","protected":false},"featured_media":6266,"comment_status":"closed","ping_status":"closed","template":"","meta":[],"product_brand":[],"product_cat":[212,209,346,456,210],"product_tag":[],"display-location":[],"class_list":{"0":"post-6221","1":"product","2":"type-product","3":"status-publish","4":"has-post-thumbnail","6":"product_cat-accessoires-radio","7":"product_cat-polycom","8":"product_cat-ptt-discretes-et-sans-fil","10":"product_cat-tph900","12":"first","13":"instock","14":"taxable","15":"shipping-taxable","16":"purchasable","17":"product-type-simple"},"tiered_pricing_type":"fixed","tiered_pricing_fixed_rules":[],"tiered_pricing_product_settings":{"layout":"default","base_unit_name":{"singular":null,"plural":null},"default_variation":null},"tiered_pricing_minimum_quantity":null,"tiered_pricing_roles_data":[],"tiered_pricing_percentage_rules":[],"_links":{"self":[{"href":"https:\/\/www.smartswiss-systems.com\/fr\/wp-json\/wp\/v2\/product\/6221","targetHints":{"allow":["GET"]}}],"collection":[{"href":"https:\/\/www.smartswiss-systems.com\/fr\/wp-json\/wp\/v2\/product"}],"about":[{"href":"https:\/\/www.smartswiss-systems.com\/fr\/wp-json\/wp\/v2\/types\/product"}],"replies":[{"embeddable":true,"href":"https:\/\/www.smartswiss-systems.com\/fr\/wp-json\/wp\/v2\/comments?post=6221"}],"wp:featuredmedia":[{"embeddable":true,"href":"https:\/\/www.smartswiss-systems.com\/fr\/wp-json\/wp\/v2\/media\/6266"}],"wp:attachment":[{"href":"https:\/\/www.smartswiss-systems.com\/fr\/wp-json\/wp\/v2\/media?parent=6221"}],"wp:term":[{"taxonomy":"product_brand","embeddable":true,"href":"https:\/\/www.smartswiss-systems.com\/fr\/wp-json\/wp\/v2\/product_brand?post=6221"},{"taxonomy":"product_cat","embeddable":true,"href":"https:\/\/www.smartswiss-systems.com\/fr\/wp-json\/wp\/v2\/product_cat?post=6221"},{"taxonomy":"product_tag","embeddable":true,"href":"https:\/\/www.smartswiss-systems.com\/fr\/wp-json\/wp\/v2\/product_tag?post=6221"},{"taxonomy":"display-location","embeddable":true,"href":"https:\/\/www.smartswiss-systems.com\/fr\/wp-json\/wp\/v2\/display-location?post=6221"}],"curies":[{"name":"wp","href":"https:\/\/api.w.org\/{rel}","templated":true}]}}