{"id":6202,"date":"2026-04-13T22:07:18","date_gmt":"2026-04-13T20:07:18","guid":{"rendered":"https:\/\/www.smartswiss-systems.com\/?post_type=product&#038;p=6202"},"modified":"2026-04-13T22:12:39","modified_gmt":"2026-04-13T20:12:39","slug":"monophone-manuelle-mm50-vers-tph900-savox-01-signal-sonore-pret-pour-tx-kopie","status":"publish","type":"product","link":"https:\/\/www.smartswiss-systems.com\/fr\/produkt\/monophone-manuelle-mm50-vers-tph900-savox-01-signal-sonore-pret-pour-tx-kopie\/","title":{"rendered":"Monophone manuelle MM50 vers TPH900 \u2013 Savox (01) \u2013 Signal sonore (pr\u00eat pour TX) (Kopie)"},"content":{"rendered":"<p><strong>Monophone TITAN MM50<\/strong> \u2013 moderne, flexible et configurable<\/p>\n<hr \/>\n<p>Le TITAN MM50 est le monophone le plus moderne de la s\u00e9rie Titan et offre une multitude de possibilit\u00e9s de configuration, de sorte qu&rsquo;il peut \u00eatre adapt\u00e9 pr\u00e9cis\u00e9ment aux besoins des utilisateurs professionnels. Selon la version, il peut \u00eatre livr\u00e9 avec une prise Nexus avec affectation fixe pour Savox, Peltor ou d&rsquo;autres syst\u00e8mes, ou avec une d\u00e9tection automatique de l&rsquo;affectation.<\/p>\n<p>En option, un r\u00e9glage du volume, des touches suppl\u00e9mentaires programmables ainsi que Bluetooth pour les PTT d\u00e9port\u00e9s sont disponibles, ce qui rend l&rsquo;utilisation encore plus flexible. La signalisation TX-ready au moyen d&rsquo;un signal sonore, qui indique imm\u00e9diatement si le canal radio est libre, est particuli\u00e8rement int\u00e9ressante pour les organisations de s\u00e9curit\u00e9. De plus, un module d&rsquo;amplification pour les casques de pilote peut \u00eatre int\u00e9gr\u00e9, qui est sp\u00e9cialement optimis\u00e9 pour les microphones dynamiques dans les casques d&rsquo;aviation.<\/p>\n<p>Le MM50 combine une technologie moderne avec un design pratique\u00a0: les touches PTT permettent une utilisation s\u00fbre, m\u00eame avec des gants, et les possibilit\u00e9s de connexion pour les casques ou les \u00e9couteurs via la prise Nexus ou 3,5\u00a0mm \u00e9largissent consid\u00e9rablement les possibilit\u00e9s d&rsquo;utilisation. Un clip de v\u00eatement pivotant et \u00e0 enclenchement assure un maintien s\u00fbr \u00e0 tout moment.<\/p>\n<p><strong>Le TITAN MM50 \u2013 une flexibilit\u00e9 maximale, une communication claire et une fonctionnalit\u00e9 professionnelle pour la police, les pompiers, les services de secours, les professionnels de l&rsquo;aviation et les utilisateurs industriels.<\/strong><\/p>\n","protected":false},"excerpt":{"rendered":"<p>Monophone TITAN MM50 \u2013 moderne, flexible et configurable Le TITAN MM50 est le monophone le plus moderne de la s\u00e9rie Titan et offre une multitude de possibilit\u00e9s de configuration, de sorte qu&rsquo;il peut \u00eatre adapt\u00e9 pr\u00e9cis\u00e9ment aux besoins des utilisateurs professionnels. Selon la version, il peut \u00eatre livr\u00e9 avec une prise Nexus avec affectation fixe [&hellip;]<\/p>\n","protected":false},"featured_media":5443,"comment_status":"closed","ping_status":"closed","template":"","meta":[],"product_brand":[],"product_cat":[212,211,214,209,255,210],"product_tag":[],"display-location":[],"class_list":{"0":"post-6202","1":"product","2":"type-product","3":"status-publish","4":"has-post-thumbnail","6":"product_cat-accessoires-radio","7":"product_cat-monophones","8":"product_cat-monophones-2","9":"product_cat-polycom","10":"product_cat-serie-mm50","11":"product_cat-tph900","13":"first","14":"instock","15":"taxable","16":"shipping-taxable","17":"purchasable","18":"product-type-simple"},"tiered_pricing_type":"fixed","tiered_pricing_fixed_rules":[],"tiered_pricing_product_settings":{"layout":"default","base_unit_name":{"singular":null,"plural":null},"default_variation":null},"tiered_pricing_minimum_quantity":null,"tiered_pricing_roles_data":[],"tiered_pricing_percentage_rules":[],"_links":{"self":[{"href":"https:\/\/www.smartswiss-systems.com\/fr\/wp-json\/wp\/v2\/product\/6202","targetHints":{"allow":["GET"]}}],"collection":[{"href":"https:\/\/www.smartswiss-systems.com\/fr\/wp-json\/wp\/v2\/product"}],"about":[{"href":"https:\/\/www.smartswiss-systems.com\/fr\/wp-json\/wp\/v2\/types\/product"}],"replies":[{"embeddable":true,"href":"https:\/\/www.smartswiss-systems.com\/fr\/wp-json\/wp\/v2\/comments?post=6202"}],"wp:featuredmedia":[{"embeddable":true,"href":"https:\/\/www.smartswiss-systems.com\/fr\/wp-json\/wp\/v2\/media\/5443"}],"wp:attachment":[{"href":"https:\/\/www.smartswiss-systems.com\/fr\/wp-json\/wp\/v2\/media?parent=6202"}],"wp:term":[{"taxonomy":"product_brand","embeddable":true,"href":"https:\/\/www.smartswiss-systems.com\/fr\/wp-json\/wp\/v2\/product_brand?post=6202"},{"taxonomy":"product_cat","embeddable":true,"href":"https:\/\/www.smartswiss-systems.com\/fr\/wp-json\/wp\/v2\/product_cat?post=6202"},{"taxonomy":"product_tag","embeddable":true,"href":"https:\/\/www.smartswiss-systems.com\/fr\/wp-json\/wp\/v2\/product_tag?post=6202"},{"taxonomy":"display-location","embeddable":true,"href":"https:\/\/www.smartswiss-systems.com\/fr\/wp-json\/wp\/v2\/display-location?post=6202"}],"curies":[{"name":"wp","href":"https:\/\/api.w.org\/{rel}","templated":true}]}}