{"id":6195,"date":"2026-04-09T15:39:21","date_gmt":"2026-04-09T13:39:21","guid":{"rendered":"https:\/\/www.smartswiss-systems.com\/produkt\/alpine-fox-plaque-de-fixation-pour-radio-molle-fidlock-snap\/"},"modified":"2026-04-10T09:59:56","modified_gmt":"2026-04-10T07:59:56","slug":"alpine-fox-plaque-de-fixation-pour-radio-molle-fidlock-snap","status":"publish","type":"product","link":"https:\/\/www.smartswiss-systems.com\/fr\/produkt\/alpine-fox-plaque-de-fixation-pour-radio-molle-fidlock-snap\/","title":{"rendered":"Alpine Fox \u2013 Plaque de base pour support de radio \u2013 MOLLE \u2013 Fidlock SNAP"},"content":{"rendered":"<p><strong>Alpine Fox\u00ae Plaque de support pour radio \u2013 Compatible MOLLE avec sangle \u2013 Fidlock<\/strong><\/p>\n<p>La plaque MOLLE est utilis\u00e9e avec l\u2019\u00e9tui radio TPH900 disponible s\u00e9par\u00e9ment (R\u00e9f. 5002039) et permet une utilisation facile de la radio sans avoir \u00e0 la retirer de l\u2019\u00e9tui.<\/p>\n<p>La plaque elle-m\u00eame peut \u00eatre fix\u00e9e soit sur l\u2019\u00e9quipement \u00e0 l\u2019aide des sangles MOLLE d\u00e9coup\u00e9es au laser, soit sur la ceinture de service gr\u00e2ce aux boucles int\u00e9gr\u00e9es.<\/p>\n<p>L\u2019\u00e9tui radio est ensuite fix\u00e9 via les connecteurs Fidlock, qui permettent un clipsage presque automatique. Les \u00e9l\u00e9ments de connexion robustes fonctionnent gr\u00e2ce \u00e0 une combinaison de verrouillage magn\u00e9tique et m\u00e9canique, et sont fiables ainsi que faciles \u00e0 manipuler m\u00eame avec des gants. L\u2019\u00e9tui radio peut \u00eatre retir\u00e9 facilement du support \u00e0 l\u2019aide de la languette de traction.  <\/p>\n","protected":false},"excerpt":{"rendered":"<p>Alpine Fox\u00ae Plaque de support pour radio \u2013 Compatible MOLLE avec sangle \u2013 Fidlock La plaque MOLLE est utilis\u00e9e avec l\u2019\u00e9tui radio TPH900 disponible s\u00e9par\u00e9ment (R\u00e9f. 5002039) et permet une utilisation facile de la radio sans avoir \u00e0 la retirer de l\u2019\u00e9tui. La plaque elle-m\u00eame peut \u00eatre fix\u00e9e soit sur l\u2019\u00e9quipement \u00e0 l\u2019aide des sangles [&hellip;]<\/p>\n","protected":false},"featured_media":6193,"comment_status":"closed","ping_status":"closed","template":"","meta":[],"product_brand":[],"product_cat":[212,609,606,209,210],"product_tag":[],"display-location":[],"class_list":{"0":"post-6195","1":"product","2":"type-product","3":"status-publish","4":"has-post-thumbnail","6":"product_cat-accessoires-radio","7":"product_cat-etui-radio-2","8":"product_cat-etui-radio","9":"product_cat-polycom","10":"product_cat-tph900","12":"first","13":"instock","14":"taxable","15":"shipping-taxable","16":"purchasable","17":"product-type-simple"},"tiered_pricing_type":"fixed","tiered_pricing_fixed_rules":[],"tiered_pricing_product_settings":{"layout":"default","base_unit_name":{"singular":null,"plural":null},"default_variation":null},"tiered_pricing_minimum_quantity":null,"tiered_pricing_roles_data":[],"tiered_pricing_percentage_rules":[],"_links":{"self":[{"href":"https:\/\/www.smartswiss-systems.com\/fr\/wp-json\/wp\/v2\/product\/6195","targetHints":{"allow":["GET"]}}],"collection":[{"href":"https:\/\/www.smartswiss-systems.com\/fr\/wp-json\/wp\/v2\/product"}],"about":[{"href":"https:\/\/www.smartswiss-systems.com\/fr\/wp-json\/wp\/v2\/types\/product"}],"replies":[{"embeddable":true,"href":"https:\/\/www.smartswiss-systems.com\/fr\/wp-json\/wp\/v2\/comments?post=6195"}],"wp:featuredmedia":[{"embeddable":true,"href":"https:\/\/www.smartswiss-systems.com\/fr\/wp-json\/wp\/v2\/media\/6193"}],"wp:attachment":[{"href":"https:\/\/www.smartswiss-systems.com\/fr\/wp-json\/wp\/v2\/media?parent=6195"}],"wp:term":[{"taxonomy":"product_brand","embeddable":true,"href":"https:\/\/www.smartswiss-systems.com\/fr\/wp-json\/wp\/v2\/product_brand?post=6195"},{"taxonomy":"product_cat","embeddable":true,"href":"https:\/\/www.smartswiss-systems.com\/fr\/wp-json\/wp\/v2\/product_cat?post=6195"},{"taxonomy":"product_tag","embeddable":true,"href":"https:\/\/www.smartswiss-systems.com\/fr\/wp-json\/wp\/v2\/product_tag?post=6195"},{"taxonomy":"display-location","embeddable":true,"href":"https:\/\/www.smartswiss-systems.com\/fr\/wp-json\/wp\/v2\/display-location?post=6195"}],"curies":[{"name":"wp","href":"https:\/\/api.w.org\/{rel}","templated":true}]}}