{"id":6179,"date":"2026-04-09T13:01:56","date_gmt":"2026-04-09T11:01:56","guid":{"rendered":"https:\/\/www.smartswiss-systems.com\/produkt\/alpine-fox-etui-radio-pour-tph900-fidlock-snap\/"},"modified":"2026-04-09T16:20:12","modified_gmt":"2026-04-09T14:20:12","slug":"alpine-fox-etui-radio-pour-tph900-fidlock-snap","status":"publish","type":"product","link":"https:\/\/www.smartswiss-systems.com\/fr\/produkt\/alpine-fox-etui-radio-pour-tph900-fidlock-snap\/","title":{"rendered":"Alpine Fox \u2013 \u00c9tui radio pour TPH900 \u2013 Fidlock SNAP"},"content":{"rendered":"<p><strong>Alpine Fox\u00ae \u00c9tui radio pour TPH900 avec adaptateur Fidlock SNAP et boucle de ceinture <\/strong><\/p>\n<p>L\u2019\u00e9tui radio Alpine Fox\u00ae a \u00e9t\u00e9 sp\u00e9cialement con\u00e7u pour la radio Polycom TPH900 et s\u2019adapte parfaitement \u00e0 ses fonctionnalit\u00e9s. Fabriqu\u00e9 en Cordura 1500DEN, l\u2019\u00e9tui offre des performances et une robustesse maximales, m\u00eame en cas d\u2019usage intensif. <\/p>\n<p>Gr\u00e2ce \u00e0 la fen\u00eatre transparente \u00e0 l\u2019avant, l\u2019appareil n\u2019a pas besoin d\u2019\u00eatre retir\u00e9 de l\u2019\u00e9tui pour \u00eatre utilis\u00e9. Une fois la radio TPH900 ins\u00e9r\u00e9 dans l\u2019\u00e9tui, celui-ci se ferme \u00e0 l\u2019aide de deux boutons-pression. Un grand avantage de cet \u00e9tui est sa compatibilit\u00e9 avec la plaque de base MOLLE, garantissant une fixation optimale sur l\u2019\u00e9quipement.<\/p>\n<p>L\u2019\u00e9tui radio se fixe facilement \u00e0 la plaque de base gr\u00e2ce \u00e0 la technologie Fidlock et peut \u00eatre retir\u00e9 en toute simplicit\u00e9. Cela facilite l\u2019utilisation de l\u2019appareil sans avoir \u00e0 le sortir de l\u2019\u00e9tui protecteur. L\u2019\u00e9tui se clipse ou se d\u00e9croche facilement et se remet simplement en place apr\u00e8s utilisation.  <\/p>\n<p>L\u2019\u00e9tui radio peut \u00e9galement se fixer sur une ceinture d\u2019intervention jusqu\u2019\u00e0 50 mm de large gr\u00e2ce \u00e0 sa boucle Velcro.<\/p>\n","protected":false},"excerpt":{"rendered":"<p>Alpine Fox\u00ae \u00c9tui radio pour TPH900 avec adaptateur Fidlock SNAP et boucle de ceinture L\u2019\u00e9tui radio Alpine Fox\u00ae a \u00e9t\u00e9 sp\u00e9cialement con\u00e7u pour la radio Polycom TPH900 et s\u2019adapte parfaitement \u00e0 ses fonctionnalit\u00e9s. Fabriqu\u00e9 en Cordura 1500DEN, l\u2019\u00e9tui offre des performances et une robustesse maximales, m\u00eame en cas d\u2019usage intensif. Gr\u00e2ce \u00e0 la fen\u00eatre transparente [&hellip;]<\/p>\n","protected":false},"featured_media":6175,"comment_status":"closed","ping_status":"closed","template":"","meta":[],"product_brand":[],"product_cat":[212,606,609,209,210],"product_tag":[],"display-location":[],"class_list":{"0":"post-6179","1":"product","2":"type-product","3":"status-publish","4":"has-post-thumbnail","6":"product_cat-accessoires-radio","7":"product_cat-etui-radio","8":"product_cat-etui-radio-2","9":"product_cat-polycom","10":"product_cat-tph900","12":"first","13":"instock","14":"taxable","15":"shipping-taxable","16":"purchasable","17":"product-type-simple"},"tiered_pricing_type":"fixed","tiered_pricing_fixed_rules":[],"tiered_pricing_product_settings":{"layout":"default","base_unit_name":{"singular":null,"plural":null},"default_variation":null},"tiered_pricing_minimum_quantity":null,"tiered_pricing_roles_data":[],"tiered_pricing_percentage_rules":[],"_links":{"self":[{"href":"https:\/\/www.smartswiss-systems.com\/fr\/wp-json\/wp\/v2\/product\/6179","targetHints":{"allow":["GET"]}}],"collection":[{"href":"https:\/\/www.smartswiss-systems.com\/fr\/wp-json\/wp\/v2\/product"}],"about":[{"href":"https:\/\/www.smartswiss-systems.com\/fr\/wp-json\/wp\/v2\/types\/product"}],"replies":[{"embeddable":true,"href":"https:\/\/www.smartswiss-systems.com\/fr\/wp-json\/wp\/v2\/comments?post=6179"}],"wp:featuredmedia":[{"embeddable":true,"href":"https:\/\/www.smartswiss-systems.com\/fr\/wp-json\/wp\/v2\/media\/6175"}],"wp:attachment":[{"href":"https:\/\/www.smartswiss-systems.com\/fr\/wp-json\/wp\/v2\/media?parent=6179"}],"wp:term":[{"taxonomy":"product_brand","embeddable":true,"href":"https:\/\/www.smartswiss-systems.com\/fr\/wp-json\/wp\/v2\/product_brand?post=6179"},{"taxonomy":"product_cat","embeddable":true,"href":"https:\/\/www.smartswiss-systems.com\/fr\/wp-json\/wp\/v2\/product_cat?post=6179"},{"taxonomy":"product_tag","embeddable":true,"href":"https:\/\/www.smartswiss-systems.com\/fr\/wp-json\/wp\/v2\/product_tag?post=6179"},{"taxonomy":"display-location","embeddable":true,"href":"https:\/\/www.smartswiss-systems.com\/fr\/wp-json\/wp\/v2\/display-location?post=6179"}],"curies":[{"name":"wp","href":"https:\/\/api.w.org\/{rel}","templated":true}]}}