{"id":6155,"date":"2026-04-01T11:59:06","date_gmt":"2026-04-01T09:59:06","guid":{"rendered":"https:\/\/www.smartswiss-systems.com\/produkt\/batterie-radio-pour-polycom-tph900\/"},"modified":"2026-04-01T11:59:06","modified_gmt":"2026-04-01T09:59:06","slug":"batterie-radio-pour-polycom-tph900","status":"publish","type":"product","link":"https:\/\/www.smartswiss-systems.com\/fr\/produkt\/batterie-radio-pour-polycom-tph900\/","title":{"rendered":"Batterie radio pour Polycom TPH900"},"content":{"rendered":"<p data-start=\"104\" data-end=\"183\"><strong data-start=\"104\" data-end=\"183\">Batterie de remplacement pour Polycom TPH900 \u2013 Puissante, fiable et pr\u00eate \u00e0 l\u2019emploi<\/strong><\/p>\n<p data-start=\"185\" data-end=\"531\">Notre batterie de remplacement Li-ion pour la radio Polycom TPH900 a \u00e9t\u00e9 sp\u00e9cialement con\u00e7ue pour r\u00e9pondre aux exigences \u00e9lev\u00e9es des organisations de s\u00e9curit\u00e9 et des services d\u2019urgence (BORS). Elle provient d\u2019un fabricant secondaire exp\u00e9riment\u00e9 et se distingue par sa puissance, sa grande fiabilit\u00e9 et sa compatibilit\u00e9 optimale \u2013 id\u00e9ale pour une utilisation professionnelle continue. <\/p>\n<p data-start=\"533\" data-end=\"840\">La radio TPH900 est largement utilis\u00e9 comme mod\u00e8le actuel par la police, les pompiers et d\u2019autres administrations. Une alimentation fiable est donc essentielle. Avec cette batterie de remplacement, vous vous assurez que vos appareils restent toujours pr\u00eats \u00e0 l\u2019emploi \u2013 m\u00eame dans des conditions exigeantes.  <\/p>\n","protected":false},"excerpt":{"rendered":"<p>Batterie de remplacement pour Polycom TPH900 \u2013 Puissante, fiable et pr\u00eate \u00e0 l\u2019emploi Notre batterie de remplacement Li-ion pour la radio Polycom TPH900 a \u00e9t\u00e9 sp\u00e9cialement con\u00e7ue pour r\u00e9pondre aux exigences \u00e9lev\u00e9es des organisations de s\u00e9curit\u00e9 et des services d\u2019urgence (BORS). Elle provient d\u2019un fabricant secondaire exp\u00e9riment\u00e9 et se distingue par sa puissance, sa grande [&hellip;]<\/p>\n","protected":false},"featured_media":4031,"comment_status":"closed","ping_status":"closed","template":"","meta":[],"product_brand":[],"product_cat":[212,479,601,359,209,210],"product_tag":[],"display-location":[],"class_list":{"0":"post-6155","1":"product","2":"type-product","3":"status-publish","4":"has-post-thumbnail","6":"product_cat-accessoires-radio","7":"product_cat-batteries-radio","9":"product_cat-polycom-2","10":"product_cat-polycom","11":"product_cat-tph900","13":"first","14":"instock","15":"taxable","16":"shipping-taxable","17":"purchasable","18":"product-type-simple"},"tiered_pricing_type":"fixed","tiered_pricing_fixed_rules":{"10":59.86,"30":55,"50":50.15},"tiered_pricing_product_settings":{"layout":"default","base_unit_name":{"singular":null,"plural":null},"default_variation":null},"tiered_pricing_minimum_quantity":null,"tiered_pricing_roles_data":[],"tiered_pricing_percentage_rules":[],"_links":{"self":[{"href":"https:\/\/www.smartswiss-systems.com\/fr\/wp-json\/wp\/v2\/product\/6155","targetHints":{"allow":["GET"]}}],"collection":[{"href":"https:\/\/www.smartswiss-systems.com\/fr\/wp-json\/wp\/v2\/product"}],"about":[{"href":"https:\/\/www.smartswiss-systems.com\/fr\/wp-json\/wp\/v2\/types\/product"}],"replies":[{"embeddable":true,"href":"https:\/\/www.smartswiss-systems.com\/fr\/wp-json\/wp\/v2\/comments?post=6155"}],"wp:featuredmedia":[{"embeddable":true,"href":"https:\/\/www.smartswiss-systems.com\/fr\/wp-json\/wp\/v2\/media\/4031"}],"wp:attachment":[{"href":"https:\/\/www.smartswiss-systems.com\/fr\/wp-json\/wp\/v2\/media?parent=6155"}],"wp:term":[{"taxonomy":"product_brand","embeddable":true,"href":"https:\/\/www.smartswiss-systems.com\/fr\/wp-json\/wp\/v2\/product_brand?post=6155"},{"taxonomy":"product_cat","embeddable":true,"href":"https:\/\/www.smartswiss-systems.com\/fr\/wp-json\/wp\/v2\/product_cat?post=6155"},{"taxonomy":"product_tag","embeddable":true,"href":"https:\/\/www.smartswiss-systems.com\/fr\/wp-json\/wp\/v2\/product_tag?post=6155"},{"taxonomy":"display-location","embeddable":true,"href":"https:\/\/www.smartswiss-systems.com\/fr\/wp-json\/wp\/v2\/display-location?post=6155"}],"curies":[{"name":"wp","href":"https:\/\/api.w.org\/{rel}","templated":true}]}}