{"id":6124,"date":"2026-03-22T22:58:30","date_gmt":"2026-03-22T21:58:30","guid":{"rendered":"https:\/\/www.smartswiss-systems.com\/produkt\/cable-de-remplacement-pour-mm20-monophon-motorola-gp340\/"},"modified":"2026-03-22T22:58:30","modified_gmt":"2026-03-22T21:58:30","slug":"cable-de-remplacement-pour-mm20-monophon-motorola-gp340","status":"publish","type":"product","link":"https:\/\/www.smartswiss-systems.com\/fr\/produkt\/cable-de-remplacement-pour-mm20-monophon-motorola-gp340\/","title":{"rendered":"C\u00e2ble de remplacement pour MM20 Monophon \u2013 Motorola GP340"},"content":{"rendered":"<p><strong>Pi\u00e8ces de rechange pour monophones \u2013 pleine capacit\u00e9 op\u00e9rationnelle dans toutes les conditions<\/strong><\/p>\n<p>Nos pi\u00e8ces de rechange pour monophones garantissent le fonctionnement fiable de vos appareils de communication, m\u00eame dans les conditions d&rsquo;utilisation les plus difficiles. Qu&rsquo;il s&rsquo;agisse d&rsquo;une usure quotidienne ou de dommages impr\u00e9vus en service, les composants appropri\u00e9s vous permettent de r\u00e9tablir rapidement toutes les fonctionnalit\u00e9s. <\/p>\n<p>Les composants d\u00e9fectueux peuvent \u00eatre remplac\u00e9s rapidement gr\u00e2ce \u00e0 nos pi\u00e8ces de rechange adapt\u00e9es, pratiques, r\u00e9sistantes et imm\u00e9diatement disponibles pour de nombreux mod\u00e8les de monophones.<\/p>\n<p>Notre service rapide et simple assure une livraison rapide. Si une pi\u00e8ce requise ne figure pas dans la liste, veuillez nous contacter \u2013 nous trouverons une solution. <\/p>\n<p><strong>Pour que vos monophones fonctionnent \u00e0 tout moment.<\/strong><\/p>\n","protected":false},"excerpt":{"rendered":"<p>Pi\u00e8ces de rechange pour monophones \u2013 pleine capacit\u00e9 op\u00e9rationnelle dans toutes les conditions Nos pi\u00e8ces de rechange pour monophones garantissent le fonctionnement fiable de vos appareils de communication, m\u00eame dans les conditions d&rsquo;utilisation les plus difficiles. Qu&rsquo;il s&rsquo;agisse d&rsquo;une usure quotidienne ou de dommages impr\u00e9vus en service, les composants appropri\u00e9s vous permettent de r\u00e9tablir rapidement [&hellip;]<\/p>\n","protected":false},"featured_media":0,"comment_status":"closed","ping_status":"closed","template":"","meta":[],"product_brand":[],"product_cat":[212,214,442],"product_tag":[],"display-location":[],"class_list":{"0":"post-6124","1":"product","2":"type-product","3":"status-publish","5":"product_cat-accessoires-radio","6":"product_cat-monophones-2","7":"product_cat-pieces-de-rechange","9":"first","10":"instock","11":"taxable","12":"shipping-taxable","13":"purchasable","14":"product-type-simple"},"tiered_pricing_type":"fixed","tiered_pricing_fixed_rules":[],"tiered_pricing_product_settings":{"layout":"default","base_unit_name":{"singular":null,"plural":null},"default_variation":null},"tiered_pricing_minimum_quantity":null,"tiered_pricing_roles_data":[],"tiered_pricing_percentage_rules":[],"_links":{"self":[{"href":"https:\/\/www.smartswiss-systems.com\/fr\/wp-json\/wp\/v2\/product\/6124","targetHints":{"allow":["GET"]}}],"collection":[{"href":"https:\/\/www.smartswiss-systems.com\/fr\/wp-json\/wp\/v2\/product"}],"about":[{"href":"https:\/\/www.smartswiss-systems.com\/fr\/wp-json\/wp\/v2\/types\/product"}],"replies":[{"embeddable":true,"href":"https:\/\/www.smartswiss-systems.com\/fr\/wp-json\/wp\/v2\/comments?post=6124"}],"wp:attachment":[{"href":"https:\/\/www.smartswiss-systems.com\/fr\/wp-json\/wp\/v2\/media?parent=6124"}],"wp:term":[{"taxonomy":"product_brand","embeddable":true,"href":"https:\/\/www.smartswiss-systems.com\/fr\/wp-json\/wp\/v2\/product_brand?post=6124"},{"taxonomy":"product_cat","embeddable":true,"href":"https:\/\/www.smartswiss-systems.com\/fr\/wp-json\/wp\/v2\/product_cat?post=6124"},{"taxonomy":"product_tag","embeddable":true,"href":"https:\/\/www.smartswiss-systems.com\/fr\/wp-json\/wp\/v2\/product_tag?post=6124"},{"taxonomy":"display-location","embeddable":true,"href":"https:\/\/www.smartswiss-systems.com\/fr\/wp-json\/wp\/v2\/display-location?post=6124"}],"curies":[{"name":"wp","href":"https:\/\/api.w.org\/{rel}","templated":true}]}}