{"id":6110,"date":"2026-03-10T14:35:46","date_gmt":"2026-03-10T13:35:46","guid":{"rendered":"https:\/\/www.smartswiss-systems.com\/produkt\/set-de-communication-titan-motokit-compatible-avec-le-casque-moto-shoei-neotec-iii\/"},"modified":"2026-03-14T12:13:42","modified_gmt":"2026-03-14T11:13:42","slug":"set-de-communication-titan-motokit-compatible-avec-le-casque-moto-shoei-neotec-iii","status":"publish","type":"product","link":"https:\/\/www.smartswiss-systems.com\/fr\/produkt\/set-de-communication-titan-motokit-compatible-avec-le-casque-moto-shoei-neotec-iii\/","title":{"rendered":"Set de communication TITAN Motokit \u2013 SHOEI Neotec III"},"content":{"rendered":"<p data-section-id=\"asgo1f\" data-start=\"170\" data-end=\"223\"><strong>Syst\u00e8mes de communication int\u00e9gr\u00e9s aux casques pour motos de police<\/strong><\/p>\n<p data-start=\"225\" data-end=\"601\">Nos syst\u00e8mes de communication int\u00e9gr\u00e9s aux casques ont \u00e9t\u00e9 sp\u00e9cialement con\u00e7us pour une utilisation dans les casques de motos de police et sont optimis\u00e9s pour une transmission vocale claire dans des conditions op\u00e9rationnelles exigeantes. Une qualit\u00e9 audio fiable est particuli\u00e8rement essentielle pour une communication s\u00e9curis\u00e9e \u00e0 haute vitesse, en pr\u00e9sence de vent fort et de bruits environnants. <\/p>\n<p data-start=\"603\" data-end=\"903\">Des kits d\u2019installation sp\u00e9cifiques et adapt\u00e9s aux casques sont disponibles pour les casques de moto des principaux fabricants tels que Shoei, BMW, Schuberth et Nolan. D\u2019autres types de casques peuvent \u00eatre pris en compte sur demande. Les composants sont con\u00e7us pour s\u2019int\u00e9grer avec pr\u00e9cision aux diff\u00e9rents mod\u00e8les de casques.  <\/p>\n<p data-start=\"905\" data-end=\"1222\">Les ensembles se composent de deux haut-parleurs puissants ainsi que d\u2019un microphone \u00e0 col de cygne \u00e0 compensation de bruit, qui permet une transmission vocale claire et intelligible m\u00eame en cas de vent fort et de bruits environnants. Tous les composants sont con\u00e7us pour un usage professionnel dans le cadre des services de police. <\/p>\n<p data-start=\"1663\" data-end=\"1867\">Un c\u00e2ble en spirale avec connecteur Nexus est fix\u00e9 au casque. Le brochage correspond au standard recommand\u00e9 Peltor (-02) et permet la compatibilit\u00e9 avec les syst\u00e8mes de communication correspondants. <\/p>\n<p data-start=\"1869\" data-end=\"2003\">Pour toute question ou demande particuli\u00e8re, nous restons \u00e0 votre disposition. <strong data-start=\"1948\" data-end=\"2003\">Veuillez nous contacter \u2013 nous serons heureux de vous conseiller.<\/strong><\/p>\n<p>&nbsp;<\/p>\n","protected":false},"excerpt":{"rendered":"<p>Syst\u00e8mes de communication int\u00e9gr\u00e9s aux casques pour motos de police Nos syst\u00e8mes de communication int\u00e9gr\u00e9s aux casques ont \u00e9t\u00e9 sp\u00e9cialement con\u00e7us pour une utilisation dans les casques de motos de police et sont optimis\u00e9s pour une transmission vocale claire dans des conditions op\u00e9rationnelles exigeantes. Une qualit\u00e9 audio fiable est particuli\u00e8rement essentielle pour une communication s\u00e9curis\u00e9e [&hellip;]<\/p>\n","protected":false},"featured_media":6151,"comment_status":"closed","ping_status":"closed","template":"","meta":[],"product_brand":[],"product_cat":[209,598,210],"product_tag":[],"display-location":[],"class_list":{"0":"post-6110","1":"product","2":"type-product","3":"status-publish","4":"has-post-thumbnail","6":"product_cat-polycom","7":"product_cat-systemes-de-communication-integres-au-casque","8":"product_cat-tph900","10":"first","11":"instock","12":"taxable","13":"shipping-taxable","14":"purchasable","15":"product-type-simple"},"tiered_pricing_type":"fixed","tiered_pricing_fixed_rules":[],"tiered_pricing_product_settings":{"layout":"default","base_unit_name":{"singular":null,"plural":null},"default_variation":null},"tiered_pricing_minimum_quantity":null,"tiered_pricing_roles_data":[],"tiered_pricing_percentage_rules":[],"_links":{"self":[{"href":"https:\/\/www.smartswiss-systems.com\/fr\/wp-json\/wp\/v2\/product\/6110","targetHints":{"allow":["GET"]}}],"collection":[{"href":"https:\/\/www.smartswiss-systems.com\/fr\/wp-json\/wp\/v2\/product"}],"about":[{"href":"https:\/\/www.smartswiss-systems.com\/fr\/wp-json\/wp\/v2\/types\/product"}],"replies":[{"embeddable":true,"href":"https:\/\/www.smartswiss-systems.com\/fr\/wp-json\/wp\/v2\/comments?post=6110"}],"wp:featuredmedia":[{"embeddable":true,"href":"https:\/\/www.smartswiss-systems.com\/fr\/wp-json\/wp\/v2\/media\/6151"}],"wp:attachment":[{"href":"https:\/\/www.smartswiss-systems.com\/fr\/wp-json\/wp\/v2\/media?parent=6110"}],"wp:term":[{"taxonomy":"product_brand","embeddable":true,"href":"https:\/\/www.smartswiss-systems.com\/fr\/wp-json\/wp\/v2\/product_brand?post=6110"},{"taxonomy":"product_cat","embeddable":true,"href":"https:\/\/www.smartswiss-systems.com\/fr\/wp-json\/wp\/v2\/product_cat?post=6110"},{"taxonomy":"product_tag","embeddable":true,"href":"https:\/\/www.smartswiss-systems.com\/fr\/wp-json\/wp\/v2\/product_tag?post=6110"},{"taxonomy":"display-location","embeddable":true,"href":"https:\/\/www.smartswiss-systems.com\/fr\/wp-json\/wp\/v2\/display-location?post=6110"}],"curies":[{"name":"wp","href":"https:\/\/api.w.org\/{rel}","templated":true}]}}