{"id":6026,"date":"2026-03-05T13:17:16","date_gmt":"2026-03-05T12:17:16","guid":{"rendered":"https:\/\/www.smartswiss-systems.com\/?post_type=product&#038;p=6026"},"modified":"2026-03-05T13:47:35","modified_gmt":"2026-03-05T12:47:35","slug":"philips-6x-pr10-pr230-pr70-appareil-auditif-kopie","status":"publish","type":"product","link":"https:\/\/www.smartswiss-systems.com\/fr\/produkt\/philips-6x-pr10-pr230-pr70-appareil-auditif-kopie\/","title":{"rendered":"Duracell EasyTab 10 Zinc Air D6 1,4V"},"content":{"rendered":"<p><strong>Duracell EasyTab 10 Zinc Air D6 1,4V \u2013 Batterie auditive fiable pour les forces de s\u00e9curit\u00e9<\/strong><\/p>\n<p>La batterie auditive Duracell EasyTab 10 Zinc Air D6 1,4V offre une alimentation fiable pour les appareils auditifs utilis\u00e9s dans le cadre professionnel par la police et les forces de s\u00e9curit\u00e9. Gr\u00e2ce \u00e0 sa longue dur\u00e9e de vie et \u00e0 ses performances stables, elle garantit que la communication fonctionne toujours dans les moments cruciaux. <\/p>\n<p>Cette pile porte la d\u00e9signation D6 et correspond \u00e9galement aux normes PR10, PR230 et PR70. Elle est donc id\u00e9ale pour les appareils auditifs utilisant ces r\u00e9f\u00e9rences et garantit que vos dispositifs sont aliment\u00e9s de mani\u00e8re fiable. <\/p>\n<p>La Duracell EasyTab 10 se distingue par sa grande fiabilit\u00e9 et qualit\u00e9, ce qui en fait un choix id\u00e9al pour une utilisation dans des domaines o\u00f9 la s\u00e9curit\u00e9 est primordiale.<\/p>\n","protected":false},"excerpt":{"rendered":"<p>Duracell EasyTab 10 Zinc Air D6 1,4V \u2013 Batterie auditive fiable pour les forces de s\u00e9curit\u00e9 La batterie auditive Duracell EasyTab 10 Zinc Air D6 1,4V offre une alimentation fiable pour les appareils auditifs utilis\u00e9s dans le cadre professionnel par la police et les forces de s\u00e9curit\u00e9. Gr\u00e2ce \u00e0 sa longue dur\u00e9e de vie et [&hellip;]<\/p>\n","protected":false},"featured_media":6076,"comment_status":"closed","ping_status":"closed","template":"","meta":[],"product_brand":[],"product_cat":[593,592],"product_tag":[],"display-location":[],"class_list":{"0":"post-6026","1":"product","2":"type-product","3":"status-publish","4":"has-post-thumbnail","6":"product_cat-piles","7":"product_cat-piles-pour-appareils-auditifs","9":"first","10":"instock","11":"taxable","12":"shipping-taxable","13":"purchasable","14":"product-type-simple"},"tiered_pricing_type":"fixed","tiered_pricing_fixed_rules":{"10":4.8,"50":4.44,"100":4.2},"tiered_pricing_product_settings":{"layout":"default","base_unit_name":{"singular":null,"plural":null},"default_variation":null},"tiered_pricing_minimum_quantity":null,"tiered_pricing_roles_data":[],"tiered_pricing_percentage_rules":[],"_links":{"self":[{"href":"https:\/\/www.smartswiss-systems.com\/fr\/wp-json\/wp\/v2\/product\/6026","targetHints":{"allow":["GET"]}}],"collection":[{"href":"https:\/\/www.smartswiss-systems.com\/fr\/wp-json\/wp\/v2\/product"}],"about":[{"href":"https:\/\/www.smartswiss-systems.com\/fr\/wp-json\/wp\/v2\/types\/product"}],"replies":[{"embeddable":true,"href":"https:\/\/www.smartswiss-systems.com\/fr\/wp-json\/wp\/v2\/comments?post=6026"}],"wp:featuredmedia":[{"embeddable":true,"href":"https:\/\/www.smartswiss-systems.com\/fr\/wp-json\/wp\/v2\/media\/6076"}],"wp:attachment":[{"href":"https:\/\/www.smartswiss-systems.com\/fr\/wp-json\/wp\/v2\/media?parent=6026"}],"wp:term":[{"taxonomy":"product_brand","embeddable":true,"href":"https:\/\/www.smartswiss-systems.com\/fr\/wp-json\/wp\/v2\/product_brand?post=6026"},{"taxonomy":"product_cat","embeddable":true,"href":"https:\/\/www.smartswiss-systems.com\/fr\/wp-json\/wp\/v2\/product_cat?post=6026"},{"taxonomy":"product_tag","embeddable":true,"href":"https:\/\/www.smartswiss-systems.com\/fr\/wp-json\/wp\/v2\/product_tag?post=6026"},{"taxonomy":"display-location","embeddable":true,"href":"https:\/\/www.smartswiss-systems.com\/fr\/wp-json\/wp\/v2\/display-location?post=6026"}],"curies":[{"name":"wp","href":"https:\/\/api.w.org\/{rel}","templated":true}]}}