{"id":6017,"date":"2026-03-05T10:49:27","date_gmt":"2026-03-05T09:49:27","guid":{"rendered":"https:\/\/www.smartswiss-systems.com\/?post_type=product&#038;p=6017"},"modified":"2026-03-05T12:48:31","modified_gmt":"2026-03-05T11:48:31","slug":"philips-6x-pr10-pr230-pr70-appareil-auditif","status":"publish","type":"product","link":"https:\/\/www.smartswiss-systems.com\/fr\/produkt\/philips-6x-pr10-pr230-pr70-appareil-auditif\/","title":{"rendered":"Philips 6x PR10 (PR230\/PR70) \u2013 Appareil auditif"},"content":{"rendered":"<p data-start=\"405\" data-end=\"481\"><strong data-start=\"405\" data-end=\"481\">Piles pour appareils auditifs Philips \u2013 \u00c9nergie fiable pour les syst\u00e8mes auditifs modernes<\/strong><\/p>\n<p data-start=\"483\" data-end=\"858\">Les piles pour appareils auditifs Philips, pr\u00e9sent\u00e9es dans un pack pratique de 6, sont des piles zinc-air de haute qualit\u00e9 sp\u00e9cialement con\u00e7ues pour les appareils auditifs, offrant une alimentation fiable et durable. Gr\u00e2ce \u00e0 la technologie \u00e9prouv\u00e9e zinc-air, elles fournissent une tension stable de 1,4 V et garantissent des performances constantes lors de l&rsquo;utilisation quotidienne. <\/p>\n<p data-start=\"860\" data-end=\"1095\">Les piles sont compatibles avec les appareils auditifs et les syst\u00e8mes auditifs intra-auriculaires de fabricants renomm\u00e9s et sont \u00e9galement utilis\u00e9es dans des applications professionnelles dans le secteur de la s\u00e9curit\u00e9, comme par exemple par la police, en raison de leur fiabilit\u00e9.<\/p>\n<p data-start=\"1097\" data-end=\"1400\">Avec une dur\u00e9e de conservation allant jusqu&rsquo;\u00e0 3 ans, les piles offrent une grande capacit\u00e9 de stockage. Elles sont \u00e9galement exemptes de m\u00e9taux lourds tels que le cadmium et le plomb, ce qui en fait un choix plus respectueux de l&rsquo;environnement. Le distributeur \u00e0 vis pratique permet un retrait facile, s\u00fbr et confortable des piles.  <\/p>\n","protected":false},"excerpt":{"rendered":"<p>Piles pour appareils auditifs Philips \u2013 \u00c9nergie fiable pour les syst\u00e8mes auditifs modernes Les piles pour appareils auditifs Philips, pr\u00e9sent\u00e9es dans un pack pratique de 6, sont des piles zinc-air de haute qualit\u00e9 sp\u00e9cialement con\u00e7ues pour les appareils auditifs, offrant une alimentation fiable et durable. Gr\u00e2ce \u00e0 la technologie \u00e9prouv\u00e9e zinc-air, elles fournissent une tension [&hellip;]<\/p>\n","protected":false},"featured_media":6080,"comment_status":"closed","ping_status":"closed","template":"","meta":[],"product_brand":[],"product_cat":[593,592],"product_tag":[],"display-location":[156],"class_list":{"0":"post-6017","1":"product","2":"type-product","3":"status-publish","4":"has-post-thumbnail","6":"product_cat-piles","7":"product_cat-piles-pour-appareils-auditifs","8":"display-location-new","10":"first","11":"instock","12":"taxable","13":"shipping-taxable","14":"purchasable","15":"product-type-simple"},"tiered_pricing_type":"fixed","tiered_pricing_fixed_rules":{"10":3.9,"50":3.51,"100":3.02},"tiered_pricing_product_settings":{"layout":"default","base_unit_name":{"singular":null,"plural":null},"default_variation":null},"tiered_pricing_minimum_quantity":null,"tiered_pricing_roles_data":[],"tiered_pricing_percentage_rules":[],"_links":{"self":[{"href":"https:\/\/www.smartswiss-systems.com\/fr\/wp-json\/wp\/v2\/product\/6017","targetHints":{"allow":["GET"]}}],"collection":[{"href":"https:\/\/www.smartswiss-systems.com\/fr\/wp-json\/wp\/v2\/product"}],"about":[{"href":"https:\/\/www.smartswiss-systems.com\/fr\/wp-json\/wp\/v2\/types\/product"}],"replies":[{"embeddable":true,"href":"https:\/\/www.smartswiss-systems.com\/fr\/wp-json\/wp\/v2\/comments?post=6017"}],"wp:featuredmedia":[{"embeddable":true,"href":"https:\/\/www.smartswiss-systems.com\/fr\/wp-json\/wp\/v2\/media\/6080"}],"wp:attachment":[{"href":"https:\/\/www.smartswiss-systems.com\/fr\/wp-json\/wp\/v2\/media?parent=6017"}],"wp:term":[{"taxonomy":"product_brand","embeddable":true,"href":"https:\/\/www.smartswiss-systems.com\/fr\/wp-json\/wp\/v2\/product_brand?post=6017"},{"taxonomy":"product_cat","embeddable":true,"href":"https:\/\/www.smartswiss-systems.com\/fr\/wp-json\/wp\/v2\/product_cat?post=6017"},{"taxonomy":"product_tag","embeddable":true,"href":"https:\/\/www.smartswiss-systems.com\/fr\/wp-json\/wp\/v2\/product_tag?post=6017"},{"taxonomy":"display-location","embeddable":true,"href":"https:\/\/www.smartswiss-systems.com\/fr\/wp-json\/wp\/v2\/display-location?post=6017"}],"curies":[{"name":"wp","href":"https:\/\/api.w.org\/{rel}","templated":true}]}}