{"id":5885,"date":"2026-02-18T06:42:27","date_gmt":"2026-02-18T05:42:27","guid":{"rendered":"https:\/\/www.smartswiss-systems.com\/?post_type=product&#038;p=5885"},"modified":"2026-03-02T16:44:10","modified_gmt":"2026-03-02T15:44:10","slug":"boitier-dinterface-de-base-ptt-avant-tph900-kopie","status":"publish","type":"product","link":"https:\/\/www.smartswiss-systems.com\/fr\/produkt\/boitier-dinterface-de-base-ptt-avant-tph900-kopie\/","title":{"rendered":"Bo\u00eete d\u2019interface de base \u2013 PTT avant \u2013 TPH900 \u2013 L500"},"content":{"rendered":"<p><strong>Bo\u00eetier d&rsquo;interface pour Polycom TPH900 \u2013 Compact. Polyvalent. Pr\u00eat \u00e0 l&#8217;emploi.  <\/strong><\/p>\n<p>Notre bo\u00eetier d&rsquo;interface a \u00e9t\u00e9 sp\u00e9cialement con\u00e7u pour le terminal radio portable Polycom TPH900 et s&rsquo;adresse aux utilisateurs professionnels tels que les forces de police, les services de s\u00e9curit\u00e9 et les groupes d&rsquo;intervention officiels ayant des besoins de communication accrus.<\/p>\n<p>Contrairement aux monophones traditionnels, le bo\u00eetier d&rsquo;interface se distingue par sa conception compacte et robuste, qui permet une fixation discr\u00e8te et pr\u00e8s du corps sur les gilets d&rsquo;intervention ou les uniformes \u2013 un avantage d\u00e9cisif dans les situations d&rsquo;intervention dynamiques.<\/p>\n<p>Une caract\u00e9ristique centrale est la touche PTT (Push-to-Talk) int\u00e9gr\u00e9e \u00e0 l&rsquo;avant du bo\u00eetier. Ce positionnement permet une utilisation particuli\u00e8rement ergonomique avec l&rsquo;index \u2013 rapide, confortable et fiable, m\u00eame avec des gants. <\/p>\n<p>Pour une flexibilit\u00e9 maximale, le bo\u00eetier d&rsquo;interface est \u00e9quip\u00e9 d&rsquo;une prise jack 3,5 mm. Cela permet de connecter diff\u00e9rents types d&rsquo;\u00e9couteurs \u2013 tels que les syst\u00e8mes \u00e0 tube acoustique, les \u00e9couteurs Flexi ou d&rsquo;autres mod\u00e8les \u00e9tablis dans le service de police \u2013 \u00e0 condition que le brochage des connecteurs soit compatible. De plus, une prise 2,5 mm est disponible pour connecter une touche PTT externe, ce qui facilite encore l&rsquo;utilisation dans des conditions discr\u00e8tes ou semi-discr\u00e8tes.  <\/p>\n<p data-start=\"133\" data-end=\"459\">Optionnellement (versions L500 et L700), la bo\u00eete d\u2019interface est \u00e9galement disponible avec une variante du c\u00e2ble radio renforc\u00e9. Cette version augmente nettement la r\u00e9sistance m\u00e9canique et convient particuli\u00e8rement au port sur des gilets de s\u00e9curit\u00e9 ou dans des environnements op\u00e9rationnels exigeants avec des contraintes de traction et de charge accrues. Cependant, en raison du diam\u00e8tre plus important du c\u00e2ble, cette variante ne comporte pas la prise 2,5 mm sur le dessous de la bo\u00eete d\u2019interface pour connecter un bouton PTT externe suppl\u00e9mentaire. La conception robuste du c\u00e2ble offre ainsi une stabilit\u00e9 accrue au d\u00e9triment d\u2019une option de connexion r\u00e9duite.   <\/p>\n","protected":false},"excerpt":{"rendered":"<p>Bo\u00eetier d&rsquo;interface pour Polycom TPH900 \u2013 Compact. Polyvalent. Pr\u00eat \u00e0 l&#8217;emploi. Notre bo\u00eetier d&rsquo;interface a \u00e9t\u00e9 sp\u00e9cialement con\u00e7u pour le terminal radio portable Polycom TPH900 et s&rsquo;adresse aux utilisateurs professionnels tels que les forces de police, les services de s\u00e9curit\u00e9 et les groupes d&rsquo;intervention officiels ayant des besoins de communication accrus. Contrairement aux monophones traditionnels, [&hellip;]<\/p>\n","protected":false},"featured_media":5993,"comment_status":"closed","ping_status":"closed","template":"","meta":[],"product_brand":[],"product_cat":[469,209,210],"product_tag":[],"display-location":[],"class_list":{"0":"post-5885","1":"product","2":"type-product","3":"status-publish","4":"has-post-thumbnail","6":"product_cat-boitier-dinterface-de-base","7":"product_cat-polycom","8":"product_cat-tph900","10":"first","11":"instock","12":"taxable","13":"shipping-taxable","14":"purchasable","15":"product-type-simple"},"tiered_pricing_type":"fixed","tiered_pricing_fixed_rules":[],"tiered_pricing_product_settings":{"layout":"default","base_unit_name":{"singular":null,"plural":null},"default_variation":null},"tiered_pricing_minimum_quantity":null,"tiered_pricing_roles_data":[],"tiered_pricing_percentage_rules":[],"_links":{"self":[{"href":"https:\/\/www.smartswiss-systems.com\/fr\/wp-json\/wp\/v2\/product\/5885","targetHints":{"allow":["GET"]}}],"collection":[{"href":"https:\/\/www.smartswiss-systems.com\/fr\/wp-json\/wp\/v2\/product"}],"about":[{"href":"https:\/\/www.smartswiss-systems.com\/fr\/wp-json\/wp\/v2\/types\/product"}],"replies":[{"embeddable":true,"href":"https:\/\/www.smartswiss-systems.com\/fr\/wp-json\/wp\/v2\/comments?post=5885"}],"wp:featuredmedia":[{"embeddable":true,"href":"https:\/\/www.smartswiss-systems.com\/fr\/wp-json\/wp\/v2\/media\/5993"}],"wp:attachment":[{"href":"https:\/\/www.smartswiss-systems.com\/fr\/wp-json\/wp\/v2\/media?parent=5885"}],"wp:term":[{"taxonomy":"product_brand","embeddable":true,"href":"https:\/\/www.smartswiss-systems.com\/fr\/wp-json\/wp\/v2\/product_brand?post=5885"},{"taxonomy":"product_cat","embeddable":true,"href":"https:\/\/www.smartswiss-systems.com\/fr\/wp-json\/wp\/v2\/product_cat?post=5885"},{"taxonomy":"product_tag","embeddable":true,"href":"https:\/\/www.smartswiss-systems.com\/fr\/wp-json\/wp\/v2\/product_tag?post=5885"},{"taxonomy":"display-location","embeddable":true,"href":"https:\/\/www.smartswiss-systems.com\/fr\/wp-json\/wp\/v2\/display-location?post=5885"}],"curies":[{"name":"wp","href":"https:\/\/api.w.org\/{rel}","templated":true}]}}