{"id":5812,"date":"2025-12-11T13:38:30","date_gmt":"2025-12-11T12:38:30","guid":{"rendered":"https:\/\/www.smartswiss-systems.com\/produkt\/adaptateur-de-casque-pour-titan-huc5-firecomm-msa-gallet-f1xf\/"},"modified":"2025-12-11T13:38:30","modified_gmt":"2025-12-11T12:38:30","slug":"adaptateur-de-casque-pour-titan-huc5-firecomm-msa-gallet-f1xf","status":"publish","type":"product","link":"https:\/\/www.smartswiss-systems.com\/fr\/produkt\/adaptateur-de-casque-pour-titan-huc5-firecomm-msa-gallet-f1xf\/","title":{"rendered":"Adaptateur de casque pour TITAN HUC5 Firecomm \u2013 MSA Gallet F1XF"},"content":{"rendered":"<p data-start=\"108\" data-end=\"194\"><strong data-start=\"111\" data-end=\"194\">Adaptateur de casque pour TITAN HUC5 Firecomm \u2013 compatible avec le casque de pompier MSA Gallet F1XF<\/strong><\/p>\n<p data-start=\"196\" data-end=\"481\">L\u2019adaptateur de casque pour le TITAN HUC5 Firecomm a \u00e9t\u00e9 sp\u00e9cialement con\u00e7u pour le casque de pompier MSA Gallet F1XF. Il permet une installation s\u00fbre et parfaitement ajust\u00e9e de l\u2019ensemble micro-casque, garantissant ainsi une communication fiable lors des interventions exigeantes des sapeurs-pompiers. <\/p>\n","protected":false},"excerpt":{"rendered":"<p>Adaptateur de casque pour TITAN HUC5 Firecomm \u2013 compatible avec le casque de pompier MSA Gallet F1XF L\u2019adaptateur de casque pour le TITAN HUC5 Firecomm a \u00e9t\u00e9 sp\u00e9cialement con\u00e7u pour le casque de pompier MSA Gallet F1XF. Il permet une installation s\u00fbre et parfaitement ajust\u00e9e de l\u2019ensemble micro-casque, garantissant ainsi une communication fiable lors des [&hellip;]<\/p>\n","protected":false},"featured_media":5890,"comment_status":"closed","ping_status":"closed","template":"","meta":[],"product_brand":[],"product_cat":[212,377,466],"product_tag":[],"display-location":[],"class_list":{"0":"post-5812","1":"product","2":"type-product","3":"status-publish","4":"has-post-thumbnail","6":"product_cat-accessoires-radio","7":"product_cat-casques","8":"product_cat-casques-a-integrer-dans-les-casques","10":"first","11":"instock","12":"taxable","13":"shipping-taxable","14":"purchasable","15":"product-type-simple"},"tiered_pricing_type":"fixed","tiered_pricing_fixed_rules":[],"tiered_pricing_product_settings":{"layout":"default","base_unit_name":{"singular":null,"plural":null},"default_variation":null},"tiered_pricing_minimum_quantity":null,"tiered_pricing_roles_data":[],"tiered_pricing_percentage_rules":[],"_links":{"self":[{"href":"https:\/\/www.smartswiss-systems.com\/fr\/wp-json\/wp\/v2\/product\/5812","targetHints":{"allow":["GET"]}}],"collection":[{"href":"https:\/\/www.smartswiss-systems.com\/fr\/wp-json\/wp\/v2\/product"}],"about":[{"href":"https:\/\/www.smartswiss-systems.com\/fr\/wp-json\/wp\/v2\/types\/product"}],"replies":[{"embeddable":true,"href":"https:\/\/www.smartswiss-systems.com\/fr\/wp-json\/wp\/v2\/comments?post=5812"}],"wp:featuredmedia":[{"embeddable":true,"href":"https:\/\/www.smartswiss-systems.com\/fr\/wp-json\/wp\/v2\/media\/5890"}],"wp:attachment":[{"href":"https:\/\/www.smartswiss-systems.com\/fr\/wp-json\/wp\/v2\/media?parent=5812"}],"wp:term":[{"taxonomy":"product_brand","embeddable":true,"href":"https:\/\/www.smartswiss-systems.com\/fr\/wp-json\/wp\/v2\/product_brand?post=5812"},{"taxonomy":"product_cat","embeddable":true,"href":"https:\/\/www.smartswiss-systems.com\/fr\/wp-json\/wp\/v2\/product_cat?post=5812"},{"taxonomy":"product_tag","embeddable":true,"href":"https:\/\/www.smartswiss-systems.com\/fr\/wp-json\/wp\/v2\/product_tag?post=5812"},{"taxonomy":"display-location","embeddable":true,"href":"https:\/\/www.smartswiss-systems.com\/fr\/wp-json\/wp\/v2\/display-location?post=5812"}],"curies":[{"name":"wp","href":"https:\/\/api.w.org\/{rel}","templated":true}]}}