{"id":5809,"date":"2025-12-11T10:21:48","date_gmt":"2025-12-11T09:21:48","guid":{"rendered":"https:\/\/www.smartswiss-systems.com\/produkt\/titan-huc5-kit-de-communication-pour-casque-msa-f1xf-et-f1sf-micro-court-savox-01-gauche\/"},"modified":"2026-02-09T19:27:20","modified_gmt":"2026-02-09T18:27:20","slug":"titan-huc5-kit-de-communication-pour-casque-msa-f1xf-et-f1sf-micro-court-savox-01-gauche","status":"publish","type":"product","link":"https:\/\/www.smartswiss-systems.com\/fr\/produkt\/titan-huc5-kit-de-communication-pour-casque-msa-f1xf-et-f1sf-micro-court-savox-01-gauche\/","title":{"rendered":"TITAN HUC5 Kit de communication pour casque \u2013 MSA F1XF et F1SF \u2013 Micro court \u2013 Savox (01) \u2013 Oreille gauche"},"content":{"rendered":"<p data-start=\"114\" data-end=\"172\"><strong data-start=\"114\" data-end=\"170\">Casques de communication HUC5 \/ HUC7 avec micro court<\/strong><\/p>\n<p data-start=\"174\" data-end=\"482\">Syst\u00e8mes de communication Titan \u2013 casques de communication int\u00e9gr\u00e9s pour casques de pompiers, \u00e9quip\u00e9s d\u2019un microphone \u00e9lectret court, positionn\u00e9 sur le c\u00f4t\u00e9 du visage. Le microphone est compens\u00e9 contre le bruit et \u00e9tanche, assurant une transmission vocale claire m\u00eame avec un appareil respiratoire ou dans des environnements bruyants.<\/p>\n<p data-start=\"484\" data-end=\"677\">Disponible pour l\u2019oreille droite, l\u2019oreille gauche ou en version st\u00e9r\u00e9o pour les deux oreilles. Tous les mod\u00e8les sont \u00e9quip\u00e9s d\u2019un connecteur Nexus et fournis de s\u00e9rie avec un c\u00e2ble spiral\u00e9. <\/p>\n<p data-start=\"679\" data-end=\"874\">Compatible avec les casques MSA Gallet F1XF \/ F1SF, Dr\u00e4ger HPS 7000 et Rosenbauer HEROS Titan.<br \/>Remarque : selon le mod\u00e8le de casque, un adaptateur casque peut \u00eatre n\u00e9cessaire (indiqu\u00e9 dans la fiche produit). <\/p>\n<p data-start=\"876\" data-end=\"951\">Robuste, ergonomique et \u00e9prouv\u00e9 sur le terrain \u2013 pour les professionnels.<\/p>\n","protected":false},"excerpt":{"rendered":"<p>Casques de communication HUC5 \/ HUC7 avec micro court Syst\u00e8mes de communication Titan \u2013 casques de communication int\u00e9gr\u00e9s pour casques de pompiers, \u00e9quip\u00e9s d\u2019un microphone \u00e9lectret court, positionn\u00e9 sur le c\u00f4t\u00e9 du visage. Le microphone est compens\u00e9 contre le bruit et \u00e9tanche, assurant une transmission vocale claire m\u00eame avec un appareil respiratoire ou dans des [&hellip;]<\/p>\n","protected":false},"featured_media":4031,"comment_status":"closed","ping_status":"closed","template":"","meta":[],"product_brand":[],"product_cat":[212,377,466],"product_tag":[],"display-location":[],"class_list":{"0":"post-5809","1":"product","2":"type-product","3":"status-publish","4":"has-post-thumbnail","6":"product_cat-accessoires-radio","7":"product_cat-casques","8":"product_cat-casques-a-integrer-dans-les-casques","10":"first","11":"instock","12":"taxable","13":"shipping-taxable","14":"purchasable","15":"product-type-simple"},"tiered_pricing_type":"fixed","tiered_pricing_fixed_rules":[],"tiered_pricing_product_settings":{"layout":"default","base_unit_name":{"singular":null,"plural":null},"default_variation":null},"tiered_pricing_minimum_quantity":null,"tiered_pricing_roles_data":[],"tiered_pricing_percentage_rules":[],"_links":{"self":[{"href":"https:\/\/www.smartswiss-systems.com\/fr\/wp-json\/wp\/v2\/product\/5809","targetHints":{"allow":["GET"]}}],"collection":[{"href":"https:\/\/www.smartswiss-systems.com\/fr\/wp-json\/wp\/v2\/product"}],"about":[{"href":"https:\/\/www.smartswiss-systems.com\/fr\/wp-json\/wp\/v2\/types\/product"}],"replies":[{"embeddable":true,"href":"https:\/\/www.smartswiss-systems.com\/fr\/wp-json\/wp\/v2\/comments?post=5809"}],"wp:featuredmedia":[{"embeddable":true,"href":"https:\/\/www.smartswiss-systems.com\/fr\/wp-json\/wp\/v2\/media\/4031"}],"wp:attachment":[{"href":"https:\/\/www.smartswiss-systems.com\/fr\/wp-json\/wp\/v2\/media?parent=5809"}],"wp:term":[{"taxonomy":"product_brand","embeddable":true,"href":"https:\/\/www.smartswiss-systems.com\/fr\/wp-json\/wp\/v2\/product_brand?post=5809"},{"taxonomy":"product_cat","embeddable":true,"href":"https:\/\/www.smartswiss-systems.com\/fr\/wp-json\/wp\/v2\/product_cat?post=5809"},{"taxonomy":"product_tag","embeddable":true,"href":"https:\/\/www.smartswiss-systems.com\/fr\/wp-json\/wp\/v2\/product_tag?post=5809"},{"taxonomy":"display-location","embeddable":true,"href":"https:\/\/www.smartswiss-systems.com\/fr\/wp-json\/wp\/v2\/display-location?post=5809"}],"curies":[{"name":"wp","href":"https:\/\/api.w.org\/{rel}","templated":true}]}}