{"id":5632,"date":"2026-02-02T11:58:57","date_gmt":"2026-02-02T10:58:57","guid":{"rendered":"https:\/\/www.smartswiss-systems.com\/produkt\/micro-deporte-xm07-pour-tph900-compact-ip68-reglage-du-volume-bouton-durgence\/"},"modified":"2026-02-03T08:43:28","modified_gmt":"2026-02-03T07:43:28","slug":"micro-deporte-xm07-pour-tph900-compact-ip68-reglage-du-volume-bouton-durgence","status":"publish","type":"product","link":"https:\/\/www.smartswiss-systems.com\/fr\/produkt\/micro-deporte-xm07-pour-tph900-compact-ip68-reglage-du-volume-bouton-durgence\/","title":{"rendered":"Micro d\u00e9port\u00e9 XM07 pour TPH900 \u2013 compact, IP68 \u2013 r\u00e9glage du volume \u2013 bouton d\u2019urgence"},"content":{"rendered":"<p>Micro d\u00e9port\u00e9 XM07 avec r\u00e9glage du volume<\/p>\n<hr>\n<p>Le micro d\u00e9port\u00e9 XM07 s\u00e9duit par sa conception compacte et une particularit\u00e9 qui le distingue de nombreux autres microphones portatifs : le r\u00e9glage du volume int\u00e9gr\u00e9. Cette fonction est particuli\u00e8rement appr\u00e9ci\u00e9e par les services de s\u00e9curit\u00e9 et de secours, tels que les services d\u2019ambulance, car elle permet d\u2019ajuster le volume des communications radio de mani\u00e8re flexible en fonction de la situation. <\/p>\n<p data-start=\"579\" data-end=\"758\">Le XM07 est disponible en deux versions : avec ou sans bouton d\u2019urgence int\u00e9gr\u00e9, ce qui permet de l\u2019adapter de mani\u00e8re flexible \u00e0 diff\u00e9rents besoins op\u00e9rationnels.<\/p>\n<p data-start=\"760\" data-end=\"1004\">Un autre avantage est la prise radio TPH900 droite, o\u00f9 le c\u00e2ble est guid\u00e9 le long de l\u2019appareil. Ce gain de place permet une manipulation plus ordonn\u00e9e et augmente le confort de port au quotidien. <\/p>\n<p data-start=\"1006\" data-end=\"1212\">De plus, une LED bien visible est situ\u00e9e en haut du microphone, visualisant de mani\u00e8re fiable le signal porteur pr\u00e9sent et offrant \u00e0 l\u2019utilisateur un retour rapide sur l\u2019\u00e9tat de la communication radio.<\/p>\n<p data-start=\"1214\" data-end=\"1484\">Avec la classe de protection IP68, le XM07 est efficacement prot\u00e9g\u00e9 contre la poussi\u00e8re et les jets d\u2019eau, ce qui le rend parfaitement adapt\u00e9 \u00e0 une utilisation professionnelle quotidienne. La transmission audio claire garantit une communication nette, m\u00eame dans des environnements exigeants. <\/p>\n<p data-start=\"1486\" data-end=\"1653\">La conception ergonomique assure une manipulation agr\u00e9able, tandis que la prise jack 3,5&nbsp;mm int\u00e9gr\u00e9e permet de connecter des \u00e9couteurs externes si n\u00e9cessaire.<\/p>\n<p><strong>Le XM07 \u2013 compact, orient\u00e9 terrain et dot\u00e9 d\u2019un r\u00e9glage de volume flexible pour une communication professionnelle.<\/strong><\/p>\n","protected":false},"excerpt":{"rendered":"<p>Micro d\u00e9port\u00e9 XM07 avec r\u00e9glage du volume Le micro d\u00e9port\u00e9 XM07 s\u00e9duit par sa conception compacte et une particularit\u00e9 qui le distingue de nombreux autres microphones portatifs : le r\u00e9glage du volume int\u00e9gr\u00e9. Cette fonction est particuli\u00e8rement appr\u00e9ci\u00e9e par les services de s\u00e9curit\u00e9 et de secours, tels que les services d\u2019ambulance, car elle permet d\u2019ajuster [&hellip;]<\/p>\n","protected":false},"featured_media":5691,"comment_status":"closed","ping_status":"closed","template":"","meta":[],"product_brand":[],"product_cat":[211,214,209,210,581],"product_tag":[],"display-location":[],"class_list":{"0":"post-5632","1":"product","2":"type-product","3":"status-publish","4":"has-post-thumbnail","6":"product_cat-monophones","7":"product_cat-monophones-2","8":"product_cat-polycom","9":"product_cat-tph900","10":"product_cat-xm07-serie","12":"first","13":"instock","14":"taxable","15":"shipping-taxable","16":"purchasable","17":"product-type-simple"},"tiered_pricing_type":"fixed","tiered_pricing_fixed_rules":{"10":104.06,"30":95.63,"50":87.19},"tiered_pricing_product_settings":{"layout":"default","base_unit_name":{"singular":null,"plural":null},"default_variation":null},"tiered_pricing_minimum_quantity":null,"tiered_pricing_roles_data":[],"tiered_pricing_percentage_rules":[],"_links":{"self":[{"href":"https:\/\/www.smartswiss-systems.com\/fr\/wp-json\/wp\/v2\/product\/5632","targetHints":{"allow":["GET"]}}],"collection":[{"href":"https:\/\/www.smartswiss-systems.com\/fr\/wp-json\/wp\/v2\/product"}],"about":[{"href":"https:\/\/www.smartswiss-systems.com\/fr\/wp-json\/wp\/v2\/types\/product"}],"replies":[{"embeddable":true,"href":"https:\/\/www.smartswiss-systems.com\/fr\/wp-json\/wp\/v2\/comments?post=5632"}],"wp:featuredmedia":[{"embeddable":true,"href":"https:\/\/www.smartswiss-systems.com\/fr\/wp-json\/wp\/v2\/media\/5691"}],"wp:attachment":[{"href":"https:\/\/www.smartswiss-systems.com\/fr\/wp-json\/wp\/v2\/media?parent=5632"}],"wp:term":[{"taxonomy":"product_brand","embeddable":true,"href":"https:\/\/www.smartswiss-systems.com\/fr\/wp-json\/wp\/v2\/product_brand?post=5632"},{"taxonomy":"product_cat","embeddable":true,"href":"https:\/\/www.smartswiss-systems.com\/fr\/wp-json\/wp\/v2\/product_cat?post=5632"},{"taxonomy":"product_tag","embeddable":true,"href":"https:\/\/www.smartswiss-systems.com\/fr\/wp-json\/wp\/v2\/product_tag?post=5632"},{"taxonomy":"display-location","embeddable":true,"href":"https:\/\/www.smartswiss-systems.com\/fr\/wp-json\/wp\/v2\/display-location?post=5632"}],"curies":[{"name":"wp","href":"https:\/\/api.w.org\/{rel}","templated":true}]}}