{"id":5128,"date":"2025-11-22T11:01:30","date_gmt":"2025-11-22T10:01:30","guid":{"rendered":"https:\/\/www.smartswiss-systems.com\/produkt\/dtc-blusdr-90-ul-module-radio-ultra-leger-10-w\/"},"modified":"2025-12-16T13:53:38","modified_gmt":"2025-12-16T12:53:38","slug":"dtc-blusdr-90-ul-module-radio-ultra-leger-10-w","status":"publish","type":"product","link":"https:\/\/www.smartswiss-systems.com\/fr\/produkt\/dtc-blusdr-90-ul-module-radio-ultra-leger-10-w\/","title":{"rendered":"DTC \u2013 BluSDR-90-UL Module radio ultra-l\u00e9ger 10 W"},"content":{"rendered":"<p data-start=\"120\" data-end=\"684\"><strong>BluSDR-90-UL \u2013 Module SDR ultra-l\u00e9ger de 10 W pour une communication longue port\u00e9e performante<\/strong><\/p>\n<p data-start=\"120\" data-end=\"684\">Le <strong data-start=\"124\" data-end=\"140\">BluSDR-90-UL<\/strong> de DTC (a Codan Company) est un module radio SDR 10\u00a0W ultral\u00e9ger et puissant, con\u00e7u pour les t\u00e2ches de communication exigeantes dans les plateformes a\u00e9roport\u00e9es, terrestres et maritimes. Avec un poids de seulement 210\u00a0grammes et des dimensions tr\u00e8s compactes, il offre une combinaison exceptionnelle de longue port\u00e9e, de d\u00e9bit de donn\u00e9es \u00e9lev\u00e9 et de faible encombrement SWaP. Le module permet des connexions radio stables sur plus de 150\u00a0kilom\u00e8tres et prend en charge des d\u00e9bits de donn\u00e9es allant jusqu\u2019\u00e0 87\u00a0Mbit\/s, id\u00e9al pour les donn\u00e9es vid\u00e9o, de t\u00e9l\u00e9m\u00e9trie et de commande.<\/p>\n<p data-start=\"686\" data-end=\"1301\">Gr\u00e2ce \u00e0 la forme d&rsquo;onde moderne MeshUltra\u2122, le BluSDR-90-UL s&rsquo;int\u00e8gre parfaitement dans des r\u00e9seaux MANET robustes et auto-r\u00e9parateurs avec jusqu&rsquo;\u00e0 144 n\u0153uds. Le cryptage AES-128\/256 disponible en option assure une transmission de donn\u00e9es s\u00e9curis\u00e9e dans les sc\u00e9narios d&rsquo;utilisation sensibles. L&rsquo;alimentation flexible de 10 \u00e0 32 volts et un large choix d&rsquo;interfaces \u2013 y compris USB, Ethernet via RNDIS, donn\u00e9es s\u00e9rie et GPIO \u2013 facilitent l&rsquo;int\u00e9gration dans les architectures de syst\u00e8mes les plus diverses. Un stockage int\u00e9gr\u00e9 de 64 Go et la possibilit\u00e9 de coupler plusieurs modules en mode Interlink compl\u00e8tent le tout.<\/p>\n<p data-start=\"1303\" data-end=\"1508\">Le BluSDR-90-UL offre ainsi une solution convaincante pour les syst\u00e8mes de communication modernes, fiables et \u00e9volutifs, en particulier l\u00e0 o\u00f9 la l\u00e9g\u00e8ret\u00e9 et la haute performance sont essentielles<\/p>\n","protected":false},"excerpt":{"rendered":"<p>BluSDR-90-UL \u2013 Module SDR ultra-l\u00e9ger de 10 W pour une communication longue port\u00e9e performante Le BluSDR-90-UL de DTC (a Codan Company) est un module radio SDR 10\u00a0W ultral\u00e9ger et puissant, con\u00e7u pour les t\u00e2ches de communication exigeantes dans les plateformes a\u00e9roport\u00e9es, terrestres et maritimes. Avec un poids de seulement 210\u00a0grammes et des dimensions tr\u00e8s compactes, [&hellip;]<\/p>\n","protected":false},"featured_media":5438,"comment_status":"closed","ping_status":"closed","template":"","meta":[],"product_brand":[],"product_cat":[541,539,538],"product_tag":[],"display-location":[158],"class_list":{"0":"post-5128","1":"product","2":"type-product","3":"status-publish","4":"has-post-thumbnail","6":"product_cat-blusdr","7":"product_cat-dtc","8":"product_cat-systemes-radio-ip-mesh","9":"display-location-top-products","11":"first","12":"instock","13":"taxable","14":"shipping-taxable","15":"product-type-simple"},"tiered_pricing_type":"fixed","tiered_pricing_fixed_rules":[],"tiered_pricing_product_settings":{"layout":"default","base_unit_name":{"singular":null,"plural":null},"default_variation":null},"tiered_pricing_minimum_quantity":null,"tiered_pricing_roles_data":[],"tiered_pricing_percentage_rules":[],"_links":{"self":[{"href":"https:\/\/www.smartswiss-systems.com\/fr\/wp-json\/wp\/v2\/product\/5128","targetHints":{"allow":["GET"]}}],"collection":[{"href":"https:\/\/www.smartswiss-systems.com\/fr\/wp-json\/wp\/v2\/product"}],"about":[{"href":"https:\/\/www.smartswiss-systems.com\/fr\/wp-json\/wp\/v2\/types\/product"}],"replies":[{"embeddable":true,"href":"https:\/\/www.smartswiss-systems.com\/fr\/wp-json\/wp\/v2\/comments?post=5128"}],"wp:featuredmedia":[{"embeddable":true,"href":"https:\/\/www.smartswiss-systems.com\/fr\/wp-json\/wp\/v2\/media\/5438"}],"wp:attachment":[{"href":"https:\/\/www.smartswiss-systems.com\/fr\/wp-json\/wp\/v2\/media?parent=5128"}],"wp:term":[{"taxonomy":"product_brand","embeddable":true,"href":"https:\/\/www.smartswiss-systems.com\/fr\/wp-json\/wp\/v2\/product_brand?post=5128"},{"taxonomy":"product_cat","embeddable":true,"href":"https:\/\/www.smartswiss-systems.com\/fr\/wp-json\/wp\/v2\/product_cat?post=5128"},{"taxonomy":"product_tag","embeddable":true,"href":"https:\/\/www.smartswiss-systems.com\/fr\/wp-json\/wp\/v2\/product_tag?post=5128"},{"taxonomy":"display-location","embeddable":true,"href":"https:\/\/www.smartswiss-systems.com\/fr\/wp-json\/wp\/v2\/display-location?post=5128"}],"curies":[{"name":"wp","href":"https:\/\/api.w.org\/{rel}","templated":true}]}}