{"id":5103,"date":"2025-10-15T13:16:06","date_gmt":"2025-10-15T11:16:06","guid":{"rendered":"https:\/\/www.smartswiss-systems.com\/produkt\/camera-tactique-mohoc-2-video-usb-uvc-connecteur-glenair-807-noir\/"},"modified":"2025-12-03T13:30:03","modified_gmt":"2025-12-03T12:30:03","slug":"camera-tactique-mohoc-2-video-usb-uvc-connecteur-glenair-807-noir","status":"publish","type":"product","link":"https:\/\/www.smartswiss-systems.com\/fr\/produkt\/camera-tactique-mohoc-2-video-usb-uvc-connecteur-glenair-807-noir\/","title":{"rendered":"Cam\u00e9ra tactique MOHOC\u00ae 2 \u2013 Vid\u00e9o USB\/UVC \u2013 Connecteur Glenair 807 \u2013 noir"},"content":{"rendered":"<p><strong>Cam\u00e9ra tactique MOHOC 2 \u2013 Vid\u00e9o USB\/UVC avec Glenair 807 \u2013 Noir<\/strong><\/p>\n<p>La cam\u00e9ra tactique MOHOC 2 \u2013 Vid\u00e9o USB\/UVC avec connecteur Glenair 807 est la solution robuste pour les applications vid\u00e9o haute performance, sp\u00e9cialement con\u00e7ue pour les op\u00e9rations tactiques dans des environnements sensibles \u00e0 la s\u00e9curit\u00e9. \u00c9quip\u00e9e d&rsquo;un connecteur MIL-Spec Glenair 807 \u00e0 6 broches \u00e0 l&rsquo;arri\u00e8re de la cam\u00e9ra, elle permet une connexion directe aux hubs d&rsquo;alimentation et de donn\u00e9es compatibles, en particulier dans les syst\u00e8mes d&rsquo;intervention complexes. <\/p>\n<p>Cette variante combine la fonction USB-UVC Plug-and-Play \u00e9prouv\u00e9e avec une fiabilit\u00e9 extr\u00eamement \u00e9lev\u00e9e gr\u00e2ce \u00e0 une connexion enfichable professionnelle au lieu d&rsquo;un c\u00e2ble USB standard. La cam\u00e9ra offre une vid\u00e9o Full HD (1080p) et est optimis\u00e9e pour les conditions de faible luminosit\u00e9. Le bo\u00eetier est prot\u00e9g\u00e9 selon la norme IP68, r\u00e9sistant aux chutes jusqu&rsquo;\u00e0 2 m et disponible dans les couleurs tactiques noir, TAN ou vert, assorti \u00e0 votre \u00e9quipement.  <\/p>\n<p>La cam\u00e9ra est command\u00e9e par un seul bouton avec retour de vibration, id\u00e9al pour une utilisation avec des gants ou dans des conditions stressantes. L&rsquo;alimentation peut \u00eatre assur\u00e9e par la batterie Li-Ion interne ou alternativement par des piles CR123A, pour une flexibilit\u00e9 maximale sur le terrain. <\/p>\n","protected":false},"excerpt":{"rendered":"<p>Cam\u00e9ra tactique MOHOC 2 \u2013 Vid\u00e9o USB\/UVC avec Glenair 807 \u2013 Noir La cam\u00e9ra tactique MOHOC 2 \u2013 Vid\u00e9o USB\/UVC avec connecteur Glenair 807 est la solution robuste pour les applications vid\u00e9o haute performance, sp\u00e9cialement con\u00e7ue pour les op\u00e9rations tactiques dans des environnements sensibles \u00e0 la s\u00e9curit\u00e9. \u00c9quip\u00e9e d&rsquo;un connecteur MIL-Spec Glenair 807 \u00e0 6 [&hellip;]<\/p>\n","protected":false},"featured_media":4031,"comment_status":"closed","ping_status":"closed","template":"","meta":[],"product_brand":[],"product_cat":[518,520,521],"product_tag":[],"display-location":[],"class_list":{"0":"post-5103","1":"product","2":"type-product","3":"status-publish","4":"has-post-thumbnail","6":"product_cat-cameras-tactiques-2","7":"product_cat-mohoc-2","8":"product_cat-mohoc-2-2","10":"first","11":"instock","12":"taxable","13":"shipping-taxable","14":"product-type-simple"},"tiered_pricing_type":"fixed","tiered_pricing_fixed_rules":[],"tiered_pricing_product_settings":{"layout":"default","base_unit_name":{"singular":null,"plural":null},"default_variation":null},"tiered_pricing_minimum_quantity":null,"tiered_pricing_roles_data":[],"tiered_pricing_percentage_rules":[],"_links":{"self":[{"href":"https:\/\/www.smartswiss-systems.com\/fr\/wp-json\/wp\/v2\/product\/5103","targetHints":{"allow":["GET"]}}],"collection":[{"href":"https:\/\/www.smartswiss-systems.com\/fr\/wp-json\/wp\/v2\/product"}],"about":[{"href":"https:\/\/www.smartswiss-systems.com\/fr\/wp-json\/wp\/v2\/types\/product"}],"replies":[{"embeddable":true,"href":"https:\/\/www.smartswiss-systems.com\/fr\/wp-json\/wp\/v2\/comments?post=5103"}],"wp:featuredmedia":[{"embeddable":true,"href":"https:\/\/www.smartswiss-systems.com\/fr\/wp-json\/wp\/v2\/media\/4031"}],"wp:attachment":[{"href":"https:\/\/www.smartswiss-systems.com\/fr\/wp-json\/wp\/v2\/media?parent=5103"}],"wp:term":[{"taxonomy":"product_brand","embeddable":true,"href":"https:\/\/www.smartswiss-systems.com\/fr\/wp-json\/wp\/v2\/product_brand?post=5103"},{"taxonomy":"product_cat","embeddable":true,"href":"https:\/\/www.smartswiss-systems.com\/fr\/wp-json\/wp\/v2\/product_cat?post=5103"},{"taxonomy":"product_tag","embeddable":true,"href":"https:\/\/www.smartswiss-systems.com\/fr\/wp-json\/wp\/v2\/product_tag?post=5103"},{"taxonomy":"display-location","embeddable":true,"href":"https:\/\/www.smartswiss-systems.com\/fr\/wp-json\/wp\/v2\/display-location?post=5103"}],"curies":[{"name":"wp","href":"https:\/\/api.w.org\/{rel}","templated":true}]}}