{"id":5100,"date":"2025-10-15T13:08:44","date_gmt":"2025-10-15T11:08:44","guid":{"rendered":"https:\/\/www.smartswiss-systems.com\/produkt\/camera-tactique-mohoc-2-video-usb-uvc-vert\/"},"modified":"2025-12-03T13:30:03","modified_gmt":"2025-12-03T12:30:03","slug":"camera-tactique-mohoc-2-video-usb-uvc-vert","status":"publish","type":"product","link":"https:\/\/www.smartswiss-systems.com\/fr\/produkt\/camera-tactique-mohoc-2-video-usb-uvc-vert\/","title":{"rendered":"Cam\u00e9ra tactique MOHOC\u00ae 2 \u2013 Vid\u00e9o USB\/UVC \u2013 vert"},"content":{"rendered":"<p><strong>Cam\u00e9ra tactique MOHOC 2 \u2013 Vid\u00e9o USB\/UVC \u2013 Vert<\/strong><\/p>\n<p>La cam\u00e9ra tactique MOHOC 2 \u2013 Vid\u00e9o USB\/UVC est une cam\u00e9ra de casque polyvalente qui permet une connexion simple et rapide \u00e0 une vari\u00e9t\u00e9 d\u2019appareils via USB-UVC \u2013 id\u00e9ale pour une utilisation mobile lors d\u2019op\u00e9rations militaires et de s\u00e9curit\u00e9. Ce mod\u00e8le offre une solution plug-and-play sans installation de pilote suppl\u00e9mentaire. <\/p>\n<p>Avec sa conception robuste et plate et sa certification IP68, la cam\u00e9ra est parfaitement adapt\u00e9e aux op\u00e9rations exigeantes. Elle fournit des enregistrements vid\u00e9o Full HD (1080p \u00e0 60 fps) et des photos de 12 m\u00e9gapixels et peut \u00eatre connect\u00e9e directement via le port USB \u00e0 des ordinateurs portables, des tablettes ou d\u2019autres syst\u00e8mes compatibles USB. <\/p>\n<p>L\u2019utilisation est intuitive via un seul bouton avec retour de vibration \u2013 facile \u00e0 contr\u00f4ler m\u00eame dans des conditions d\u2019utilisation difficiles et avec des gants. L\u2019alimentation est fournie par la batterie Li-Ion interne ou alternativement par deux piles CR123A, ce qui garantit de longues dur\u00e9es d\u2019utilisation. <\/p>\n<p>&nbsp;<\/p>\n","protected":false},"excerpt":{"rendered":"<p>Cam\u00e9ra tactique MOHOC 2 \u2013 Vid\u00e9o USB\/UVC \u2013 Vert La cam\u00e9ra tactique MOHOC 2 \u2013 Vid\u00e9o USB\/UVC est une cam\u00e9ra de casque polyvalente qui permet une connexion simple et rapide \u00e0 une vari\u00e9t\u00e9 d\u2019appareils via USB-UVC \u2013 id\u00e9ale pour une utilisation mobile lors d\u2019op\u00e9rations militaires et de s\u00e9curit\u00e9. Ce mod\u00e8le offre une solution plug-and-play sans [&hellip;]<\/p>\n","protected":false},"featured_media":4031,"comment_status":"closed","ping_status":"closed","template":"","meta":[],"product_brand":[],"product_cat":[518,520,521],"product_tag":[],"display-location":[],"class_list":{"0":"post-5100","1":"product","2":"type-product","3":"status-publish","4":"has-post-thumbnail","6":"product_cat-cameras-tactiques-2","7":"product_cat-mohoc-2","8":"product_cat-mohoc-2-2","10":"first","11":"instock","12":"taxable","13":"shipping-taxable","14":"product-type-simple"},"tiered_pricing_type":"fixed","tiered_pricing_fixed_rules":[],"tiered_pricing_product_settings":{"layout":"default","base_unit_name":{"singular":null,"plural":null},"default_variation":null},"tiered_pricing_minimum_quantity":null,"tiered_pricing_roles_data":[],"tiered_pricing_percentage_rules":[],"_links":{"self":[{"href":"https:\/\/www.smartswiss-systems.com\/fr\/wp-json\/wp\/v2\/product\/5100","targetHints":{"allow":["GET"]}}],"collection":[{"href":"https:\/\/www.smartswiss-systems.com\/fr\/wp-json\/wp\/v2\/product"}],"about":[{"href":"https:\/\/www.smartswiss-systems.com\/fr\/wp-json\/wp\/v2\/types\/product"}],"replies":[{"embeddable":true,"href":"https:\/\/www.smartswiss-systems.com\/fr\/wp-json\/wp\/v2\/comments?post=5100"}],"wp:featuredmedia":[{"embeddable":true,"href":"https:\/\/www.smartswiss-systems.com\/fr\/wp-json\/wp\/v2\/media\/4031"}],"wp:attachment":[{"href":"https:\/\/www.smartswiss-systems.com\/fr\/wp-json\/wp\/v2\/media?parent=5100"}],"wp:term":[{"taxonomy":"product_brand","embeddable":true,"href":"https:\/\/www.smartswiss-systems.com\/fr\/wp-json\/wp\/v2\/product_brand?post=5100"},{"taxonomy":"product_cat","embeddable":true,"href":"https:\/\/www.smartswiss-systems.com\/fr\/wp-json\/wp\/v2\/product_cat?post=5100"},{"taxonomy":"product_tag","embeddable":true,"href":"https:\/\/www.smartswiss-systems.com\/fr\/wp-json\/wp\/v2\/product_tag?post=5100"},{"taxonomy":"display-location","embeddable":true,"href":"https:\/\/www.smartswiss-systems.com\/fr\/wp-json\/wp\/v2\/display-location?post=5100"}],"curies":[{"name":"wp","href":"https:\/\/api.w.org\/{rel}","templated":true}]}}