{"id":5096,"date":"2025-10-15T13:45:43","date_gmt":"2025-10-15T11:45:43","guid":{"rendered":"https:\/\/www.smartswiss-systems.com\/produkt\/emetteur-et-recepteur-mohoc-laso\/"},"modified":"2025-12-03T13:29:47","modified_gmt":"2025-12-03T12:29:47","slug":"emetteur-et-recepteur-mohoc-laso","status":"publish","type":"product","link":"https:\/\/www.smartswiss-systems.com\/fr\/produkt\/emetteur-et-recepteur-mohoc-laso\/","title":{"rendered":"\u00c9metteur et r\u00e9cepteur MOHOC\u00ae LASO"},"content":{"rendered":"<p><strong>MOHOC LASO \u2013 \u00c9metteur et r\u00e9cepteur pour la diffusion en direct \u00e9tendue via WiFi<\/strong><\/p>\n<p>Le syst\u00e8me MOHOC LASO est une solution radio tactique compos\u00e9e d\u2019un \u00e9metteur et d\u2019un r\u00e9cepteur (visualiseur), con\u00e7ue pour \u00e9tendre la port\u00e9e du flux en direct WiFi d\u2019une cam\u00e9ra MOHOC\u00ae. Il permet une transmission vid\u00e9o stable sur des distances allant jusqu\u2019\u00e0 200 m\u00e8tres (ligne de mire), id\u00e9al pour la police, l\u2019arm\u00e9e et les services de s\u00e9curit\u00e9. <\/p>\n<p>L\u2019\u00e9metteur est port\u00e9 directement avec la cam\u00e9ra MOHOC, tandis que le visualiseur reste au centre d\u2019op\u00e9rations, \u00e0 la direction du groupe ou aupr\u00e8s d\u2019autres observateurs. Gr\u00e2ce \u00e0 l\u2019application MOHOC (iOS\/Android), il est ainsi possible de suivre en temps r\u00e9el ce que voit l\u2019\u00e9quipe d\u2019intervention, sans c\u00e2bles, serveurs ou infrastructure. <\/p>\n<p>Le syst\u00e8me est prot\u00e9g\u00e9 contre les projections d\u2019eau, r\u00e9sistant aux chocs et compatible MOLLE, donc directement portable sur un \u00e9quipement tactique. Il fonctionne avec des batteries Li-Ion interchangeables offrant jusqu\u2019\u00e0 10 heures d\u2019autonomie par unit\u00e9. LASO a fait ses preuves notamment lors de fouilles de locaux, de surveillances, d\u2019entra\u00eenements ou d\u2019interventions avec des \u00e9quipes cynophiles.  <\/p>\n","protected":false},"excerpt":{"rendered":"<p>MOHOC LASO \u2013 \u00c9metteur et r\u00e9cepteur pour la diffusion en direct \u00e9tendue via WiFi Le syst\u00e8me MOHOC LASO est une solution radio tactique compos\u00e9e d\u2019un \u00e9metteur et d\u2019un r\u00e9cepteur (visualiseur), con\u00e7ue pour \u00e9tendre la port\u00e9e du flux en direct WiFi d\u2019une cam\u00e9ra MOHOC\u00ae. Il permet une transmission vid\u00e9o stable sur des distances allant jusqu\u2019\u00e0 200 [&hellip;]<\/p>\n","protected":false},"featured_media":4031,"comment_status":"closed","ping_status":"closed","template":"","meta":[],"product_brand":[],"product_cat":[518,560,520],"product_tag":[],"display-location":[],"class_list":{"0":"post-5096","1":"product","2":"type-product","3":"status-publish","4":"has-post-thumbnail","6":"product_cat-cameras-tactiques-2","7":"product_cat-emetteur-et-recepteur","8":"product_cat-mohoc-2","10":"first","11":"instock","12":"taxable","13":"shipping-taxable","14":"product-type-simple"},"tiered_pricing_type":"fixed","tiered_pricing_fixed_rules":[],"tiered_pricing_product_settings":{"layout":"default","base_unit_name":{"singular":null,"plural":null},"default_variation":null},"tiered_pricing_minimum_quantity":null,"tiered_pricing_roles_data":[],"tiered_pricing_percentage_rules":[],"_links":{"self":[{"href":"https:\/\/www.smartswiss-systems.com\/fr\/wp-json\/wp\/v2\/product\/5096","targetHints":{"allow":["GET"]}}],"collection":[{"href":"https:\/\/www.smartswiss-systems.com\/fr\/wp-json\/wp\/v2\/product"}],"about":[{"href":"https:\/\/www.smartswiss-systems.com\/fr\/wp-json\/wp\/v2\/types\/product"}],"replies":[{"embeddable":true,"href":"https:\/\/www.smartswiss-systems.com\/fr\/wp-json\/wp\/v2\/comments?post=5096"}],"wp:featuredmedia":[{"embeddable":true,"href":"https:\/\/www.smartswiss-systems.com\/fr\/wp-json\/wp\/v2\/media\/4031"}],"wp:attachment":[{"href":"https:\/\/www.smartswiss-systems.com\/fr\/wp-json\/wp\/v2\/media?parent=5096"}],"wp:term":[{"taxonomy":"product_brand","embeddable":true,"href":"https:\/\/www.smartswiss-systems.com\/fr\/wp-json\/wp\/v2\/product_brand?post=5096"},{"taxonomy":"product_cat","embeddable":true,"href":"https:\/\/www.smartswiss-systems.com\/fr\/wp-json\/wp\/v2\/product_cat?post=5096"},{"taxonomy":"product_tag","embeddable":true,"href":"https:\/\/www.smartswiss-systems.com\/fr\/wp-json\/wp\/v2\/product_tag?post=5096"},{"taxonomy":"display-location","embeddable":true,"href":"https:\/\/www.smartswiss-systems.com\/fr\/wp-json\/wp\/v2\/display-location?post=5096"}],"curies":[{"name":"wp","href":"https:\/\/api.w.org\/{rel}","templated":true}]}}