{"id":5076,"date":"2025-11-21T15:22:07","date_gmt":"2025-11-21T14:22:07","guid":{"rendered":"https:\/\/www.smartswiss-systems.com\/produkt\/module-radio-dtc-blusdr-6\/"},"modified":"2025-12-16T14:11:34","modified_gmt":"2025-12-16T13:11:34","slug":"module-radio-dtc-blusdr-6","status":"publish","type":"product","link":"https:\/\/www.smartswiss-systems.com\/fr\/produkt\/module-radio-dtc-blusdr-6\/","title":{"rendered":"Module radio DTC \u2013 BluSDR-6"},"content":{"rendered":"<p data-start=\"0\" data-end=\"86\"><strong data-start=\"0\" data-end=\"86\">DTC BluSDR-6 \u2013 Module SDR ultra-compact pour une communication fiable \u00e0 courte port\u00e9e<\/strong><\/p>\n<p data-start=\"88\" data-end=\"408\">Le DTC BluSDR-6 est un module radio d\u00e9fini par logiciel extr\u00eamement l\u00e9ger et puissant, sp\u00e9cialement con\u00e7u pour les applications o\u00f9 l&rsquo;espace, le poids et la consommation d&rsquo;\u00e9nergie sont limit\u00e9s. Avec un poids d&rsquo;environ 26 g seulement et une conception tr\u00e8s compacte, ce module est id\u00e9al pour les drones, la robotique, les UGV et autres syst\u00e8mes mobiles.<\/p>\n<p data-start=\"410\" data-end=\"822\">Malgr\u00e9 sa petite taille, le BluSDR-6 offre deux \u00e9metteurs-r\u00e9cepteurs COFDM avec une puissance de sortie allant jusqu&rsquo;\u00e0 200 mW par canal, permettant des liaisons de donn\u00e9es et vid\u00e9o stables sur plusieurs kilom\u00e8tres. Le protocole r\u00e9seau MeshUltra-X\u2122 int\u00e9gr\u00e9 prend en charge jusqu&rsquo;\u00e0 144 n\u0153uds et assure un r\u00e9seau radio robuste et auto-r\u00e9parateur. Le cryptage AES-128\/256 disponible en option garantit une s\u00e9curit\u00e9 \u00e9lev\u00e9e des donn\u00e9es.<\/p>\n<p data-start=\"824\" data-end=\"1173\">Deux interfaces USB ainsi qu&rsquo;une m\u00e9moire int\u00e9gr\u00e9e de 128 Go offrent des possibilit\u00e9s de connexion et d&rsquo;utilisation flexibles, par exemple pour des cam\u00e9ras, des capteurs ou des adaptateurs r\u00e9seau. L&rsquo;alimentation 6-18 V prot\u00e9g\u00e9e contre l&rsquo;inversion de polarit\u00e9 et la faible consommation d&rsquo;\u00e9nergie de seulement 3-4 W rendent ce module particuli\u00e8rement efficace et pr\u00e9destin\u00e9 aux syst\u00e8mes aliment\u00e9s par batterie.<\/p>\n<p data-start=\"1175\" data-end=\"1378\" data-is-last-node=\"\" data-is-only-node=\"\">Le BluSDR-6 combine une technologie SDR moderne, une grande fiabilit\u00e9 et une conception ultra-compacte \u2013 la solution parfaite pour les t\u00e2ches de communication exigeantes dans les plateformes mobiles et sans pilote.<\/p>\n","protected":false},"excerpt":{"rendered":"<p>DTC BluSDR-6 \u2013 Module SDR ultra-compact pour une communication fiable \u00e0 courte port\u00e9e Le DTC BluSDR-6 est un module radio d\u00e9fini par logiciel extr\u00eamement l\u00e9ger et puissant, sp\u00e9cialement con\u00e7u pour les applications o\u00f9 l&rsquo;espace, le poids et la consommation d&rsquo;\u00e9nergie sont limit\u00e9s. Avec un poids d&rsquo;environ 26 g seulement et une conception tr\u00e8s compacte, ce [&hellip;]<\/p>\n","protected":false},"featured_media":5439,"comment_status":"closed","ping_status":"closed","template":"","meta":[],"product_brand":[],"product_cat":[541,539,538],"product_tag":[],"display-location":[],"class_list":{"0":"post-5076","1":"product","2":"type-product","3":"status-publish","4":"has-post-thumbnail","6":"product_cat-blusdr","7":"product_cat-dtc","8":"product_cat-systemes-radio-ip-mesh","10":"first","11":"instock","12":"taxable","13":"shipping-taxable","14":"product-type-simple"},"tiered_pricing_type":"fixed","tiered_pricing_fixed_rules":[],"tiered_pricing_product_settings":{"layout":"default","base_unit_name":{"singular":null,"plural":null},"default_variation":null},"tiered_pricing_minimum_quantity":null,"tiered_pricing_roles_data":[],"tiered_pricing_percentage_rules":[],"_links":{"self":[{"href":"https:\/\/www.smartswiss-systems.com\/fr\/wp-json\/wp\/v2\/product\/5076","targetHints":{"allow":["GET"]}}],"collection":[{"href":"https:\/\/www.smartswiss-systems.com\/fr\/wp-json\/wp\/v2\/product"}],"about":[{"href":"https:\/\/www.smartswiss-systems.com\/fr\/wp-json\/wp\/v2\/types\/product"}],"replies":[{"embeddable":true,"href":"https:\/\/www.smartswiss-systems.com\/fr\/wp-json\/wp\/v2\/comments?post=5076"}],"wp:featuredmedia":[{"embeddable":true,"href":"https:\/\/www.smartswiss-systems.com\/fr\/wp-json\/wp\/v2\/media\/5439"}],"wp:attachment":[{"href":"https:\/\/www.smartswiss-systems.com\/fr\/wp-json\/wp\/v2\/media?parent=5076"}],"wp:term":[{"taxonomy":"product_brand","embeddable":true,"href":"https:\/\/www.smartswiss-systems.com\/fr\/wp-json\/wp\/v2\/product_brand?post=5076"},{"taxonomy":"product_cat","embeddable":true,"href":"https:\/\/www.smartswiss-systems.com\/fr\/wp-json\/wp\/v2\/product_cat?post=5076"},{"taxonomy":"product_tag","embeddable":true,"href":"https:\/\/www.smartswiss-systems.com\/fr\/wp-json\/wp\/v2\/product_tag?post=5076"},{"taxonomy":"display-location","embeddable":true,"href":"https:\/\/www.smartswiss-systems.com\/fr\/wp-json\/wp\/v2\/display-location?post=5076"}],"curies":[{"name":"wp","href":"https:\/\/api.w.org\/{rel}","templated":true}]}}