{"id":5064,"date":"2025-11-19T18:50:17","date_gmt":"2025-11-19T17:50:17","guid":{"rendered":"https:\/\/www.smartswiss-systems.com\/produkt\/dtc-netnode-ip-mesh-radio-2x5w-robuste-mobile\/"},"modified":"2025-12-03T13:28:53","modified_gmt":"2025-12-03T12:28:53","slug":"dtc-netnode-ip-mesh-radio-2x5w-robuste-mobile","status":"publish","type":"product","link":"https:\/\/www.smartswiss-systems.com\/fr\/produkt\/dtc-netnode-ip-mesh-radio-2x5w-robuste-mobile\/","title":{"rendered":"DTC \u2013 NETNode IP Mesh Radio 2x5W Robuste Mobile"},"content":{"rendered":"<p data-start=\"377\" data-end=\"807\">Le <strong data-start=\"381\" data-end=\"424\">DTC NETNode IP Mesh Radio Robust Mobile<\/strong> est une radio maill\u00e9e haut d\u00e9bit mobile tr\u00e8s fiable, con\u00e7ue pour les d\u00e9ploiements exigeants dans les environnements tactiques, industriels et critiques pour la s\u00e9curit\u00e9. Gr\u00e2ce \u00e0 la puissante technologie COFDM-Mesh, chaque appareil forme simultan\u00e9ment un n\u0153ud et un point de transfert, cr\u00e9ant ainsi un r\u00e9seau auto-r\u00e9parateur et tr\u00e8s stable, m\u00eame dans les conditions les plus difficiles.<\/p>\n<p data-start=\"809\" data-end=\"1273\">NETNode offre une transmission de donn\u00e9es robuste, crypt\u00e9e et \u00e0 faible latence pour la vid\u00e9o, les donn\u00e9es IP, la t\u00e9l\u00e9m\u00e9trie et les communications vocales. Sa conception compacte et r\u00e9sistante est optimis\u00e9e pour les int\u00e9grations mobiles dans les v\u00e9hicules, les plateformes d&rsquo;intervention et les solutions portables. Gr\u00e2ce \u00e0 des modes de fonctionnement flexibles, une large bande passante disponible et une architecture de r\u00e9seau IP intuitive, le syst\u00e8me s&rsquo;int\u00e8gre parfaitement aux syst\u00e8mes de communication et de capteurs existants.  <\/p>\n<p data-start=\"1275\" data-end=\"1555\">Le r\u00e9sultat est un syst\u00e8me de maillage mobile qui garantit une connexion coh\u00e9rente, s\u00e9curis\u00e9e et performante, m\u00eame dans des sc\u00e9narios d&rsquo;intervention complexes et distribu\u00e9s, id\u00e9al pour la police, les services de secours, l&rsquo;arm\u00e9e, la protection des fronti\u00e8res, les \u00e9quipes d&rsquo;inspection ou les op\u00e9rateurs d&rsquo;infrastructures critiques.<\/p>\n","protected":false},"excerpt":{"rendered":"<p>Le DTC NETNode IP Mesh Radio Robust Mobile est une radio maill\u00e9e haut d\u00e9bit mobile tr\u00e8s fiable, con\u00e7ue pour les d\u00e9ploiements exigeants dans les environnements tactiques, industriels et critiques pour la s\u00e9curit\u00e9. Gr\u00e2ce \u00e0 la puissante technologie COFDM-Mesh, chaque appareil forme simultan\u00e9ment un n\u0153ud et un point de transfert, cr\u00e9ant ainsi un r\u00e9seau auto-r\u00e9parateur et [&hellip;]<\/p>\n","protected":false},"featured_media":6038,"comment_status":"closed","ping_status":"closed","template":"","meta":[],"product_brand":[],"product_cat":[539,546,538],"product_tag":[],"display-location":[158],"class_list":{"0":"post-5064","1":"product","2":"type-product","3":"status-publish","4":"has-post-thumbnail","6":"product_cat-dtc","7":"product_cat-netnode-rm","8":"product_cat-systemes-radio-ip-mesh","9":"display-location-top-products","11":"first","12":"instock","13":"taxable","14":"shipping-taxable","15":"product-type-simple"},"tiered_pricing_type":"fixed","tiered_pricing_fixed_rules":[],"tiered_pricing_product_settings":{"layout":"default","base_unit_name":{"singular":null,"plural":null},"default_variation":null},"tiered_pricing_minimum_quantity":null,"tiered_pricing_roles_data":[],"tiered_pricing_percentage_rules":[],"_links":{"self":[{"href":"https:\/\/www.smartswiss-systems.com\/fr\/wp-json\/wp\/v2\/product\/5064","targetHints":{"allow":["GET"]}}],"collection":[{"href":"https:\/\/www.smartswiss-systems.com\/fr\/wp-json\/wp\/v2\/product"}],"about":[{"href":"https:\/\/www.smartswiss-systems.com\/fr\/wp-json\/wp\/v2\/types\/product"}],"replies":[{"embeddable":true,"href":"https:\/\/www.smartswiss-systems.com\/fr\/wp-json\/wp\/v2\/comments?post=5064"}],"wp:featuredmedia":[{"embeddable":true,"href":"https:\/\/www.smartswiss-systems.com\/fr\/wp-json\/wp\/v2\/media\/6038"}],"wp:attachment":[{"href":"https:\/\/www.smartswiss-systems.com\/fr\/wp-json\/wp\/v2\/media?parent=5064"}],"wp:term":[{"taxonomy":"product_brand","embeddable":true,"href":"https:\/\/www.smartswiss-systems.com\/fr\/wp-json\/wp\/v2\/product_brand?post=5064"},{"taxonomy":"product_cat","embeddable":true,"href":"https:\/\/www.smartswiss-systems.com\/fr\/wp-json\/wp\/v2\/product_cat?post=5064"},{"taxonomy":"product_tag","embeddable":true,"href":"https:\/\/www.smartswiss-systems.com\/fr\/wp-json\/wp\/v2\/product_tag?post=5064"},{"taxonomy":"display-location","embeddable":true,"href":"https:\/\/www.smartswiss-systems.com\/fr\/wp-json\/wp\/v2\/display-location?post=5064"}],"curies":[{"name":"wp","href":"https:\/\/api.w.org\/{rel}","templated":true}]}}