{"id":5057,"date":"2025-11-21T20:40:11","date_gmt":"2025-11-21T19:40:11","guid":{"rendered":"https:\/\/www.smartswiss-systems.com\/produkt\/dtc-blusdr-30-module-radio-2w\/"},"modified":"2025-12-16T14:31:00","modified_gmt":"2025-12-16T13:31:00","slug":"dtc-blusdr-30-module-radio-2w","status":"publish","type":"product","link":"https:\/\/www.smartswiss-systems.com\/fr\/produkt\/dtc-blusdr-30-module-radio-2w\/","title":{"rendered":"DTC \u2013 BluSDR- 30 Module radio 2W"},"content":{"rendered":"<p data-start=\"0\" data-end=\"71\"><strong data-start=\"0\" data-end=\"71\">DTC BluSDR-30 \u2013 Module SDR performant pour les moyennes port\u00e9es<\/strong><\/p>\n<p data-start=\"73\" data-end=\"603\">Le DTC BluSDR-30 est un module radio d\u00e9fini par logiciel (SDR) performant, con\u00e7u pour les applications n\u00e9cessitant une communication stable sur de longues distances. Avec deux \u00e9metteurs-r\u00e9cepteurs COFDM int\u00e9gr\u00e9s et une puissance d&rsquo;\u00e9mission totale allant jusqu&rsquo;\u00e0 2 W, ce module permet d&rsquo;\u00e9tablir des liaisons de donn\u00e9es et vid\u00e9o fiables sur des distances allant jusqu&rsquo;\u00e0 30 km. La technologie moderne MeshUltra-X\u2122 prend en charge un r\u00e9seau MANET robuste et auto-r\u00e9parateur pouvant atteindre 144 n\u0153uds, assurant ainsi une haute disponibilit\u00e9 et une flexibilit\u00e9 maximale lors de son utilisation.<\/p>\n<p data-start=\"605\" data-end=\"1066\" data-is-last-node=\"\" data-is-only-node=\"\">Le module offre de nombreuses possibilit\u00e9s de connexion, notamment USB, Ethernet et des interfaces s\u00e9rie, et dispose d&rsquo;une m\u00e9moire int\u00e9gr\u00e9e de 128 Go pour les donn\u00e9es de mission et vid\u00e9o. Les variantes avec alimentation USB-C augmentent encore la flexibilit\u00e9 d&rsquo;utilisation. Malgr\u00e9 ses hautes performances, le BluSDR-30 reste \u00e9conome en \u00e9nergie et, gr\u00e2ce \u00e0 sa forme compacte et \u00e0 sa plage de temp\u00e9ratures \u00e9tendue, il est id\u00e9al pour les drones, les v\u00e9hicules terrestres sans pilote (UGV) et autres syst\u00e8mes mobiles.<\/p>\n","protected":false},"excerpt":{"rendered":"<p>DTC BluSDR-30 \u2013 Module SDR performant pour les moyennes port\u00e9es Le DTC BluSDR-30 est un module radio d\u00e9fini par logiciel (SDR) performant, con\u00e7u pour les applications n\u00e9cessitant une communication stable sur de longues distances. Avec deux \u00e9metteurs-r\u00e9cepteurs COFDM int\u00e9gr\u00e9s et une puissance d&rsquo;\u00e9mission totale allant jusqu&rsquo;\u00e0 2 W, ce module permet d&rsquo;\u00e9tablir des liaisons de [&hellip;]<\/p>\n","protected":false},"featured_media":5441,"comment_status":"closed","ping_status":"closed","template":"","meta":[],"product_brand":[],"product_cat":[541,539,538],"product_tag":[],"display-location":[],"class_list":{"0":"post-5057","1":"product","2":"type-product","3":"status-publish","4":"has-post-thumbnail","6":"product_cat-blusdr","7":"product_cat-dtc","8":"product_cat-systemes-radio-ip-mesh","10":"first","11":"instock","12":"taxable","13":"shipping-taxable","14":"product-type-simple"},"tiered_pricing_type":"fixed","tiered_pricing_fixed_rules":[],"tiered_pricing_product_settings":{"layout":"default","base_unit_name":{"singular":null,"plural":null},"default_variation":null},"tiered_pricing_minimum_quantity":null,"tiered_pricing_roles_data":[],"tiered_pricing_percentage_rules":[],"_links":{"self":[{"href":"https:\/\/www.smartswiss-systems.com\/fr\/wp-json\/wp\/v2\/product\/5057","targetHints":{"allow":["GET"]}}],"collection":[{"href":"https:\/\/www.smartswiss-systems.com\/fr\/wp-json\/wp\/v2\/product"}],"about":[{"href":"https:\/\/www.smartswiss-systems.com\/fr\/wp-json\/wp\/v2\/types\/product"}],"replies":[{"embeddable":true,"href":"https:\/\/www.smartswiss-systems.com\/fr\/wp-json\/wp\/v2\/comments?post=5057"}],"wp:featuredmedia":[{"embeddable":true,"href":"https:\/\/www.smartswiss-systems.com\/fr\/wp-json\/wp\/v2\/media\/5441"}],"wp:attachment":[{"href":"https:\/\/www.smartswiss-systems.com\/fr\/wp-json\/wp\/v2\/media?parent=5057"}],"wp:term":[{"taxonomy":"product_brand","embeddable":true,"href":"https:\/\/www.smartswiss-systems.com\/fr\/wp-json\/wp\/v2\/product_brand?post=5057"},{"taxonomy":"product_cat","embeddable":true,"href":"https:\/\/www.smartswiss-systems.com\/fr\/wp-json\/wp\/v2\/product_cat?post=5057"},{"taxonomy":"product_tag","embeddable":true,"href":"https:\/\/www.smartswiss-systems.com\/fr\/wp-json\/wp\/v2\/product_tag?post=5057"},{"taxonomy":"display-location","embeddable":true,"href":"https:\/\/www.smartswiss-systems.com\/fr\/wp-json\/wp\/v2\/display-location?post=5057"}],"curies":[{"name":"wp","href":"https:\/\/api.w.org\/{rel}","templated":true}]}}