{"id":5051,"date":"2025-11-19T20:04:18","date_gmt":"2025-11-19T19:04:18","guid":{"rendered":"https:\/\/www.smartswiss-systems.com\/produkt\/dtc-radio-personnelle-sentry-mesh-6161\/"},"modified":"2025-12-16T13:20:30","modified_gmt":"2025-12-16T12:20:30","slug":"dtc-radio-personnelle-sentry-mesh-6161","status":"publish","type":"product","link":"https:\/\/www.smartswiss-systems.com\/fr\/produkt\/dtc-radio-personnelle-sentry-mesh-6161\/","title":{"rendered":"DTC \u2013 Radio personnelle Sentry Mesh 6161"},"content":{"rendered":"<p data-start=\"292\" data-end=\"705\">Le <strong data-start=\"296\" data-end=\"316\">Sentry Mesh 6161<\/strong> de DTC, une soci\u00e9t\u00e9 Codan, est une unit\u00e9 de radio tactique logicielle haute performance sp\u00e9cialement con\u00e7ue pour les op\u00e9rations exigeantes. Il combine des formes d\u2019onde radio maill\u00e9es MANET robustes avec du mat\u00e9riel de pointe pour assurer une communication vocale et de donn\u00e9es avec une faible latence et une grande fiabilit\u00e9, m\u00eame dans des environnements fortement perturb\u00e9s.<\/p>\n<p data-start=\"707\" data-end=\"1098\">Malgr\u00e9 ses performances, l&rsquo;appareil reste \u00e9tonnamment compact et l\u00e9ger (environ 410 g), ce qui le rend confortable \u00e0 porter et facile \u00e0 int\u00e9grer dans un \u00e9quipement tactique. Le concept de commande convivial avec bouton rotatif, touches de fonction lat\u00e9rales et un indicateur LED facile \u00e0 lire permet un contr\u00f4le intuitif, m\u00eame en cas de stress ou dans des situations critiques.<\/p>\n<p data-start=\"1100\" data-end=\"1507\">Gr\u00e2ce \u00e0 la technologie \u00ab MeshUltra\u2122 \u00bb avec transmission de jetons, la bande passante disponible est utilis\u00e9e de mani\u00e8re optimale, les collisions sont \u00e9vit\u00e9es et une latence de paquet pr\u00e9visible est assur\u00e9e. La fonction GPS int\u00e9gr\u00e9e fournit des donn\u00e9es de position essentielles pour le suivi des forces amies. De plus, les canaux vocaux et de donn\u00e9es peuvent \u00eatre utilis\u00e9s simultan\u00e9ment\u00a0: plusieurs groupes de discussion (jusqu&rsquo;\u00e0 32) sont possibles en parall\u00e8le sur le m\u00eame r\u00e9seau.<\/p>\n<p data-start=\"1509\" data-end=\"1971\">Le Sentry Mesh 6161 prend en charge des d\u00e9bits de donn\u00e9es IP \u00e0 haute vitesse (jusqu&rsquo;\u00e0 87\u00a0Mbit\/s), ce qui le rend id\u00e9al pour les donn\u00e9es de capteurs, le streaming vid\u00e9o ou d&rsquo;autres applications gourmandes en donn\u00e9es. Pour une communication particuli\u00e8rement s\u00e9curis\u00e9e, des modes de cryptage optionnels (AES-256 ou DES-56) sont disponibles. De plus, l&rsquo;appareil est conforme aux normes militaires (MIL-STD-810H, MIL-STD-461G) et est prot\u00e9g\u00e9 contre les influences environnementales selon IP68 \u2013 en d&rsquo;autres termes\u00a0: suffisamment robuste pour une utilisation sur le terrain.<\/p>\n<p data-start=\"1973\" data-end=\"2197\">La conception modulaire permet l&rsquo;int\u00e9gration avec divers accessoires (batteries, syst\u00e8mes audio, antennes, etc.) et fait du Sentry Mesh 6161 une solution \u00e9volutive et p\u00e9renne pour les op\u00e9rations de r\u00e9seau modernes.<\/p>\n","protected":false},"excerpt":{"rendered":"<p>Le Sentry Mesh 6161 de DTC, une soci\u00e9t\u00e9 Codan, est une unit\u00e9 de radio tactique logicielle haute performance sp\u00e9cialement con\u00e7ue pour les op\u00e9rations exigeantes. Il combine des formes d\u2019onde radio maill\u00e9es MANET robustes avec du mat\u00e9riel de pointe pour assurer une communication vocale et de donn\u00e9es avec une faible latence et une grande fiabilit\u00e9, m\u00eame [&hellip;]<\/p>\n","protected":false},"featured_media":5435,"comment_status":"closed","ping_status":"closed","template":"","meta":[],"product_brand":[],"product_cat":[539,540,538],"product_tag":[],"display-location":[158],"class_list":{"0":"post-5051","1":"product","2":"type-product","3":"status-publish","4":"has-post-thumbnail","6":"product_cat-dtc","7":"product_cat-sentry-mesh-6161","8":"product_cat-systemes-radio-ip-mesh","9":"display-location-top-products","11":"first","12":"instock","13":"taxable","14":"shipping-taxable","15":"product-type-simple"},"tiered_pricing_type":"fixed","tiered_pricing_fixed_rules":[],"tiered_pricing_product_settings":{"layout":"default","base_unit_name":{"singular":null,"plural":null},"default_variation":null},"tiered_pricing_minimum_quantity":null,"tiered_pricing_roles_data":[],"tiered_pricing_percentage_rules":[],"_links":{"self":[{"href":"https:\/\/www.smartswiss-systems.com\/fr\/wp-json\/wp\/v2\/product\/5051","targetHints":{"allow":["GET"]}}],"collection":[{"href":"https:\/\/www.smartswiss-systems.com\/fr\/wp-json\/wp\/v2\/product"}],"about":[{"href":"https:\/\/www.smartswiss-systems.com\/fr\/wp-json\/wp\/v2\/types\/product"}],"replies":[{"embeddable":true,"href":"https:\/\/www.smartswiss-systems.com\/fr\/wp-json\/wp\/v2\/comments?post=5051"}],"wp:featuredmedia":[{"embeddable":true,"href":"https:\/\/www.smartswiss-systems.com\/fr\/wp-json\/wp\/v2\/media\/5435"}],"wp:attachment":[{"href":"https:\/\/www.smartswiss-systems.com\/fr\/wp-json\/wp\/v2\/media?parent=5051"}],"wp:term":[{"taxonomy":"product_brand","embeddable":true,"href":"https:\/\/www.smartswiss-systems.com\/fr\/wp-json\/wp\/v2\/product_brand?post=5051"},{"taxonomy":"product_cat","embeddable":true,"href":"https:\/\/www.smartswiss-systems.com\/fr\/wp-json\/wp\/v2\/product_cat?post=5051"},{"taxonomy":"product_tag","embeddable":true,"href":"https:\/\/www.smartswiss-systems.com\/fr\/wp-json\/wp\/v2\/product_tag?post=5051"},{"taxonomy":"display-location","embeddable":true,"href":"https:\/\/www.smartswiss-systems.com\/fr\/wp-json\/wp\/v2\/display-location?post=5051"}],"curies":[{"name":"wp","href":"https:\/\/api.w.org\/{rel}","templated":true}]}}