{"id":5033,"date":"2025-10-15T11:39:14","date_gmt":"2025-10-15T09:39:14","guid":{"rendered":"https:\/\/www.smartswiss-systems.com\/produkt\/mohoc-camera-tactique-standard-pour-casque-noire\/"},"modified":"2025-12-03T13:28:37","modified_gmt":"2025-12-03T12:28:37","slug":"mohoc-camera-tactique-standard-pour-casque-noire","status":"publish","type":"product","link":"https:\/\/www.smartswiss-systems.com\/fr\/produkt\/mohoc-camera-tactique-standard-pour-casque-noire\/","title":{"rendered":"MOHOC\u00ae Cam\u00e9ra tactique standard pour casque \u2013 noire"},"content":{"rendered":"<p><strong>MOHOC Cam\u00e9ra tactique pour casque \u2013 Plate, robuste, pr\u00eate \u00e0 l\u2019emploi<\/strong><\/p>\n<p>La cam\u00e9ra pour casque MOHOC Standard \u2013 Noire a \u00e9t\u00e9 sp\u00e9cialement con\u00e7ue pour un usage professionnel par les militaires, la police, les forces sp\u00e9ciales et les services de s\u00e9curit\u00e9. Avec son design plat et profil\u00e9 (forme CurveLock\u2122), la cam\u00e9ra s\u2019int\u00e8gre parfaitement aux casques d\u2019intervention modernes, tout en restant discr\u00e8te et pr\u00eate \u00e0 l\u2019emploi \u2013 sans \u00eatre encombrante ni limiter la libert\u00e9 de mouvement. <\/p>\n<p>Gr\u00e2ce \u00e0 la certification IP68, la cam\u00e9ra est totalement \u00e9tanche \u00e0 la poussi\u00e8re et \u00e0 l\u2019eau jusqu\u2019\u00e0 10 m\u00e8tres de profondeur et r\u00e9siste aux conditions les plus difficiles telles que les chutes, la pluie, la boue ou les temp\u00e9ratures extr\u00eames. La commande simple et silencieuse \u00e0 une main avec retour de vibration permet une utilisation discr\u00e8te sur le terrain \u2013 m\u00eame avec des gants et en situation de stress. <\/p>\n<p>Avec l\u2019enregistrement vid\u00e9o Full HD (jusqu\u2019\u00e0 1080p\/60fps), les photos de 12MP ainsi que la fonction Time-Lapse, la MOHOC convient non seulement \u00e0 la documentation op\u00e9rationnelle, mais aussi \u00e0 l\u2019analyse et \u00e0 la formation des services de renseignement. Le champ de vision de 140\u00b0 couvre un large \u00e9ventail d\u2019applications sans effet de distorsion. <\/p>\n<p>La cam\u00e9ra peut \u00eatre aliment\u00e9e au choix par la batterie Li-Ion int\u00e9gr\u00e9e ou par deux piles CR123A \u2013 id\u00e9al pour les op\u00e9rations de longue dur\u00e9e ou l\u2019alimentation redondante sur le terrain. Gr\u00e2ce \u00e0 une connexion WLAN crypt\u00e9e, la cam\u00e9ra peut \u00eatre command\u00e9e et surveill\u00e9e en direct avec l\u2019application MOHOC\u00ae (iOS\/Android) et les donn\u00e9es peuvent \u00eatre transf\u00e9r\u00e9es \u2013 utilisable \u00e9galement dans les r\u00e9seaux. <\/p>\n<p><strong>La MOHOC est con\u00e7ue sans compromis pour les exigences tactiques&nbsp;: robuste, intuitive, fiable \u2013 et toujours pr\u00eate \u00e0 l\u2019emploi.<\/strong><\/p>\n","protected":false},"excerpt":{"rendered":"<p>MOHOC Cam\u00e9ra tactique pour casque \u2013 Plate, robuste, pr\u00eate \u00e0 l\u2019emploi La cam\u00e9ra pour casque MOHOC Standard \u2013 Noire a \u00e9t\u00e9 sp\u00e9cialement con\u00e7ue pour un usage professionnel par les militaires, la police, les forces sp\u00e9ciales et les services de s\u00e9curit\u00e9. Avec son design plat et profil\u00e9 (forme CurveLock\u2122), la cam\u00e9ra s\u2019int\u00e8gre parfaitement aux casques d\u2019intervention [&hellip;]<\/p>\n","protected":false},"featured_media":5041,"comment_status":"closed","ping_status":"closed","template":"","meta":[],"product_brand":[],"product_cat":[518,520,529],"product_tag":[],"display-location":[],"class_list":{"0":"post-5033","1":"product","2":"type-product","3":"status-publish","4":"has-post-thumbnail","6":"product_cat-cameras-tactiques-2","7":"product_cat-mohoc-2","8":"product_cat-standard-et-ir","10":"first","11":"instock","12":"taxable","13":"shipping-taxable","14":"product-type-simple"},"tiered_pricing_type":"fixed","tiered_pricing_fixed_rules":[],"tiered_pricing_product_settings":{"layout":"default","base_unit_name":{"singular":null,"plural":null},"default_variation":null},"tiered_pricing_minimum_quantity":null,"tiered_pricing_roles_data":[],"tiered_pricing_percentage_rules":[],"_links":{"self":[{"href":"https:\/\/www.smartswiss-systems.com\/fr\/wp-json\/wp\/v2\/product\/5033","targetHints":{"allow":["GET"]}}],"collection":[{"href":"https:\/\/www.smartswiss-systems.com\/fr\/wp-json\/wp\/v2\/product"}],"about":[{"href":"https:\/\/www.smartswiss-systems.com\/fr\/wp-json\/wp\/v2\/types\/product"}],"replies":[{"embeddable":true,"href":"https:\/\/www.smartswiss-systems.com\/fr\/wp-json\/wp\/v2\/comments?post=5033"}],"wp:featuredmedia":[{"embeddable":true,"href":"https:\/\/www.smartswiss-systems.com\/fr\/wp-json\/wp\/v2\/media\/5041"}],"wp:attachment":[{"href":"https:\/\/www.smartswiss-systems.com\/fr\/wp-json\/wp\/v2\/media?parent=5033"}],"wp:term":[{"taxonomy":"product_brand","embeddable":true,"href":"https:\/\/www.smartswiss-systems.com\/fr\/wp-json\/wp\/v2\/product_brand?post=5033"},{"taxonomy":"product_cat","embeddable":true,"href":"https:\/\/www.smartswiss-systems.com\/fr\/wp-json\/wp\/v2\/product_cat?post=5033"},{"taxonomy":"product_tag","embeddable":true,"href":"https:\/\/www.smartswiss-systems.com\/fr\/wp-json\/wp\/v2\/product_tag?post=5033"},{"taxonomy":"display-location","embeddable":true,"href":"https:\/\/www.smartswiss-systems.com\/fr\/wp-json\/wp\/v2\/display-location?post=5033"}],"curies":[{"name":"wp","href":"https:\/\/api.w.org\/{rel}","templated":true}]}}